{"id":6641,"date":"2023-11-25T17:40:24","date_gmt":"2023-11-25T16:40:24","guid":{"rendered":"http:\/\/oursfurtif.com\/?post_type=product&#038;p=6641"},"modified":"2024-06-06T14:31:50","modified_gmt":"2024-06-06T12:31:50","slug":"tasse-300ml-en-titane","status":"publish","type":"product","link":"https:\/\/oursfurtif.com\/it\/prodotto\/tasse-300ml-en-titane\/","title":{"rendered":"Tasse 300ml en Titane"},"content":{"rendered":"\t\t<div data-elementor-type=\"product-post\" data-elementor-id=\"6641\" class=\"elementor elementor-6641\" data-elementor-post-type=\"product\">\n\t\t\t\t<div class=\"wd-negative-gap elementor-element elementor-element-540f721 e-flex e-con-boxed e-con e-parent\" data-id=\"540f721\" data-element_type=\"container\" data-e-type=\"container\">\n\t\t\t\t\t<div class=\"e-con-inner\">\n\t\t\t\t<div class=\"elementor-element elementor-element-3e4f0b8 elementor-widget elementor-widget-image\" data-id=\"3e4f0b8\" data-element_type=\"widget\" data-e-type=\"widget\" data-widget_type=\"image.default\">\n\t\t\t\t<div class=\"elementor-widget-container\">\n\t\t\t\t\t\t\t\t\t\t\t\t\t\t\t<img decoding=\"async\" src=\"https:\/\/m.media-amazon.com\/images\/S\/aplus-media-library-service-media\/005b3169-941e-49d6-88b8-a58b6150ae9f.__CR0,0,970,600_PT0_SX970_V1___.jpg\" title=\"\" alt=\"tasse en titane,tasse de survie,tasse ext\u00e9rieur\" loading=\"lazy\" \/>\t\t\t\t\t\t\t\t\t\t\t\t\t\t\t<\/div>\n\t\t\t\t<\/div>\n\t\t\t\t<div class=\"elementor-element elementor-element-3b08a42 color-scheme-inherit text-left elementor-widget elementor-widget-text-editor\" data-id=\"3b08a42\" data-element_type=\"widget\" data-e-type=\"widget\" data-widget_type=\"text-editor.default\">\n\t\t\t\t<div class=\"elementor-widget-container\">\n\t\t\t\t\t\t\t\t\t<h2><strong>POURQUOI CHOISIR LA COUPE LIXADA TITANIUM?<\/strong><\/h2><p><strong>Coupe en Titane:<\/strong><\/p><ul><li>Le titane est l\u00e9ger, robuste et r\u00e9sistant \u00e0 la corrosion et peut \u00eatre utilis\u00e9 pendant de nombreuses ann\u00e9es.<\/li><li>Le bord inf\u00e9rieur arrondi facilite le nettoyage et augmente la puissance de chauffage.<\/li><li>Les poign\u00e9es sont pli\u00e9es pour un rangement facile, le titane ne laisse aucune odeur ni go\u00fbt m\u00e9tallique.<\/li><\/ul><p><strong>Taille:<\/strong><\/p><ul><li>Tasse de 300 ml: 73 * 80 mm \/ 2,9 * 3,1 pouces (H * D); Poids: 75g \/ 2,6 oz<\/li><li>Tasse de 350 ml: 76 * 85mm \/ 3.0 * 3.3 pouces (H * D); Poids: 84g \/ 3.0oz<\/li><li>Tasse de 420 ml: 93 * 85 mm \/ 3,7 * 3,3 pouces (H * D); Poids: 90g \/ 3.2 oz<\/li><li>Tasse de 550 ml: 80 * 100 mm \/ 3,1 * 3,9 pouces (H * D); Poids: 106g \/ 3,7 oz<\/li><li>Tasse de 650 ml: 96 * 100 mm \/ 3,8 * 3,9 pouces (H * D); Poids: 112g \/ 3,9 oz<\/li><li>Tasse de 750 ml: 110 * 97 mm \/ 4,3 * 3,8 pouces (H * D); Poids: 121g \/ 4.3oz<\/li><li>Pot de 750 ml: 110 * 100 mm \/ 4,3 * 4,0 pouces (H * D); Poids: 128g<\/li><\/ul><p><strong>Remarque:\u00a0<\/strong>la capacit\u00e9 est le volume de la tasse, la consommation r\u00e9elle est un peu inf\u00e9rieure, notre suggestion est de vendre un peu plus grand.<\/p>\t\t\t\t\t\t\t\t<\/div>\n\t\t\t\t<\/div>\n\t\t\t\t<div class=\"elementor-element elementor-element-35ff794 elementor-widget elementor-widget-image\" data-id=\"35ff794\" data-element_type=\"widget\" data-e-type=\"widget\" data-widget_type=\"image.default\">\n\t\t\t\t<div class=\"elementor-widget-container\">\n\t\t\t\t\t\t\t\t\t\t\t\t\t\t\t<img decoding=\"async\" src=\"https:\/\/m.media-amazon.com\/images\/S\/aplus-media-library-service-media\/b072dfe2-bc7b-4926-aa1f-7cf4e006bc3d.__CR0,0,970,600_PT0_SX970_V1___.jpg\" title=\"\" alt=\"tasse en titane,tasse de survie,tasse ext\u00e9rieur\" loading=\"lazy\" \/>\t\t\t\t\t\t\t\t\t\t\t\t\t\t\t<\/div>\n\t\t\t\t<\/div>\n\t\t\t\t<div class=\"elementor-element elementor-element-64caeac elementor-widget elementor-widget-image\" data-id=\"64caeac\" data-element_type=\"widget\" data-e-type=\"widget\" data-widget_type=\"image.default\">\n\t\t\t\t<div class=\"elementor-widget-container\">\n\t\t\t\t\t\t\t\t\t\t\t\t\t\t\t<img decoding=\"async\" src=\"https:\/\/m.media-amazon.com\/images\/S\/aplus-media-library-service-media\/3844245c-1009-49b8-9121-99c950e7c891.__CR0,0,970,600_PT0_SX970_V1___.jpg\" title=\"\" alt=\"tasse en titane,tasse de survie,tasse ext\u00e9rieur\" loading=\"lazy\" \/>\t\t\t\t\t\t\t\t\t\t\t\t\t\t\t<\/div>\n\t\t\t\t<\/div>\n\t\t\t\t<div class=\"elementor-element elementor-element-a4c39fb elementor-widget__width-initial elementor-widget elementor-widget-image\" data-id=\"a4c39fb\" data-element_type=\"widget\" data-e-type=\"widget\" data-widget_type=\"image.default\">\n\t\t\t\t<div class=\"elementor-widget-container\">\n\t\t\t\t\t\t\t\t\t\t\t\t\t\t\t<img decoding=\"async\" src=\"https:\/\/m.media-amazon.com\/images\/S\/aplus-media\/sc\/a2b36e5f-15ed-4e48-8ccf-b1e27efe9dcc.__CR0,0,300,300_PT0_SX300_V1___.jpg\" title=\"\" alt=\"tasse en titane,tasse de survie,tasse ext\u00e9rieur\" loading=\"lazy\" \/>\t\t\t\t\t\t\t\t\t\t\t\t\t\t\t<\/div>\n\t\t\t\t<\/div>\n\t\t\t\t<div class=\"elementor-element elementor-element-6151650 elementor-widget__width-initial elementor-widget elementor-widget-image\" data-id=\"6151650\" data-element_type=\"widget\" data-e-type=\"widget\" data-widget_type=\"image.default\">\n\t\t\t\t<div class=\"elementor-widget-container\">\n\t\t\t\t\t\t\t\t\t\t\t\t\t\t\t<img decoding=\"async\" src=\"https:\/\/m.media-amazon.com\/images\/S\/aplus-media\/sc\/ac4be8fc-6e64-48fd-976b-3cb25ece8aa8.__CR0,0,300,300_PT0_SX300_V1___.jpg\" title=\"\" alt=\"tasse en titane,tasse de survie,tasse ext\u00e9rieur\" loading=\"lazy\" \/>\t\t\t\t\t\t\t\t\t\t\t\t\t\t\t<\/div>\n\t\t\t\t<\/div>\n\t\t\t\t<div class=\"elementor-element elementor-element-bf1a2a8 elementor-widget__width-initial elementor-widget elementor-widget-image\" data-id=\"bf1a2a8\" data-element_type=\"widget\" data-e-type=\"widget\" data-widget_type=\"image.default\">\n\t\t\t\t<div class=\"elementor-widget-container\">\n\t\t\t\t\t\t\t\t\t\t\t\t\t\t\t<img decoding=\"async\" src=\"https:\/\/m.media-amazon.com\/images\/S\/aplus-media-library-service-media\/ae05e7bf-e31f-4b4f-b477-2fc243356299.__CR0,0,300,300_PT0_SX300_V1___.jpg\" title=\"\" alt=\"tasse en titane,tasse de survie,tasse ext\u00e9rieur\" loading=\"lazy\" \/>\t\t\t\t\t\t\t\t\t\t\t\t\t\t\t<\/div>\n\t\t\t\t<\/div>\n\t\t\t\t<div class=\"elementor-element elementor-element-086a905 text-center elementor-widget__width-initial color-scheme-inherit elementor-widget elementor-widget-text-editor\" data-id=\"086a905\" data-element_type=\"widget\" data-e-type=\"widget\" data-widget_type=\"text-editor.default\">\n\t\t\t\t<div class=\"elementor-widget-container\">\n\t\t\t\t\t\t\t\t\t<h4><strong>Pot en titane:<\/strong><\/h4><p>Ce pot est en titane, super l\u00e9ger et solide. Il a des bords arrondis, un couvercle \u00e0 rabat et des poign\u00e9es rabattables. Avec une capacit\u00e9 de 900 ml ou 1600 ml, ce pot est id\u00e9al pour le camping, la randonn\u00e9e, la randonn\u00e9e et un usage domestique.<\/p>\t\t\t\t\t\t\t\t<\/div>\n\t\t\t\t<\/div>\n\t\t\t\t<div class=\"elementor-element elementor-element-9074c77 elementor-widget__width-initial color-scheme-inherit text-left elementor-widget elementor-widget-text-editor\" data-id=\"9074c77\" data-element_type=\"widget\" data-e-type=\"widget\" data-widget_type=\"text-editor.default\">\n\t\t\t\t<div class=\"elementor-widget-container\">\n\t\t\t\t\t\t\t\t\t<h4><strong>Pot de 750 ML &amp; Tasse et cuill\u00e8re de 420 ML:<\/strong><\/h4><ul><li>Utilisation comme pot: Bords inf\u00e9rieurs arrondis pour un nettoyage facile et un chauffage efficace.<\/li><li>Utilisation comme gobelet \u00e0 eau: les poign\u00e9es peuvent \u00eatre rabattues pour un rangement compact.<\/li><\/ul>\t\t\t\t\t\t\t\t<\/div>\n\t\t\t\t<\/div>\n\t\t\t\t<div class=\"elementor-element elementor-element-dc18796 text-center elementor-widget__width-initial color-scheme-inherit elementor-widget elementor-widget-text-editor\" data-id=\"dc18796\" data-element_type=\"widget\" data-e-type=\"widget\" data-widget_type=\"text-editor.default\">\n\t\t\t\t<div class=\"elementor-widget-container\">\n\t\t\t\t\t\t\t\t\t<h4><strong>L\u00e9ger &amp; portable<\/strong><\/h4><p>Cette cupule en titane est l\u00e9g\u00e8re et durable, et est plus solide que l&#8217;acier. Poign\u00e9e pliante pour un transport facile, parfaite pour les voyages, le camping ou les pique-niques, etc.<\/p>\t\t\t\t\t\t\t\t<\/div>\n\t\t\t\t<\/div>\n\t\t\t\t<div class=\"elementor-element elementor-element-d74865c elementor-widget elementor-widget-image\" data-id=\"d74865c\" data-element_type=\"widget\" data-e-type=\"widget\" data-widget_type=\"image.default\">\n\t\t\t\t<div class=\"elementor-widget-container\">\n\t\t\t\t\t\t\t\t\t\t\t\t\t\t\t<img decoding=\"async\" src=\"https:\/\/m.media-amazon.com\/images\/S\/aplus-media-library-service-media\/c3febb68-faed-4424-bfe9-9837dbc9d358.__CR0,0,970,600_PT0_SX970_V1___.jpg\" title=\"\" alt=\"tasse en titane,tasse de survie,tasse ext\u00e9rieur\" loading=\"lazy\" \/>\t\t\t\t\t\t\t\t\t\t\t\t\t\t\t<\/div>\n\t\t\t\t<\/div>\n\t\t\t\t<div class=\"elementor-element elementor-element-5d54969 elementor-widget elementor-widget-image\" data-id=\"5d54969\" data-element_type=\"widget\" data-e-type=\"widget\" data-widget_type=\"image.default\">\n\t\t\t\t<div class=\"elementor-widget-container\">\n\t\t\t\t\t\t\t\t\t\t\t\t\t\t\t<img decoding=\"async\" src=\"https:\/\/m.media-amazon.com\/images\/S\/aplus-media-library-service-media\/afdca009-85a2-43ee-99ac-6b11b031c468.__CR0,0,970,600_PT0_SX970_V1___.jpg\" title=\"\" alt=\"tasse en titane,tasse de survie,tasse ext\u00e9rieur\" loading=\"lazy\" \/>\t\t\t\t\t\t\t\t\t\t\t\t\t\t\t<\/div>\n\t\t\t\t<\/div>\n\t\t\t\t\t<\/div>\n\t\t\t\t<\/div>\n\t\t\t\t<\/div>\n\t\t","protected":false},"excerpt":{"rendered":"<ul>\n<li>Tasse de survie<\/li>\n<li>Capacit\u00e9 de 300 ml, pour un poids de 75 gr<\/li>\n<li>Fabriqu\u00e9 en titane : L\u00e9ger \/ Solider et r\u00e9sistant \u00e0 la corrosion<\/li>\n<li>Aucun rev\u00eatement chimique, biocompatible, antibact\u00e9rien, sans go\u00fbt et sans odeur<\/li>\n<\/ul>\n","protected":false},"featured_media":8315,"comment_status":"open","ping_status":"closed","template":"","meta":{"_seopress_robots_primary_cat":"none","_seopress_titles_title":"","_seopress_titles_desc":"","_seopress_robots_index":""},"product_brand":[],"product_cat":[21],"product_tag":[125],"class_list":{"0":"post-6641","1":"product","2":"type-product","3":"status-publish","4":"has-post-thumbnail","6":"product_cat-feu-cuisine","7":"product_tag-amazon","9":"first","10":"instock","11":"taxable","12":"shipping-taxable","13":"product-type-external"},"_links":{"self":[{"href":"https:\/\/oursfurtif.com\/it\/wp-json\/wp\/v2\/product\/6641","targetHints":{"allow":["GET"]}}],"collection":[{"href":"https:\/\/oursfurtif.com\/it\/wp-json\/wp\/v2\/product"}],"about":[{"href":"https:\/\/oursfurtif.com\/it\/wp-json\/wp\/v2\/types\/product"}],"replies":[{"embeddable":true,"href":"https:\/\/oursfurtif.com\/it\/wp-json\/wp\/v2\/comments?post=6641"}],"version-history":[{"count":0,"href":"https:\/\/oursfurtif.com\/it\/wp-json\/wp\/v2\/product\/6641\/revisions"}],"wp:featuredmedia":[{"embeddable":true,"href":"https:\/\/oursfurtif.com\/it\/wp-json\/wp\/v2\/media\/8315"}],"wp:attachment":[{"href":"https:\/\/oursfurtif.com\/it\/wp-json\/wp\/v2\/media?parent=6641"}],"wp:term":[{"taxonomy":"product_brand","embeddable":true,"href":"https:\/\/oursfurtif.com\/it\/wp-json\/wp\/v2\/product_brand?post=6641"},{"taxonomy":"product_cat","embeddable":true,"href":"https:\/\/oursfurtif.com\/it\/wp-json\/wp\/v2\/product_cat?post=6641"},{"taxonomy":"product_tag","embeddable":true,"href":"https:\/\/oursfurtif.com\/it\/wp-json\/wp\/v2\/product_tag?post=6641"}],"curies":[{"name":"wp","href":"https:\/\/api.w.org\/{rel}","templated":true}]}}