{"id":39603,"date":"2022-06-21T12:03:20","date_gmt":"2022-06-21T10:03:20","guid":{"rendered":"http:\/\/oursfurtif.com\/produit\/avviamento-del-fuoco-corde-de-jute-souffleur\/"},"modified":"2025-09-24T13:51:39","modified_gmt":"2025-09-24T11:51:39","slug":"avviamento-del-fuoco-corda-di-iuta-soffiatore","status":"publish","type":"product","link":"https:\/\/oursfurtif.com\/it\/prodotto\/avviamento-del-fuoco-corda-di-iuta-soffiatore\/","title":{"rendered":"Avviamento del fuoco &#8211; Corda di iuta + soffiatore"},"content":{"rendered":"\t\t<div data-elementor-type=\"product-post\" data-elementor-id=\"39603\" class=\"elementor elementor-39603 elementor-4843\" data-elementor-post-type=\"product\">\n\t\t\t\t\t\t<section class=\"wd-negative-gap elementor-section elementor-top-section elementor-element elementor-element-56c1d56d elementor-section-content-middle elementor-section-boxed elementor-section-height-default elementor-section-height-default\" data-id=\"56c1d56d\" data-element_type=\"section\" data-e-type=\"section\">\n\t\t\t\t\t\t<div class=\"elementor-container elementor-column-gap-default\">\n\t\t\t\t\t<div class=\"elementor-column elementor-col-50 elementor-top-column elementor-element elementor-element-4e70bf47\" data-id=\"4e70bf47\" data-element_type=\"column\" data-e-type=\"column\" data-settings=\"{&quot;background_background&quot;:&quot;classic&quot;}\">\n\t\t\t<div class=\"elementor-widget-wrap elementor-element-populated\">\n\t\t\t\t\t<div class=\"elementor-background-overlay\"><\/div>\n\t\t\t\t\t\t<div class=\"elementor-element elementor-element-4efcdee9 elementor-widget elementor-widget-image\" data-id=\"4efcdee9\" data-element_type=\"widget\" data-e-type=\"widget\" data-widget_type=\"image.default\">\n\t\t\t\t<div class=\"elementor-widget-container\">\n\t\t\t\t\t\t\t\t\t\t\t\t\t\t\t<img decoding=\"async\" src=\"https:\/\/oursfurtif.com\/wp-content\/uploads\/elementor\/thumbs\/fire-rc6bq6v3a3jrmfzrjmqs40wp7xrgo4b3rbwszxilmw.png\" title=\"fire\" alt=\"Feu de camp au bord de la mer gr\u00e2ce \u00e0 une pierre \u00e0 feu\" class=\"elementor-animation-float\" loading=\"lazy\" \/>\t\t\t\t\t\t\t\t\t\t\t\t\t\t\t<\/div>\n\t\t\t\t<\/div>\n\t\t\t\t\t<\/div>\n\t\t<\/div>\n\t\t\t\t<div class=\"elementor-column elementor-col-50 elementor-top-column elementor-element elementor-element-19a3901e\" data-id=\"19a3901e\" data-element_type=\"column\" data-e-type=\"column\">\n\t\t\t<div class=\"elementor-widget-wrap elementor-element-populated\">\n\t\t\t\t\t\t<div class=\"elementor-element elementor-element-588d37e5 wd-width-100 elementor-widget elementor-widget-wd_title\" data-id=\"588d37e5\" data-element_type=\"widget\" data-e-type=\"widget\" data-widget_type=\"wd_title.default\">\n\t\t\t\t<div class=\"elementor-widget-container\">\n\t\t\t\t\t\t\t<div class=\"title-wrapper wd-set-mb reset-last-child wd-title-color-default wd-title-style-default wd-title-size-default text-left\">\n\n\t\t\t\n\t\t\t<div class=\"liner-continer\">\n\t\t\t\t<h2 class=\"woodmart-title-container title wd-fontsize-l\">Efficiente antipasto di fuoco<\/h2> \n\t\t\t\t\t\t\t<\/div>\n\n\t\t\t\t\t<\/div>\n\t\t\t\t\t\t<\/div>\n\t\t\t\t<\/div>\n\t\t\t\t<div class=\"elementor-element elementor-element-589eaa39 color-scheme-inherit text-left elementor-widget elementor-widget-text-editor\" data-id=\"589eaa39\" data-element_type=\"widget\" data-e-type=\"widget\" data-widget_type=\"text-editor.default\">\n\t\t\t\t<div class=\"elementor-widget-container\">\n\t\t\t\t\t\t\t\t\t<p><span style=\"font-family: Roboto, Arial, Helvetica, sans-serif; font-size: 16px; font-style: normal; font-variant-ligatures: normal; font-variant-caps: normal; font-weight: 400;\">L&#8217;accendifuoco in corda di juta imbevuta di cera con soffiatore \u00e8 facile da trasportare e non occuper\u00e0 spazio nel tuo equipaggiamento da escursionismo, bivacco, trekking o sopravvivenza. Facile da usare, questo accendifuoco naturale diventer\u00e0 indispensabile durante le tue escursioni per accendere semplicemente il fuoco. <\/span><\/p>\t\t\t\t\t\t\t\t<\/div>\n\t\t\t\t<\/div>\n\t\t\t\t\t<\/div>\n\t\t<\/div>\n\t\t\t\t\t<\/div>\n\t\t<\/section>\n\t\t\t\t<section class=\"wd-negative-gap elementor-section elementor-top-section elementor-element elementor-element-628cd336 elementor-section-content-middle elementor-reverse-tablet elementor-reverse-mobile elementor-section-boxed elementor-section-height-default elementor-section-height-default\" data-id=\"628cd336\" data-element_type=\"section\" data-e-type=\"section\">\n\t\t\t\t\t\t<div class=\"elementor-container elementor-column-gap-default\">\n\t\t\t\t\t<div class=\"elementor-column elementor-col-50 elementor-top-column elementor-element elementor-element-cd0074f\" data-id=\"cd0074f\" data-element_type=\"column\" data-e-type=\"column\">\n\t\t\t<div class=\"elementor-widget-wrap elementor-element-populated\">\n\t\t\t\t\t\t<div class=\"elementor-element elementor-element-78d12396 wd-width-100 elementor-widget elementor-widget-wd_title\" data-id=\"78d12396\" data-element_type=\"widget\" data-e-type=\"widget\" data-widget_type=\"wd_title.default\">\n\t\t\t\t<div class=\"elementor-widget-container\">\n\t\t\t\t\t\t\t<div class=\"title-wrapper wd-set-mb reset-last-child wd-title-color-default wd-title-style-default wd-title-size-default text-right\">\n\n\t\t\t\n\t\t\t<div class=\"liner-continer\">\n\t\t\t\t<h2 class=\"woodmart-title-container title wd-fontsize-l\">In qualsiasi condizione<\/h2> \n\t\t\t\t\t\t\t<\/div>\n\n\t\t\t\t\t<\/div>\n\t\t\t\t\t\t<\/div>\n\t\t\t\t<\/div>\n\t\t\t\t<div class=\"elementor-element elementor-element-4bf066c3 text-right color-scheme-inherit elementor-widget elementor-widget-text-editor\" data-id=\"4bf066c3\" data-element_type=\"widget\" data-e-type=\"widget\" data-widget_type=\"text-editor.default\">\n\t\t\t\t<div class=\"elementor-widget-container\">\n\t\t\t\t\t\t\t\t\tCon l&#8217;aiuto del Firesteel, la corda di iuta si accende rapidamente e ad alta temperatura. I tuoi fuochi saranno pi\u00f9 facili da accendere, anche in condizioni estreme (pioggia, umidit\u00e0, vento, neve, gelo). L&#8217;efficacia di questo acciarino \u00e8 dovuta alla cera che impregna la corda, rendendola estremamente efficace, pratica e resistente all&#8217;acqua. Il tubo facilita la presa e il posizionamento della corda sotto la legna da accendere. Una volta acceso il fuoco, puoi usare il tubo per spegnere la corda o usarlo come soffiatore.    \t\t\t\t\t\t\t\t<\/div>\n\t\t\t\t<\/div>\n\t\t\t\t\t<\/div>\n\t\t<\/div>\n\t\t\t\t<div class=\"elementor-column elementor-col-50 elementor-top-column elementor-element elementor-element-617b1c88\" data-id=\"617b1c88\" data-element_type=\"column\" data-e-type=\"column\" data-settings=\"{&quot;background_background&quot;:&quot;classic&quot;}\">\n\t\t\t<div class=\"elementor-widget-wrap elementor-element-populated\">\n\t\t\t\t\t\t<div class=\"elementor-element elementor-element-61d7ecb elementor-widget elementor-widget-image\" data-id=\"61d7ecb\" data-element_type=\"widget\" data-e-type=\"widget\" data-settings=\"{&quot;_animation&quot;:&quot;none&quot;}\" data-widget_type=\"image.default\">\n\t\t\t\t<div class=\"elementor-widget-container\">\n\t\t\t\t\t\t\t\t\t\t\t\t\t\t\t<img decoding=\"async\" src=\"https:\/\/oursfurtif.com\/wp-content\/uploads\/elementor\/thumbs\/firecampsnow2-rc6bq7sxgxl1y1yee55eoio5tbmtvteu3gkah7h7go.jpg\" title=\"firecampsnow2\" alt=\"Feu de camp en hiver\" class=\"elementor-animation-float\" loading=\"lazy\" \/>\t\t\t\t\t\t\t\t\t\t\t\t\t\t\t<\/div>\n\t\t\t\t<\/div>\n\t\t\t\t\t<\/div>\n\t\t<\/div>\n\t\t\t\t\t<\/div>\n\t\t<\/section>\n\t\t\t\t<section class=\"wd-negative-gap elementor-section elementor-top-section elementor-element elementor-element-36fa2fee elementor-section-content-middle elementor-section-boxed elementor-section-height-default elementor-section-height-default\" data-id=\"36fa2fee\" data-element_type=\"section\" data-e-type=\"section\" data-settings=\"{&quot;background_background&quot;:&quot;classic&quot;}\">\n\t\t\t\t\t\t<div class=\"elementor-container elementor-column-gap-default\">\n\t\t\t\t\t<div class=\"elementor-column elementor-col-100 elementor-top-column elementor-element elementor-element-46551da3\" data-id=\"46551da3\" data-element_type=\"column\" data-e-type=\"column\">\n\t\t\t<div class=\"elementor-widget-wrap elementor-element-populated\">\n\t\t\t\t\t\t<div class=\"elementor-element elementor-element-40668c78 wd-width-100 elementor-widget elementor-widget-wd_title\" data-id=\"40668c78\" data-element_type=\"widget\" data-e-type=\"widget\" data-widget_type=\"wd_title.default\">\n\t\t\t\t<div class=\"elementor-widget-container\">\n\t\t\t\t\t\t\t<div class=\"title-wrapper wd-set-mb reset-last-child wd-title-color-default wd-title-style-image wd-title-size-extra-large text-center\">\n\n\t\t\t\n\t\t\t<div class=\"liner-continer\">\n\t\t\t\t<h4 class=\"woodmart-title-container title wd-fontsize-xxxl\">Caratteristiche<\/h4> \n\t\t\t\t\t\t\t\t\t<span class=\"img-wrapper\"><img decoding=\"async\" width=\"45\" height=\"45\" src=\"https:\/\/oursfurtif.com\/wp-content\/uploads\/2021\/01\/Fire_03_green-45x45.png\" class=\"attachment-x45 size-x45\" alt=\"Icon pierre \u00e0 feu\" srcset=\"https:\/\/oursfurtif.com\/wp-content\/uploads\/2021\/01\/Fire_03_green-45x45.png 45w, https:\/\/oursfurtif.com\/wp-content\/uploads\/2021\/01\/Fire_03_green.png 100w\" sizes=\"(max-width: 45px) 100vw, 45px\" \/><\/span>\t\t\t\t\t\t\t<\/div>\n\n\t\t\t\t\t\t\t<div class=\"title-after_title reset-last-child wd-fontsize-s\">\n\t\t\t\t\t<p>Un accendifuoco che funziona in ogni condizione atmosferica<\/p>\t\t\t\t<\/div>\n\t\t\t\t\t<\/div>\n\t\t\t\t\t\t<\/div>\n\t\t\t\t<\/div>\n\t\t\t\t<section class=\"wd-negative-gap elementor-section elementor-inner-section elementor-element elementor-element-6ca0996f elementor-section-content-middle elementor-section-boxed elementor-section-height-default elementor-section-height-default\" data-id=\"6ca0996f\" data-element_type=\"section\" data-e-type=\"section\">\n\t\t\t\t\t\t<div class=\"elementor-container elementor-column-gap-extended\">\n\t\t\t\t\t<div class=\"elementor-column elementor-col-33 elementor-inner-column elementor-element elementor-element-3b10228c\" data-id=\"3b10228c\" data-element_type=\"column\" data-e-type=\"column\">\n\t\t\t<div class=\"elementor-widget-wrap elementor-element-populated\">\n\t\t\t\t\t\t<div class=\"elementor-element elementor-element-69c55098 elementor-widget elementor-widget-wd_infobox\" data-id=\"69c55098\" data-element_type=\"widget\" data-e-type=\"widget\" data-widget_type=\"wd_infobox.default\">\n\t\t\t\t<div class=\"elementor-widget-container\">\n\t\t\t\t\t\t\t<div class=\"info-box-wrapper\">\n\t\t\t<div class=\"wd-info-box text-right box-icon-align-right box-style-base color-scheme- wd-items-top\">\n\t\t\t\t\t\t\t\t\t<div class=\"box-icon-wrapper  box-with-text text-size-default box-icon-simple\">\n\t\t\t\t\t\t<div class=\"info-box-icon\">\n\t\t\t\t\t\t\t\t\t\t\t\t\t\t\t1\t\t\t\t\t\t\t\t\t\t\t\t\t<\/div>\n\t\t\t\t\t<\/div>\n\t\t\t\t\n\t\t\t\t<div class=\"info-box-content\">\n\t\t\t\t\t\n\t\t\t\t\t\t\t\t\t\t\t<h4\t\t\t\t\t\tclass=\"info-box-title title box-title-style-default wd-fontsize-m\" data-elementor-setting-key=\"title\">\n\t\t\t\t\t\t\t\tEfficienza\t\t\t\t\t\t<\/h4>\n\t\t\t\t\t\n\t\t\t\t\t<div class=\"info-box-inner reset-last-child\"data-elementor-setting-key=\"content\"><p>Funziona perfettamente in tutte le <strong>condizioni atmosferiche<\/strong> (pioggia intensa, freddo, vento, neve)<\/p>\n<\/div>\n\n\t\t\t\t\t\t\t\t\t<\/div>\n\n\t\t\t\t\t\t\t<\/div>\n\t\t<\/div>\n\t\t\t\t\t\t<\/div>\n\t\t\t\t<\/div>\n\t\t\t\t<div class=\"elementor-element elementor-element-32b395e0 elementor-widget elementor-widget-wd_infobox\" data-id=\"32b395e0\" data-element_type=\"widget\" data-e-type=\"widget\" data-widget_type=\"wd_infobox.default\">\n\t\t\t\t<div class=\"elementor-widget-container\">\n\t\t\t\t\t\t\t<div class=\"info-box-wrapper\">\n\t\t\t<div class=\"wd-info-box text-right box-icon-align-right box-style-base color-scheme- wd-items-top\">\n\t\t\t\t\t\t\t\t\t<div class=\"box-icon-wrapper  box-with-text text-size-default box-icon-simple\">\n\t\t\t\t\t\t<div class=\"info-box-icon\">\n\t\t\t\t\t\t\t\t\t\t\t\t\t\t\t2\t\t\t\t\t\t\t\t\t\t\t\t\t<\/div>\n\t\t\t\t\t<\/div>\n\t\t\t\t\n\t\t\t\t<div class=\"info-box-content\">\n\t\t\t\t\t\n\t\t\t\t\t\t\t\t\t\t\t<h4\t\t\t\t\t\tclass=\"info-box-title title box-title-style-default wd-fontsize-m\" data-elementor-setting-key=\"title\">\n\t\t\t\t\t\t\t\tResistente all'acqua\t\t\t\t\t\t<\/h4>\n\t\t\t\t\t\n\t\t\t\t\t<div class=\"info-box-inner reset-last-child\"data-elementor-setting-key=\"content\"><p><span style=\"font-size: 15px;\">Anche se <strong>bagnato,<\/strong> questo accendifuoco rimane <b>efficace <\/b>e si accende.<\/span><\/p>\n<\/div>\n\n\t\t\t\t\t\t\t\t\t<\/div>\n\n\t\t\t\t\t\t\t<\/div>\n\t\t<\/div>\n\t\t\t\t\t\t<\/div>\n\t\t\t\t<\/div>\n\t\t\t\t<div class=\"elementor-element elementor-element-715ca0d elementor-widget elementor-widget-wd_infobox\" data-id=\"715ca0d\" data-element_type=\"widget\" data-e-type=\"widget\" data-widget_type=\"wd_infobox.default\">\n\t\t\t\t<div class=\"elementor-widget-container\">\n\t\t\t\t\t\t\t<div class=\"info-box-wrapper\">\n\t\t\t<div class=\"wd-info-box text-right box-icon-align-right box-style-base color-scheme- wd-items-top\">\n\t\t\t\t\t\t\t\t\t<div class=\"box-icon-wrapper  box-with-text text-size-default box-icon-simple\">\n\t\t\t\t\t\t<div class=\"info-box-icon\">\n\t\t\t\t\t\t\t\t\t\t\t\t\t\t\t3\t\t\t\t\t\t\t\t\t\t\t\t\t<\/div>\n\t\t\t\t\t<\/div>\n\t\t\t\t\n\t\t\t\t<div class=\"info-box-content\">\n\t\t\t\t\t\n\t\t\t\t\t\t\t\t\t\t\t<h4\t\t\t\t\t\tclass=\"info-box-title title box-title-style-default wd-fontsize-m\" data-elementor-setting-key=\"title\">\n\t\t\t\t\t\t\t\tSemplice e veloce\t\t\t\t\t\t<\/h4>\n\t\t\t\t\t\n\t\t\t\t\t<div class=\"info-box-inner reset-last-child\"data-elementor-setting-key=\"content\"><p>Accendi il fuoco pi\u00f9 <strong>rapidamente<\/strong>, grazie a un acciarino <strong>facile da accendere<\/strong>.<\/p>\n<\/div>\n\n\t\t\t\t\t\t\t\t\t<\/div>\n\n\t\t\t\t\t\t\t<\/div>\n\t\t<\/div>\n\t\t\t\t\t\t<\/div>\n\t\t\t\t<\/div>\n\t\t\t\t\t<\/div>\n\t\t<\/div>\n\t\t\t\t<div class=\"elementor-column elementor-col-33 elementor-inner-column elementor-element elementor-element-6e393ed2\" data-id=\"6e393ed2\" data-element_type=\"column\" data-e-type=\"column\">\n\t\t\t<div class=\"elementor-widget-wrap elementor-element-populated\">\n\t\t\t\t\t\t<div class=\"elementor-element elementor-element-78820228 elementor-widget elementor-widget-image\" data-id=\"78820228\" data-element_type=\"widget\" data-e-type=\"widget\" data-widget_type=\"image.default\">\n\t\t\t\t<div class=\"elementor-widget-container\">\n\t\t\t\t\t\t\t\t\t\t\t\t\t\t\t<img decoding=\"async\" width=\"768\" height=\"768\" src=\"https:\/\/oursfurtif.com\/wp-content\/uploads\/2022\/06\/fire_tinder_jute_rope_below-768x768.png\" class=\"attachment-medium_large size-medium_large wp-image-39605\" alt=\"corda di iuta e soffiatore per accendere il fuoco\" srcset=\"https:\/\/oursfurtif.com\/wp-content\/uploads\/2022\/06\/fire_tinder_jute_rope_below-768x768.png 768w, https:\/\/oursfurtif.com\/wp-content\/uploads\/2022\/06\/fire_tinder_jute_rope_below-600x600.png 600w, https:\/\/oursfurtif.com\/wp-content\/uploads\/2022\/06\/fire_tinder_jute_rope_below-150x150.png 150w, https:\/\/oursfurtif.com\/wp-content\/uploads\/2022\/06\/fire_tinder_jute_rope_below-1200x1200.png 1200w, https:\/\/oursfurtif.com\/wp-content\/uploads\/2022\/06\/fire_tinder_jute_rope_below-300x300.png 300w, https:\/\/oursfurtif.com\/wp-content\/uploads\/2022\/06\/fire_tinder_jute_rope_below-1024x1024.png 1024w, https:\/\/oursfurtif.com\/wp-content\/uploads\/2022\/06\/fire_tinder_jute_rope_below-1536x1536.png 1536w, https:\/\/oursfurtif.com\/wp-content\/uploads\/2022\/06\/fire_tinder_jute_rope_below.png 2048w\" sizes=\"(max-width: 768px) 100vw, 768px\" \/>\t\t\t\t\t\t\t\t\t\t\t\t\t\t\t<\/div>\n\t\t\t\t<\/div>\n\t\t\t\t\t<\/div>\n\t\t<\/div>\n\t\t\t\t<div class=\"elementor-column elementor-col-33 elementor-inner-column elementor-element elementor-element-20811c03\" data-id=\"20811c03\" data-element_type=\"column\" data-e-type=\"column\">\n\t\t\t<div class=\"elementor-widget-wrap elementor-element-populated\">\n\t\t\t\t\t\t<div class=\"elementor-element elementor-element-74afd9fa elementor-widget elementor-widget-wd_infobox\" data-id=\"74afd9fa\" data-element_type=\"widget\" data-e-type=\"widget\" data-widget_type=\"wd_infobox.default\">\n\t\t\t\t<div class=\"elementor-widget-container\">\n\t\t\t\t\t\t\t<div class=\"info-box-wrapper\">\n\t\t\t<div class=\"wd-info-box text-left box-icon-align-left box-style-base color-scheme- wd-items-top\">\n\t\t\t\t\t\t\t\t\t<div class=\"box-icon-wrapper  box-with-text text-size-default box-icon-simple\">\n\t\t\t\t\t\t<div class=\"info-box-icon\">\n\t\t\t\t\t\t\t\t\t\t\t\t\t\t\t4\t\t\t\t\t\t\t\t\t\t\t\t\t<\/div>\n\t\t\t\t\t<\/div>\n\t\t\t\t\n\t\t\t\t<div class=\"info-box-content\">\n\t\t\t\t\t\n\t\t\t\t\t\t\t\t\t\t\t<h4\t\t\t\t\t\tclass=\"info-box-title title box-title-style-default wd-fontsize-m\" data-elementor-setting-key=\"title\">\n\t\t\t\t\t\t\t\tCombustione lenta\t\t\t\t\t\t<\/h4>\n\t\t\t\t\t\n\t\t\t\t\t<div class=\"info-box-inner reset-last-child\"data-elementor-setting-key=\"content\"><p>Brucia pi\u00f9 <strong>lentamente<\/strong> del cotone o di altre fibre, quindi puoi accendere <strong>pi\u00f9<\/strong> fuochi.<\/p>\n<\/div>\n\n\t\t\t\t\t\t\t\t\t<\/div>\n\n\t\t\t\t\t\t\t<\/div>\n\t\t<\/div>\n\t\t\t\t\t\t<\/div>\n\t\t\t\t<\/div>\n\t\t\t\t<div class=\"elementor-element elementor-element-37879169 elementor-widget elementor-widget-wd_infobox\" data-id=\"37879169\" data-element_type=\"widget\" data-e-type=\"widget\" data-widget_type=\"wd_infobox.default\">\n\t\t\t\t<div class=\"elementor-widget-container\">\n\t\t\t\t\t\t\t<div class=\"info-box-wrapper\">\n\t\t\t<div class=\"wd-info-box text-left box-icon-align-left box-style-base color-scheme- wd-items-top\">\n\t\t\t\t\t\t\t\t\t<div class=\"box-icon-wrapper  box-with-text text-size-default box-icon-simple\">\n\t\t\t\t\t\t<div class=\"info-box-icon\">\n\t\t\t\t\t\t\t\t\t\t\t\t\t\t\t5\t\t\t\t\t\t\t\t\t\t\t\t\t<\/div>\n\t\t\t\t\t<\/div>\n\t\t\t\t\n\t\t\t\t<div class=\"info-box-content\">\n\t\t\t\t\t\n\t\t\t\t\t\t\t\t\t\t\t<h4\t\t\t\t\t\tclass=\"info-box-title title box-title-style-default wd-fontsize-m\" data-elementor-setting-key=\"title\">\n\t\t\t\t\t\t\t\tEcologico e responsabile\t\t\t\t\t\t<\/h4>\n\t\t\t\t\t\n\t\t\t\t\t<div class=\"info-box-inner reset-last-child\"data-elementor-setting-key=\"content\"><p>Prodotto <strong>naturale<\/strong> realizzato con corda di juta e cera<\/p>\n<\/div>\n\n\t\t\t\t\t\t\t\t\t<\/div>\n\n\t\t\t\t\t\t\t<\/div>\n\t\t<\/div>\n\t\t\t\t\t\t<\/div>\n\t\t\t\t<\/div>\n\t\t\t\t\t<\/div>\n\t\t<\/div>\n\t\t\t\t\t<\/div>\n\t\t<\/section>\n\t\t\t\t\t<\/div>\n\t\t<\/div>\n\t\t\t\t\t<\/div>\n\t\t<\/section>\n\t\t\t\t<\/div>\n\t\t","protected":false},"excerpt":{"rendered":"<ul>\n<li>Efficace in tutte le condizioni (pioggia intensa, freddo, vento, neve)<\/li>\n<li>Si accende anche dopo essere stato a contatto con l&#8217;acqua<\/li>\n<li>Facile e veloce da accendere<\/li>\n<li>Tempo di combustione pi\u00f9 lungo<\/li>\n<li>Nessun prodotto chimico: corda di iuta e cera naturale<\/li>\n<\/ul>\n","protected":false},"featured_media":34656,"comment_status":"open","ping_status":"closed","template":"","meta":{"_seopress_robots_primary_cat":"none","_seopress_titles_title":"Avviatore di fuoco Bushcraft - Corda di iuta + soffiatore","_seopress_titles_desc":"Utilizzando la Pietra Focaia, lo stoppino si accende rapidamente e ad alta temperatura. Resistente all'acqua, \u00e8 lo strumento perfetto per accendere il fuoco.","_seopress_robots_index":""},"product_brand":[],"product_cat":[185,203],"product_tag":[],"class_list":{"0":"post-39603","1":"product","2":"type-product","3":"status-publish","4":"has-post-thumbnail","6":"product_cat-accendifuoco","7":"product_cat-fuoco-cucina","9":"first","10":"instock","11":"taxable","12":"shipping-taxable","13":"purchasable","14":"product-type-simple"},"_links":{"self":[{"href":"https:\/\/oursfurtif.com\/it\/wp-json\/wp\/v2\/product\/39603","targetHints":{"allow":["GET"]}}],"collection":[{"href":"https:\/\/oursfurtif.com\/it\/wp-json\/wp\/v2\/product"}],"about":[{"href":"https:\/\/oursfurtif.com\/it\/wp-json\/wp\/v2\/types\/product"}],"replies":[{"embeddable":true,"href":"https:\/\/oursfurtif.com\/it\/wp-json\/wp\/v2\/comments?post=39603"}],"version-history":[{"count":0,"href":"https:\/\/oursfurtif.com\/it\/wp-json\/wp\/v2\/product\/39603\/revisions"}],"wp:featuredmedia":[{"embeddable":true,"href":"https:\/\/oursfurtif.com\/it\/wp-json\/wp\/v2\/media\/34656"}],"wp:attachment":[{"href":"https:\/\/oursfurtif.com\/it\/wp-json\/wp\/v2\/media?parent=39603"}],"wp:term":[{"taxonomy":"product_brand","embeddable":true,"href":"https:\/\/oursfurtif.com\/it\/wp-json\/wp\/v2\/product_brand?post=39603"},{"taxonomy":"product_cat","embeddable":true,"href":"https:\/\/oursfurtif.com\/it\/wp-json\/wp\/v2\/product_cat?post=39603"},{"taxonomy":"product_tag","embeddable":true,"href":"https:\/\/oursfurtif.com\/it\/wp-json\/wp\/v2\/product_tag?post=39603"}],"curies":[{"name":"wp","href":"https:\/\/api.w.org\/{rel}","templated":true}]}}