{"id":8348,"date":"2024-06-06T15:49:03","date_gmt":"2024-06-06T13:49:03","guid":{"rendered":"http:\/\/oursfurtif.com\/?post_type=product&#038;p=8348"},"modified":"2024-06-06T19:39:41","modified_gmt":"2024-06-06T17:39:41","slug":"sac-de-couchage-urgence-thermique-impermeable","status":"publish","type":"product","link":"https:\/\/oursfurtif.com\/es\/producto\/sac-de-couchage-urgence-thermique-impermeable\/","title":{"rendered":"Sac de Couchage d&#8217;Urgence &#8211; Thermique &#038; Imperm\u00e9able"},"content":{"rendered":"\t\t<div data-elementor-type=\"product-post\" data-elementor-id=\"8348\" class=\"elementor elementor-8348\" data-elementor-post-type=\"product\">\n\t\t\t\t<div class=\"elementor-element elementor-element-cc4016c e-con-full e-flex e-con e-parent\" data-id=\"cc4016c\" data-element_type=\"container\" data-e-type=\"container\">\n\t\t\t\t<div class=\"elementor-element elementor-element-7c73b58 elementor-widget elementor-widget-image\" data-id=\"7c73b58\" data-element_type=\"widget\" data-e-type=\"widget\" data-widget_type=\"image.default\">\n\t\t\t\t<div class=\"elementor-widget-container\">\n\t\t\t\t\t\t\t\t\t\t\t\t\t\t\t<img decoding=\"async\" src=\"https:\/\/m.media-amazon.com\/images\/S\/aplus-media\/sc\/d7f38e5e-ad0a-4b03-9947-254879991c19.__CR0,0,970,600_PT0_SX970_V1___.jpg\" title=\"\" alt=\"Sac de Couchage d&amp;#039;Urgence\" loading=\"lazy\" \/>\t\t\t\t\t\t\t\t\t\t\t\t\t\t\t<\/div>\n\t\t\t\t<\/div>\n\t\t\t\t<div class=\"elementor-element elementor-element-4250b31 elementor-widget__width-initial elementor-widget elementor-widget-image\" data-id=\"4250b31\" data-element_type=\"widget\" data-e-type=\"widget\" data-widget_type=\"image.default\">\n\t\t\t\t<div class=\"elementor-widget-container\">\n\t\t\t\t\t\t\t\t\t\t\t\t\t\t\t<img decoding=\"async\" src=\"https:\/\/m.media-amazon.com\/images\/S\/aplus-media\/sc\/36f3eacd-87c3-406b-85c1-342fd7d90090.__CR0,0,300,300_PT0_SX300_V1___.jpg\" title=\"\" alt=\"Sac de Couchage d&amp;#039;Urgence\" loading=\"lazy\" \/>\t\t\t\t\t\t\t\t\t\t\t\t\t\t\t<\/div>\n\t\t\t\t<\/div>\n\t\t\t\t<div class=\"elementor-element elementor-element-42ea635 elementor-widget__width-initial elementor-widget elementor-widget-image\" data-id=\"42ea635\" data-element_type=\"widget\" data-e-type=\"widget\" data-widget_type=\"image.default\">\n\t\t\t\t<div class=\"elementor-widget-container\">\n\t\t\t\t\t\t\t\t\t\t\t\t\t\t\t<img decoding=\"async\" src=\"https:\/\/m.media-amazon.com\/images\/S\/aplus-media\/sc\/20d1d05a-b1e4-4e5b-b357-72c3dd3636a1.__CR0,0,300,300_PT0_SX300_V1___.jpg\" title=\"\" alt=\"Sac de Couchage d&amp;#039;Urgence\" loading=\"lazy\" \/>\t\t\t\t\t\t\t\t\t\t\t\t\t\t\t<\/div>\n\t\t\t\t<\/div>\n\t\t\t\t<div class=\"elementor-element elementor-element-4a895d6 elementor-widget__width-initial elementor-widget elementor-widget-image\" data-id=\"4a895d6\" data-element_type=\"widget\" data-e-type=\"widget\" data-widget_type=\"image.default\">\n\t\t\t\t<div class=\"elementor-widget-container\">\n\t\t\t\t\t\t\t\t\t\t\t\t\t\t\t<img decoding=\"async\" src=\"https:\/\/m.media-amazon.com\/images\/S\/aplus-media\/sc\/86c6640d-bc52-4514-92e9-e9680727d689.__CR0,0,300,300_PT0_SX300_V1___.jpg\" title=\"\" alt=\"Sac de Couchage d&amp;#039;Urgence\" loading=\"lazy\" \/>\t\t\t\t\t\t\t\t\t\t\t\t\t\t\t<\/div>\n\t\t\t\t<\/div>\n\t\t\t\t<div class=\"elementor-element elementor-element-1fd8e71 elementor-widget__width-initial color-scheme-inherit text-left elementor-widget elementor-widget-text-editor\" data-id=\"1fd8e71\" data-element_type=\"widget\" data-e-type=\"widget\" data-widget_type=\"text-editor.default\">\n\t\t\t\t<div class=\"elementor-widget-container\">\n\t\t\t\t\t\t\t\t\t<p><strong>R\u00e9sistance au d\u00e9chirement<\/strong><\/p>\t\t\t\t\t\t\t\t<\/div>\n\t\t\t\t<\/div>\n\t\t\t\t<div class=\"elementor-element elementor-element-132e4f3 elementor-widget__width-initial color-scheme-inherit text-left elementor-widget elementor-widget-text-editor\" data-id=\"132e4f3\" data-element_type=\"widget\" data-e-type=\"widget\" data-widget_type=\"text-editor.default\">\n\t\t\t\t<div class=\"elementor-widget-container\">\n\t\t\t\t\t\t\t\t\t<p><strong>Sifflet de survie pour obtenir de l&#8217;aide<\/strong><\/p>\t\t\t\t\t\t\t\t<\/div>\n\t\t\t\t<\/div>\n\t\t\t\t<div class=\"elementor-element elementor-element-410029b elementor-widget__width-initial color-scheme-inherit text-left elementor-widget elementor-widget-text-editor\" data-id=\"410029b\" data-element_type=\"widget\" data-e-type=\"widget\" data-widget_type=\"text-editor.default\">\n\t\t\t\t<div class=\"elementor-widget-container\">\n\t\t\t\t\t\t\t\t\t<p><strong>L\u00e9ger et compact<\/strong><\/p>\t\t\t\t\t\t\t\t<\/div>\n\t\t\t\t<\/div>\n\t\t\t\t<div class=\"elementor-element elementor-element-183db77 elementor-widget__width-initial elementor-widget elementor-widget-image\" data-id=\"183db77\" data-element_type=\"widget\" data-e-type=\"widget\" data-widget_type=\"image.default\">\n\t\t\t\t<div class=\"elementor-widget-container\">\n\t\t\t\t\t\t\t\t\t\t\t\t\t\t\t<img decoding=\"async\" src=\"https:\/\/m.media-amazon.com\/images\/S\/aplus-media\/sc\/d3bf8a89-b6d7-45d6-9c30-9a77b71a24ae.__CR0,0,300,300_PT0_SX300_V1___.jpg\" title=\"\" alt=\"Sac de Couchage d&amp;#039;Urgence\" loading=\"lazy\" \/>\t\t\t\t\t\t\t\t\t\t\t\t\t\t\t<\/div>\n\t\t\t\t<\/div>\n\t\t\t\t<div class=\"elementor-element elementor-element-df8addd elementor-widget__width-initial color-scheme-inherit text-left elementor-widget elementor-widget-text-editor\" data-id=\"df8addd\" data-element_type=\"widget\" data-e-type=\"widget\" data-widget_type=\"text-editor.default\">\n\t\t\t\t<div class=\"elementor-widget-container\">\n\t\t\t\t\t\t\t\t\t<p><strong>Emballage inclus:<\/strong><\/p><p>2 \u00d7 sac de couchage d&#8217;urgence avec sifflet<\/p><p>Sp\u00e9cification:<\/p><p>Mat\u00e9riel: Mylar de s\u00e9curit\u00e9<\/p><p>Taille du produit: 200 \u00d7 120 cm<\/p><p>(Assez grand pour 2 adultes)<\/p><p>Poids: 4,6 onces<\/p>\t\t\t\t\t\t\t\t<\/div>\n\t\t\t\t<\/div>\n\t\t\t\t<div class=\"elementor-element elementor-element-8725c19 elementor-widget__width-initial elementor-widget elementor-widget-image\" data-id=\"8725c19\" data-element_type=\"widget\" data-e-type=\"widget\" data-widget_type=\"image.default\">\n\t\t\t\t<div class=\"elementor-widget-container\">\n\t\t\t\t\t\t\t\t\t\t\t\t\t\t\t<img decoding=\"async\" src=\"https:\/\/m.media-amazon.com\/images\/S\/aplus-media\/sc\/1402563f-d2e8-4136-992c-77892e0c2e49.__CR0,0,300,300_PT0_SX300_V1___.jpg\" title=\"\" alt=\"Sac de Couchage d&amp;#039;Urgence\" loading=\"lazy\" \/>\t\t\t\t\t\t\t\t\t\t\t\t\t\t\t<\/div>\n\t\t\t\t<\/div>\n\t\t\t\t<div class=\"elementor-element elementor-element-5a7e802 elementor-widget__width-initial elementor-widget elementor-widget-image\" data-id=\"5a7e802\" data-element_type=\"widget\" data-e-type=\"widget\" data-widget_type=\"image.default\">\n\t\t\t\t<div class=\"elementor-widget-container\">\n\t\t\t\t\t\t\t\t\t\t\t\t\t\t\t<img decoding=\"async\" src=\"https:\/\/m.media-amazon.com\/images\/S\/aplus-media\/sc\/f5071a45-d25a-4fe3-a8cc-b3d9260d8cc9.__CR0,0,300,300_PT0_SX300_V1___.jpg\" title=\"\" alt=\"Sac de Couchage d&amp;#039;Urgence\" loading=\"lazy\" \/>\t\t\t\t\t\t\t\t\t\t\t\t\t\t\t<\/div>\n\t\t\t\t<\/div>\n\t\t\t\t<div class=\"elementor-element elementor-element-8f8673d elementor-widget__width-initial elementor-widget elementor-widget-image\" data-id=\"8f8673d\" data-element_type=\"widget\" data-e-type=\"widget\" data-widget_type=\"image.default\">\n\t\t\t\t<div class=\"elementor-widget-container\">\n\t\t\t\t\t\t\t\t\t\t\t\t\t\t\t<img decoding=\"async\" src=\"https:\/\/m.media-amazon.com\/images\/S\/aplus-media\/sc\/a0825f40-f4c9-4950-b6b5-c0a21c357eef.__CR0,0,300,300_PT0_SX300_V1___.jpg\" title=\"\" alt=\"Sac de Couchage d&amp;#039;Urgence\" loading=\"lazy\" \/>\t\t\t\t\t\t\t\t\t\t\t\t\t\t\t<\/div>\n\t\t\t\t<\/div>\n\t\t\t\t<div class=\"elementor-element elementor-element-43ca7b7 elementor-widget__width-initial color-scheme-inherit text-left elementor-widget elementor-widget-text-editor\" data-id=\"43ca7b7\" data-element_type=\"widget\" data-e-type=\"widget\" data-widget_type=\"text-editor.default\">\n\t\t\t\t<div class=\"elementor-widget-container\">\n\t\t\t\t\t\t\t\t\t<strong>Camping sauvage<\/strong>\t\t\t\t\t\t\t\t<\/div>\n\t\t\t\t<\/div>\n\t\t\t\t<div class=\"elementor-element elementor-element-1099be9 elementor-widget__width-initial color-scheme-inherit text-left elementor-widget elementor-widget-text-editor\" data-id=\"1099be9\" data-element_type=\"widget\" data-e-type=\"widget\" data-widget_type=\"text-editor.default\">\n\t\t\t\t<div class=\"elementor-widget-container\">\n\t\t\t\t\t\t\t\t\t<strong>Sauvetage d&#8217;urgence<\/strong>\t\t\t\t\t\t\t\t<\/div>\n\t\t\t\t<\/div>\n\t\t\t\t<div class=\"elementor-element elementor-element-5f53f43 elementor-widget__width-initial color-scheme-inherit text-left elementor-widget elementor-widget-text-editor\" data-id=\"5f53f43\" data-element_type=\"widget\" data-e-type=\"widget\" data-widget_type=\"text-editor.default\">\n\t\t\t\t<div class=\"elementor-widget-container\">\n\t\t\t\t\t\t\t\t\t<strong>Survie dans la nature<\/strong>\t\t\t\t\t\t\t\t<\/div>\n\t\t\t\t<\/div>\n\t\t\t\t<div class=\"elementor-element elementor-element-67bf8cb elementor-widget__width-initial elementor-widget elementor-widget-image\" data-id=\"67bf8cb\" data-element_type=\"widget\" data-e-type=\"widget\" data-widget_type=\"image.default\">\n\t\t\t\t<div class=\"elementor-widget-container\">\n\t\t\t\t\t\t\t\t\t\t\t\t\t\t\t<img decoding=\"async\" src=\"https:\/\/m.media-amazon.com\/images\/S\/aplus-media\/sc\/269369ad-c7c9-4a34-8883-78f48e1b1986.__CR0,0,970,600_PT0_SX970_V1___.jpg\" title=\"\" alt=\"Sac de Couchage d&amp;#039;Urgence\" loading=\"lazy\" \/>\t\t\t\t\t\t\t\t\t\t\t\t\t\t\t<\/div>\n\t\t\t\t<\/div>\n\t\t\t\t<div class=\"elementor-element elementor-element-d06b4c3 elementor-widget__width-initial elementor-widget elementor-widget-image\" data-id=\"d06b4c3\" data-element_type=\"widget\" data-e-type=\"widget\" data-widget_type=\"image.default\">\n\t\t\t\t<div class=\"elementor-widget-container\">\n\t\t\t\t\t\t\t\t\t\t\t\t\t\t\t<img decoding=\"async\" src=\"https:\/\/m.media-amazon.com\/images\/S\/aplus-media\/sc\/ddd94017-9379-4d74-a914-d94567dbe080.__CR0,0,970,600_PT0_SX970_V1___.jpg\" title=\"\" alt=\"Sac de Couchage d&amp;#039;Urgence\" loading=\"lazy\" \/>\t\t\t\t\t\t\t\t\t\t\t\t\t\t\t<\/div>\n\t\t\t\t<\/div>\n\t\t\t\t<\/div>\n\t\t\t\t<\/div>\n\t\t","protected":false},"excerpt":{"rendered":"<ul>\n<li><strong>Urgence Essentielle<\/strong> : Un sac de couchage d&#8217;urgence essentiel pour les situations critiques telles que les catastrophes naturelles ou les accidents.<\/li>\n<li><strong>Robuste et R\u00e9sistant<\/strong> : Fabriqu\u00e9 en mylar durable, r\u00e9sistant \u00e0 l&#8217;eau, au vent et \u00e0 la d\u00e9chirure pour une protection fiable dans toutes les conditions m\u00e9t\u00e9orologiques.<\/li>\n<li><strong>Haute Visibilit\u00e9<\/strong> : Sa couleur orange vif et sa surface r\u00e9fl\u00e9chissante assurent une visibilit\u00e9 cruciale, aidant les secouristes \u00e0 vous rep\u00e9rer facilement.<\/li>\n<li><strong>Compact et Portable<\/strong> : Livr\u00e9 avec un sac de rangement pratique pour un transport facile, id\u00e9al pour garder dans votre voiture ou accroch\u00e9 \u00e0 votre moto.<\/li>\n<li><strong>Signal de D\u00e9tresse<\/strong> : \u00c9quip\u00e9 d&#8217;un sifflet de survie de 120 dB pour un signal d&#8217;urgence fort et clair, m\u00eame en cas de situations extr\u00eames.<\/li>\n<\/ul>\n","protected":false},"featured_media":8351,"comment_status":"open","ping_status":"closed","template":"","meta":{"_seopress_robots_primary_cat":"none","_seopress_titles_title":"Sac de Couchage d'Urgence - Thermique & Imperm\u00e9able","_seopress_titles_desc":"Sac de couchage d\u2019urgence, essentiel pour les situations critiques. Fabriqu\u00e9 en mylar durable, imperm\u00e9able et r\u00e9sistant, il offre une protection optimale dans toutes les conditions.","_seopress_robots_index":""},"product_brand":[],"product_cat":[136],"product_tag":[125],"class_list":{"0":"post-8348","1":"product","2":"type-product","3":"status-publish","4":"has-post-thumbnail","6":"product_cat-couchage","7":"product_tag-amazon","9":"first","10":"instock","11":"taxable","12":"shipping-taxable","13":"product-type-external"},"_links":{"self":[{"href":"https:\/\/oursfurtif.com\/es\/wp-json\/wp\/v2\/product\/8348","targetHints":{"allow":["GET"]}}],"collection":[{"href":"https:\/\/oursfurtif.com\/es\/wp-json\/wp\/v2\/product"}],"about":[{"href":"https:\/\/oursfurtif.com\/es\/wp-json\/wp\/v2\/types\/product"}],"replies":[{"embeddable":true,"href":"https:\/\/oursfurtif.com\/es\/wp-json\/wp\/v2\/comments?post=8348"}],"version-history":[{"count":0,"href":"https:\/\/oursfurtif.com\/es\/wp-json\/wp\/v2\/product\/8348\/revisions"}],"wp:featuredmedia":[{"embeddable":true,"href":"https:\/\/oursfurtif.com\/es\/wp-json\/wp\/v2\/media\/8351"}],"wp:attachment":[{"href":"https:\/\/oursfurtif.com\/es\/wp-json\/wp\/v2\/media?parent=8348"}],"wp:term":[{"taxonomy":"product_brand","embeddable":true,"href":"https:\/\/oursfurtif.com\/es\/wp-json\/wp\/v2\/product_brand?post=8348"},{"taxonomy":"product_cat","embeddable":true,"href":"https:\/\/oursfurtif.com\/es\/wp-json\/wp\/v2\/product_cat?post=8348"},{"taxonomy":"product_tag","embeddable":true,"href":"https:\/\/oursfurtif.com\/es\/wp-json\/wp\/v2\/product_tag?post=8348"}],"curies":[{"name":"wp","href":"https:\/\/api.w.org\/{rel}","templated":true}]}}