{"id":6512,"date":"2023-11-21T20:47:18","date_gmt":"2023-11-21T19:47:18","guid":{"rendered":"http:\/\/oursfurtif.com\/?post_type=product&#038;p=6512"},"modified":"2024-06-06T14:34:22","modified_gmt":"2024-06-06T12:34:22","slug":"cafetiere-2-en-1-tasse-popote-750ml-en-titane","status":"publish","type":"product","link":"https:\/\/oursfurtif.com\/es\/producto\/cafetiere-2-en-1-tasse-popote-750ml-en-titane\/","title":{"rendered":"Cafetiere 2 en 1 &#8211; Tasse \/ Popote 750ml en Titane"},"content":{"rendered":"\t\t<div data-elementor-type=\"product-post\" data-elementor-id=\"6512\" class=\"elementor elementor-6512\" data-elementor-post-type=\"product\">\n\t\t\t\t\t\t<section class=\"wd-negative-gap elementor-section elementor-top-section elementor-element elementor-element-11ae5da elementor-section-full_width elementor-section-height-default elementor-section-height-default\" data-id=\"11ae5da\" data-element_type=\"section\" data-e-type=\"section\">\n\t\t\t\t\t\t<div class=\"elementor-container elementor-column-gap-default\">\n\t\t\t\t\t<div class=\"elementor-column elementor-col-100 elementor-top-column elementor-element elementor-element-c8758cf\" data-id=\"c8758cf\" data-element_type=\"column\" data-e-type=\"column\">\n\t\t\t<div class=\"elementor-widget-wrap elementor-element-populated\">\n\t\t\t\t\t\t<div class=\"elementor-element elementor-element-5ae77f6 elementor-widget elementor-widget-heading\" data-id=\"5ae77f6\" data-element_type=\"widget\" data-e-type=\"widget\" data-widget_type=\"heading.default\">\n\t\t\t\t<div class=\"elementor-widget-container\">\n\t\t\t\t\t<h2 class=\"elementor-heading-title elementor-size-default\">Savourez votre caf\u00e9 avec la tasse en titane Bestargot et la cafeti\u00e8re \u00e0 piston<\/h2>\t\t\t\t<\/div>\n\t\t\t\t<\/div>\n\t\t\t\t<div class=\"elementor-element elementor-element-e255bdb elementor-widget elementor-widget-image\" data-id=\"e255bdb\" data-element_type=\"widget\" data-e-type=\"widget\" data-widget_type=\"image.default\">\n\t\t\t\t<div class=\"elementor-widget-container\">\n\t\t\t\t\t\t\t\t\t\t\t\t\t\t\t<img decoding=\"async\" src=\"https:\/\/m.media-amazon.com\/images\/S\/aplus-media-library-service-media\/63e69489-df96-47b9-aa34-fd5fa0c2aee2.__CR0,0,970,600_PT0_SX970_V1___.jpg\" title=\"\" alt=\"cafeti\u00e8re bestargot survie\" loading=\"lazy\" \/>\t\t\t\t\t\t\t\t\t\t\t\t\t\t\t<\/div>\n\t\t\t\t<\/div>\n\t\t\t\t<section class=\"wd-negative-gap elementor-section elementor-inner-section elementor-element elementor-element-1ce48e9 elementor-section-full_width elementor-section-height-default elementor-section-height-default\" data-id=\"1ce48e9\" data-element_type=\"section\" data-e-type=\"section\">\n\t\t\t\t\t\t<div class=\"elementor-container elementor-column-gap-default\">\n\t\t\t\t\t<div class=\"elementor-column elementor-col-50 elementor-inner-column elementor-element elementor-element-0fe123c\" data-id=\"0fe123c\" data-element_type=\"column\" data-e-type=\"column\" data-settings=\"{&quot;background_background&quot;:&quot;classic&quot;}\">\n\t\t\t<div class=\"elementor-widget-wrap elementor-element-populated\">\n\t\t\t\t\t\t<div class=\"elementor-element elementor-element-6fb260e elementor-widget elementor-widget-image\" data-id=\"6fb260e\" data-element_type=\"widget\" data-e-type=\"widget\" data-widget_type=\"image.default\">\n\t\t\t\t<div class=\"elementor-widget-container\">\n\t\t\t\t\t\t\t\t\t\t\t\t\t\t\t<img decoding=\"async\" src=\"https:\/\/m.media-amazon.com\/images\/S\/aplus-media-library-service-media\/79b75317-cf48-4462-84d0-5bb3d94222b7.__CR895,0,707,943_PT0_SX300_V1___.jpg\" title=\"\" alt=\"Cafeti\u00e8re survie \u00e0 piston\" loading=\"lazy\" \/>\t\t\t\t\t\t\t\t\t\t\t\t\t\t\t<\/div>\n\t\t\t\t<\/div>\n\t\t\t\t\t<\/div>\n\t\t<\/div>\n\t\t\t\t<div class=\"elementor-column elementor-col-50 elementor-inner-column elementor-element elementor-element-0b034bf\" data-id=\"0b034bf\" data-element_type=\"column\" data-e-type=\"column\" data-settings=\"{&quot;background_background&quot;:&quot;classic&quot;}\">\n\t\t\t<div class=\"elementor-widget-wrap elementor-element-populated\">\n\t\t\t\t\t\t<div class=\"elementor-element elementor-element-2d99f48 color-scheme-inherit text-left elementor-widget elementor-widget-text-editor\" data-id=\"2d99f48\" data-element_type=\"widget\" data-e-type=\"widget\" data-widget_type=\"text-editor.default\">\n\t\t\t\t<div class=\"elementor-widget-container\">\n\t\t\t\t\t\t\t\t\t<h3><strong>Tasse de camping en titane Bestargot et cafeti\u00e8re \u00e0 piston<\/strong><\/h3><p><em>Vous en avez assez du caf\u00e9 instantan\u00e9 et vous ennuyez du caf\u00e9 sans saveur?<\/em><\/p><p>\u00cates-vous fatigu\u00e9 de boire du caf\u00e9 instantan\u00e9 lors de vos sorties ? Vous avez besoin d&#8217;une cafeti\u00e8re l\u00e9g\u00e8re ?<\/p><p>Alors la Cafeti\u00e8re en titane de Bestargot peut r\u00e9pondre \u00e0 votre besoin ! Avec sa presse fran\u00e7aise, retrouvez le gout d&#8217;un v\u00e9ritable caf\u00e9, m\u00eame en pleine nature.<\/p>\t\t\t\t\t\t\t\t<\/div>\n\t\t\t\t<\/div>\n\t\t\t\t<div class=\"elementor-element elementor-element-e249600 elementor-widget__width-auto elementor-widget elementor-widget-wd_list\" data-id=\"e249600\" data-element_type=\"widget\" data-e-type=\"widget\" data-widget_type=\"wd_list.default\">\n\t\t\t\t<div class=\"elementor-widget-container\">\n\t\t\t\t\t\t\t<ul class=\"wd-list color-scheme- wd-fontsize-xs wd-type-icon wd-style-default text-left\">\n\t\t\t\t\t\t\t\t\t\t\t<li class=\"elementor-repeater-item-7031351\">\n\t\t\t\t\t\t\t\t\t\t\t<span class=\"wd-icon\"><span class=\"fas fa-circle\"><\/span><\/span>\t\t\t\t\t\n\t\t\t\t\t<span class=\"wd-list-content list-content\">\n\t\t\t\t\t\t\t\t\t\t\t\t\tTasse en titane\t\t\t\t\t\t\t\t\t\t\t<\/span>\n\t\t\t\t<\/li>\n\t\t\t\t\t\t\t\t\t\t\t<li class=\"elementor-repeater-item-59c67d9\">\n\t\t\t\t\t\t\t\t\t\t\t<span class=\"wd-icon\"><span class=\"fas fa-circle\"><\/span><\/span>\t\t\t\t\t\n\t\t\t\t\t<span class=\"wd-list-content list-content\">\n\t\t\t\t\t\t\t\t\t\t\t\t\tFiltre \u00e0 caf\u00e9 en acier inoxydable de qualit\u00e9\t\t\t\t\t\t\t\t\t\t\t<\/span>\n\t\t\t\t<\/li>\n\t\t\t\t\t\t\t\t\t\t\t<li class=\"elementor-repeater-item-710ea49\">\n\t\t\t\t\t\t\t\t\t\t\t<span class=\"wd-icon\"><span class=\"fas fa-circle\"><\/span><\/span>\t\t\t\t\t\n\t\t\t\t\t<span class=\"wd-list-content list-content\">\n\t\t\t\t\t\t\t\t\t\t\t\t\tSac de transport\t\t\t\t\t\t\t\t\t\t\t<\/span>\n\t\t\t\t<\/li>\n\t\t\t\t\t\t\t\t\t\t\t<li class=\"elementor-repeater-item-98c3556\">\n\t\t\t\t\t\t\t\t\t\t\t<span class=\"wd-icon\"><span class=\"fas fa-circle\"><\/span><\/span>\t\t\t\t\t\n\t\t\t\t\t<span class=\"wd-list-content list-content\">\n\t\t\t\t\t\t\t\t\t\t\t\t\tPas de rev\u00eatement chimique\n\t\t\t\t\t\t\t\t\t\t\t<\/span>\n\t\t\t\t<\/li>\n\t\t\t\t\t\t\t\t\t\t\t<li class=\"elementor-repeater-item-dce25e3\">\n\t\t\t\t\t\t\t\t\t\t\t<span class=\"wd-icon\"><span class=\"fas fa-circle\"><\/span><\/span>\t\t\t\t\t\n\t\t\t\t\t<span class=\"wd-list-content list-content\">\n\t\t\t\t\t\t\t\t\t\t\t\t\tUltral\u00e9ger et stable\t\t\t\t\t\t\t\t\t\t\t<\/span>\n\t\t\t\t<\/li>\n\t\t\t\t\t\t\t\t\t\t\t<li class=\"elementor-repeater-item-7c4bc9d\">\n\t\t\t\t\t\t\t\t\t\t\t<span class=\"wd-icon\"><span class=\"fas fa-circle\"><\/span><\/span>\t\t\t\t\t\n\t\t\t\t\t<span class=\"wd-list-content list-content\">\n\t\t\t\t\t\t\t\t\t\t\t\t\tUtilisable \u00e0 haute ou basse temp\u00e9rature\t\t\t\t\t\t\t\t\t\t\t<\/span>\n\t\t\t\t<\/li>\n\t\t\t\t\t<\/ul>\n\n\t\t\t\t\t\t<\/div>\n\t\t\t\t<\/div>\n\t\t\t\t<div class=\"elementor-element elementor-element-57280ea color-scheme-inherit text-left elementor-widget elementor-widget-text-editor\" data-id=\"57280ea\" data-element_type=\"widget\" data-e-type=\"widget\" data-widget_type=\"text-editor.default\">\n\t\t\t\t<div class=\"elementor-widget-container\">\n\t\t\t\t\t\t\t\t\t<p>Le pot en titane est compos\u00e9 \u00e0 100% de titane de qualit\u00e9 alimentaire, Biocompatible, antibact\u00e9rien, et inodore.<\/p>\t\t\t\t\t\t\t\t<\/div>\n\t\t\t\t<\/div>\n\t\t\t\t\t<\/div>\n\t\t<\/div>\n\t\t\t\t\t<\/div>\n\t\t<\/section>\n\t\t\t\t<section class=\"wd-negative-gap elementor-section elementor-inner-section elementor-element elementor-element-517a276 elementor-section-full_width elementor-section-height-default elementor-section-height-default\" data-id=\"517a276\" data-element_type=\"section\" data-e-type=\"section\">\n\t\t\t\t\t\t<div class=\"elementor-container elementor-column-gap-default\">\n\t\t\t\t\t<div class=\"elementor-column elementor-col-33 elementor-inner-column elementor-element elementor-element-b4431fd\" data-id=\"b4431fd\" data-element_type=\"column\" data-e-type=\"column\">\n\t\t\t<div class=\"elementor-widget-wrap elementor-element-populated\">\n\t\t\t\t\t\t<div class=\"elementor-element elementor-element-74e8185 elementor-widget elementor-widget-image\" data-id=\"74e8185\" data-element_type=\"widget\" data-e-type=\"widget\" data-widget_type=\"image.default\">\n\t\t\t\t<div class=\"elementor-widget-container\">\n\t\t\t\t\t\t\t\t\t\t\t\t\t\t\t<img decoding=\"async\" src=\"https:\/\/m.media-amazon.com\/images\/S\/aplus-media-library-service-media\/be8d2619-7a14-4ea6-8f50-e53efdcc829a.__CR0,0,1600,1600_PT0_SX300_V1___.png\" title=\"\" alt=\"popote 750ml\" loading=\"lazy\" \/>\t\t\t\t\t\t\t\t\t\t\t\t\t\t\t<\/div>\n\t\t\t\t<\/div>\n\t\t\t\t<div class=\"elementor-element elementor-element-cd77fbb elementor-widget elementor-widget-heading\" data-id=\"cd77fbb\" data-element_type=\"widget\" data-e-type=\"widget\" data-widget_type=\"heading.default\">\n\t\t\t\t<div class=\"elementor-widget-container\">\n\t\t\t\t\t<h3 class=\"elementor-heading-title elementor-size-default\">Ultral\u00e9ger et stable<\/h3>\t\t\t\t<\/div>\n\t\t\t\t<\/div>\n\t\t\t\t<div class=\"elementor-element elementor-element-444ced5 color-scheme-inherit text-left elementor-widget elementor-widget-text-editor\" data-id=\"444ced5\" data-element_type=\"widget\" data-e-type=\"widget\" data-widget_type=\"text-editor.default\">\n\t\t\t\t<div class=\"elementor-widget-container\">\n\t\t\t\t\t\t\t\t\tCafeti\u00e8re d&#8217;ext\u00e9rieur, capacit\u00e9 max 750 ml, poids 188 g (avec filtre \u00e0 caf\u00e9)\t\t\t\t\t\t\t\t<\/div>\n\t\t\t\t<\/div>\n\t\t\t\t\t<\/div>\n\t\t<\/div>\n\t\t\t\t<div class=\"elementor-column elementor-col-33 elementor-inner-column elementor-element elementor-element-075c35f\" data-id=\"075c35f\" data-element_type=\"column\" data-e-type=\"column\">\n\t\t\t<div class=\"elementor-widget-wrap elementor-element-populated\">\n\t\t\t\t\t\t<div class=\"elementor-element elementor-element-b8167f2 elementor-widget elementor-widget-image\" data-id=\"b8167f2\" data-element_type=\"widget\" data-e-type=\"widget\" data-widget_type=\"image.default\">\n\t\t\t\t<div class=\"elementor-widget-container\">\n\t\t\t\t\t\t\t\t\t\t\t\t\t\t\t<img decoding=\"async\" src=\"https:\/\/m.media-amazon.com\/images\/S\/aplus-media-library-service-media\/08f7973b-1236-4f04-b962-649ac551e2e2.__CR0,0,300,300_PT0_SX300_V1___.png\" title=\"\" alt=\"Presse \u00e0 caf\u00e9 Fran\u00e7aise\" loading=\"lazy\" \/>\t\t\t\t\t\t\t\t\t\t\t\t\t\t\t<\/div>\n\t\t\t\t<\/div>\n\t\t\t\t<div class=\"elementor-element elementor-element-19d35e2 elementor-widget elementor-widget-heading\" data-id=\"19d35e2\" data-element_type=\"widget\" data-e-type=\"widget\" data-widget_type=\"heading.default\">\n\t\t\t\t<div class=\"elementor-widget-container\">\n\t\t\t\t\t<h3 class=\"elementor-heading-title elementor-size-default\">Presse Fran\u00e7aise<\/h3>\t\t\t\t<\/div>\n\t\t\t\t<\/div>\n\t\t\t\t<div class=\"elementor-element elementor-element-c9b0d32 color-scheme-inherit text-left elementor-widget elementor-widget-text-editor\" data-id=\"c9b0d32\" data-element_type=\"widget\" data-e-type=\"widget\" data-widget_type=\"text-editor.default\">\n\t\t\t\t<div class=\"elementor-widget-container\">\n\t\t\t\t\t\t\t\t\t<p>Presse fran\u00e7aise en titane. Peut-\u00eatre d\u00e9mont\u00e9 en plusieurs parties, pour le transport et le nettoyage.<\/p>\t\t\t\t\t\t\t\t<\/div>\n\t\t\t\t<\/div>\n\t\t\t\t\t<\/div>\n\t\t<\/div>\n\t\t\t\t<div class=\"elementor-column elementor-col-33 elementor-inner-column elementor-element elementor-element-0beea53\" data-id=\"0beea53\" data-element_type=\"column\" data-e-type=\"column\">\n\t\t\t<div class=\"elementor-widget-wrap elementor-element-populated\">\n\t\t\t\t\t\t<div class=\"elementor-element elementor-element-1d04619 elementor-widget elementor-widget-image\" data-id=\"1d04619\" data-element_type=\"widget\" data-e-type=\"widget\" data-widget_type=\"image.default\">\n\t\t\t\t<div class=\"elementor-widget-container\">\n\t\t\t\t\t\t\t\t\t\t\t\t\t\t\t<img decoding=\"async\" src=\"https:\/\/m.media-amazon.com\/images\/S\/aplus-media-library-service-media\/a08cff0b-fd43-4f7b-8389-b504db7dd639.__CR0,0,300,300_PT0_SX300_V1___.png\" title=\"\" alt=\"Titane de qualit\u00e9\" loading=\"lazy\" \/>\t\t\t\t\t\t\t\t\t\t\t\t\t\t\t<\/div>\n\t\t\t\t<\/div>\n\t\t\t\t<div class=\"elementor-element elementor-element-44832da elementor-widget elementor-widget-heading\" data-id=\"44832da\" data-element_type=\"widget\" data-e-type=\"widget\" data-widget_type=\"heading.default\">\n\t\t\t\t<div class=\"elementor-widget-container\">\n\t\t\t\t\t<h3 class=\"elementor-heading-title elementor-size-default\">Cafeti\u00e8re 2 en 1<\/h3>\t\t\t\t<\/div>\n\t\t\t\t<\/div>\n\t\t\t\t<div class=\"elementor-element elementor-element-4ee34d2 color-scheme-inherit text-left elementor-widget elementor-widget-text-editor\" data-id=\"4ee34d2\" data-element_type=\"widget\" data-e-type=\"widget\" data-widget_type=\"text-editor.default\">\n\t\t\t\t<div class=\"elementor-widget-container\">\n\t\t\t\t\t\t\t\t\tLa conception 2 en 1 vous permet d&#8217;utiliser la tasse comme une casserole ou une tasse.\t\t\t\t\t\t\t\t<\/div>\n\t\t\t\t<\/div>\n\t\t\t\t\t<\/div>\n\t\t<\/div>\n\t\t\t\t\t<\/div>\n\t\t<\/section>\n\t\t\t\t\t<\/div>\n\t\t<\/div>\n\t\t\t\t\t<\/div>\n\t\t<\/section>\n\t\t\t\t<\/div>\n\t\t","protected":false},"excerpt":{"rendered":"<ul>\n<li>Mutlifonction : Cafeti\u00e8re \u00e0 piston \/ Tasse \/ Popote<\/li>\n<li>Capacit\u00e9 de 750 ml, pour un poids de 188 gramme<\/li>\n<li>Fabriqu\u00e9 en titane : L\u00e9ger \/ Solider et r\u00e9sistant \u00e0 la corrosion<\/li>\n<li>Aucun rev\u00eatement chimique, biocompatible, antibact\u00e9rien, sans go\u00fbt et sans odeur<\/li>\n<li>Poign\u00e9e pliante de 8 cm<\/li>\n<\/ul>\n","protected":false},"featured_media":6519,"comment_status":"open","ping_status":"closed","template":"","meta":{"_seopress_robots_primary_cat":"none","_seopress_titles_title":"","_seopress_titles_desc":"","_seopress_robots_index":""},"product_brand":[],"product_cat":[21],"product_tag":[125],"class_list":{"0":"post-6512","1":"product","2":"type-product","3":"status-publish","4":"has-post-thumbnail","6":"product_cat-feu-cuisine","7":"product_tag-amazon","9":"first","10":"instock","11":"taxable","12":"shipping-taxable","13":"product-type-external"},"_links":{"self":[{"href":"https:\/\/oursfurtif.com\/es\/wp-json\/wp\/v2\/product\/6512","targetHints":{"allow":["GET"]}}],"collection":[{"href":"https:\/\/oursfurtif.com\/es\/wp-json\/wp\/v2\/product"}],"about":[{"href":"https:\/\/oursfurtif.com\/es\/wp-json\/wp\/v2\/types\/product"}],"replies":[{"embeddable":true,"href":"https:\/\/oursfurtif.com\/es\/wp-json\/wp\/v2\/comments?post=6512"}],"version-history":[{"count":0,"href":"https:\/\/oursfurtif.com\/es\/wp-json\/wp\/v2\/product\/6512\/revisions"}],"wp:featuredmedia":[{"embeddable":true,"href":"https:\/\/oursfurtif.com\/es\/wp-json\/wp\/v2\/media\/6519"}],"wp:attachment":[{"href":"https:\/\/oursfurtif.com\/es\/wp-json\/wp\/v2\/media?parent=6512"}],"wp:term":[{"taxonomy":"product_brand","embeddable":true,"href":"https:\/\/oursfurtif.com\/es\/wp-json\/wp\/v2\/product_brand?post=6512"},{"taxonomy":"product_cat","embeddable":true,"href":"https:\/\/oursfurtif.com\/es\/wp-json\/wp\/v2\/product_cat?post=6512"},{"taxonomy":"product_tag","embeddable":true,"href":"https:\/\/oursfurtif.com\/es\/wp-json\/wp\/v2\/product_tag?post=6512"}],"curies":[{"name":"wp","href":"https:\/\/api.w.org\/{rel}","templated":true}]}}