{"id":2752,"date":"2021-04-06T13:26:14","date_gmt":"2021-04-06T11:26:14","guid":{"rendered":"http:\/\/oursfurtif.com\/?post_type=product&#038;p=2752"},"modified":"2025-05-10T17:55:35","modified_gmt":"2025-05-10T15:55:35","slug":"bracelet-cobra-paracorde-couteau","status":"publish","type":"product","link":"https:\/\/oursfurtif.com\/es\/producto\/bracelet-cobra-paracorde-couteau\/","title":{"rendered":"Bracelet Cobra Paracorde Couteau"},"content":{"rendered":"\t\t<div data-elementor-type=\"product-post\" data-elementor-id=\"2752\" class=\"elementor elementor-2752\" data-elementor-post-type=\"product\">\n\t\t\t\t\t\t<section class=\"wd-negative-gap elementor-section elementor-top-section elementor-element elementor-element-f2186c2 elementor-section-content-middle elementor-section-boxed elementor-section-height-default elementor-section-height-default\" data-id=\"f2186c2\" data-element_type=\"section\" data-e-type=\"section\">\n\t\t\t\t\t\t<div class=\"elementor-container elementor-column-gap-default\">\n\t\t\t\t\t<div class=\"elementor-column elementor-col-50 elementor-top-column elementor-element elementor-element-366c1ee\" data-id=\"366c1ee\" data-element_type=\"column\" data-e-type=\"column\" data-settings=\"{&quot;background_background&quot;:&quot;classic&quot;}\">\n\t\t\t<div class=\"elementor-widget-wrap elementor-element-populated\">\n\t\t\t\t\t\t<div class=\"elementor-element elementor-element-aba280d elementor-widget elementor-widget-image\" data-id=\"aba280d\" data-element_type=\"widget\" data-e-type=\"widget\" data-widget_type=\"image.default\">\n\t\t\t\t<div class=\"elementor-widget-container\">\n\t\t\t\t\t\t\t\t\t\t\t\t\t\t\t<img decoding=\"async\" src=\"https:\/\/oursfurtif.com\/wp-content\/uploads\/elementor\/thumbs\/survival-rc6bq6v3a3jrmfzrjmqs40wp7xrgo4b3rbwszxilmw.jpg\" title=\"survival\" alt=\"Un avventuriero nella natura\" class=\"elementor-animation-float\" loading=\"lazy\" \/>\t\t\t\t\t\t\t\t\t\t\t\t\t\t\t<\/div>\n\t\t\t\t<\/div>\n\t\t\t\t\t<\/div>\n\t\t<\/div>\n\t\t\t\t<div class=\"elementor-column elementor-col-50 elementor-top-column elementor-element elementor-element-bcf5c04\" data-id=\"bcf5c04\" data-element_type=\"column\" data-e-type=\"column\">\n\t\t\t<div class=\"elementor-widget-wrap elementor-element-populated\">\n\t\t\t\t\t\t<div class=\"elementor-element elementor-element-f959b5d wd-width-100 elementor-widget elementor-widget-wd_title\" data-id=\"f959b5d\" data-element_type=\"widget\" data-e-type=\"widget\" data-widget_type=\"wd_title.default\">\n\t\t\t\t<div class=\"elementor-widget-container\">\n\t\t\t\t\t\t\t<div class=\"title-wrapper wd-set-mb reset-last-child wd-title-color-default wd-title-style-default wd-title-size-default text-left\">\n\n\t\t\t\n\t\t\t<div class=\"liner-continer\">\n\t\t\t\t<h4 class=\"woodmart-title-container title wd-fontsize-l\">Indispensable pour la survie<\/h4> \n\t\t\t\t\t\t\t<\/div>\n\n\t\t\t\t\t<\/div>\n\t\t\t\t\t\t<\/div>\n\t\t\t\t<\/div>\n\t\t\t\t<div class=\"elementor-element elementor-element-5a25923 color-scheme-inherit text-left elementor-widget elementor-widget-text-editor\" data-id=\"5a25923\" data-element_type=\"widget\" data-e-type=\"widget\" data-widget_type=\"text-editor.default\">\n\t\t\t\t<div class=\"elementor-widget-container\">\n\t\t\t\t\t\t\t\t\t<p>Le bracelet en paracorde est un outil indispensable pour la survie en pleine nature. Bien plus qu\u2019un simple bracelet, il est confectionn\u00e9 d&#8217;une corde en nylon parachute de 3m de longueur pouvant soutenir jusqu\u2019\u00e0 150kg de charge. \u00c9galement muni d\u2019un mini couteau de 3,5cm int\u00e9gr\u00e9 \u00e0 la boucle, ce bracelet vous offrira solidit\u00e9 et polyvalence.<\/p>\t\t\t\t\t\t\t\t<\/div>\n\t\t\t\t<\/div>\n\t\t\t\t\t<\/div>\n\t\t<\/div>\n\t\t\t\t\t<\/div>\n\t\t<\/section>\n\t\t\t\t<section class=\"wd-negative-gap elementor-section elementor-top-section elementor-element elementor-element-ca26050 elementor-section-content-middle elementor-reverse-tablet elementor-reverse-mobile elementor-section-boxed elementor-section-height-default elementor-section-height-default\" data-id=\"ca26050\" data-element_type=\"section\" data-e-type=\"section\">\n\t\t\t\t\t\t<div class=\"elementor-container elementor-column-gap-default\">\n\t\t\t\t\t<div class=\"elementor-column elementor-col-50 elementor-top-column elementor-element elementor-element-760c8f5\" data-id=\"760c8f5\" data-element_type=\"column\" data-e-type=\"column\">\n\t\t\t<div class=\"elementor-widget-wrap elementor-element-populated\">\n\t\t\t\t\t\t<div class=\"elementor-element elementor-element-da6e04c wd-width-100 elementor-widget elementor-widget-wd_title\" data-id=\"da6e04c\" data-element_type=\"widget\" data-e-type=\"widget\" data-widget_type=\"wd_title.default\">\n\t\t\t\t<div class=\"elementor-widget-container\">\n\t\t\t\t\t\t\t<div class=\"title-wrapper wd-set-mb reset-last-child wd-title-color-default wd-title-style-default wd-title-size-default text-right\">\n\n\t\t\t\n\t\t\t<div class=\"liner-continer\">\n\t\t\t\t<h4 class=\"woodmart-title-container title wd-fontsize-l\">Un bracelet multi-usages<\/h4> \n\t\t\t\t\t\t\t<\/div>\n\n\t\t\t\t\t<\/div>\n\t\t\t\t\t\t<\/div>\n\t\t\t\t<\/div>\n\t\t\t\t<div class=\"elementor-element elementor-element-0d88634 text-right color-scheme-inherit elementor-widget elementor-widget-text-editor\" data-id=\"0d88634\" data-element_type=\"widget\" data-e-type=\"widget\" data-widget_type=\"text-editor.default\">\n\t\t\t\t<div class=\"elementor-widget-container\">\n\t\t\t\t\t\t\t\t\t<p>Le bracelet paracorde sera vous \u00eatre utile dans de nombreuses situations. La solidit\u00e9 de sa corde alli\u00e9e \u00e0 son mini couteau vous aidera dans la construction d\u2019abris, de radeaux, dans la confection d\u2019outils de survie et de poign\u00e9es grip. Ce bracelet constitue un v\u00e9ritable must have pour tous les aventuriers !<\/p>\t\t\t\t\t\t\t\t<\/div>\n\t\t\t\t<\/div>\n\t\t\t\t\t<\/div>\n\t\t<\/div>\n\t\t\t\t<div class=\"elementor-column elementor-col-50 elementor-top-column elementor-element elementor-element-19c7319\" data-id=\"19c7319\" data-element_type=\"column\" data-e-type=\"column\" data-settings=\"{&quot;background_background&quot;:&quot;classic&quot;}\">\n\t\t\t<div class=\"elementor-widget-wrap elementor-element-populated\">\n\t\t\t\t\t\t<div class=\"elementor-element elementor-element-26c3826 elementor-widget elementor-widget-image\" data-id=\"26c3826\" data-element_type=\"widget\" data-e-type=\"widget\" data-settings=\"{&quot;_animation&quot;:&quot;none&quot;}\" data-widget_type=\"image.default\">\n\t\t\t\t<div class=\"elementor-widget-container\">\n\t\t\t\t\t\t\t\t\t\t\t\t\t\t\t<img decoding=\"async\" src=\"https:\/\/oursfurtif.com\/wp-content\/uploads\/elementor\/thumbs\/outdoor-paracord-rc6bqedssru27boubpzsnz0dz0qedp4ygd4ou57g94.jpg\" title=\"outdoor-paracord\" alt=\"Astuce pour attacher son sac \u00e0 un arbre\" class=\"elementor-animation-float\" loading=\"lazy\" \/>\t\t\t\t\t\t\t\t\t\t\t\t\t\t\t<\/div>\n\t\t\t\t<\/div>\n\t\t\t\t\t<\/div>\n\t\t<\/div>\n\t\t\t\t\t<\/div>\n\t\t<\/section>\n\t\t\t\t<section class=\"wd-negative-gap elementor-section elementor-top-section elementor-element elementor-element-b608a57 elementor-section-content-middle elementor-section-boxed elementor-section-height-default elementor-section-height-default\" data-id=\"b608a57\" data-element_type=\"section\" data-e-type=\"section\" data-settings=\"{&quot;background_background&quot;:&quot;classic&quot;}\">\n\t\t\t\t\t\t<div class=\"elementor-container elementor-column-gap-default\">\n\t\t\t\t\t<div class=\"elementor-column elementor-col-100 elementor-top-column elementor-element elementor-element-675e815\" data-id=\"675e815\" data-element_type=\"column\" data-e-type=\"column\">\n\t\t\t<div class=\"elementor-widget-wrap elementor-element-populated\">\n\t\t\t\t\t\t<div class=\"elementor-element elementor-element-529c00f wd-width-100 elementor-widget elementor-widget-wd_title\" data-id=\"529c00f\" data-element_type=\"widget\" data-e-type=\"widget\" data-widget_type=\"wd_title.default\">\n\t\t\t\t<div class=\"elementor-widget-container\">\n\t\t\t\t\t\t\t<div class=\"title-wrapper wd-set-mb reset-last-child wd-title-color-default wd-title-style-image wd-title-size-extra-large text-center\">\n\n\t\t\t\n\t\t\t<div class=\"liner-continer\">\n\t\t\t\t<h4 class=\"woodmart-title-container title wd-fontsize-xxxl\">Caract\u00e9ristiques<\/h4> \n\t\t\t\t\t\t\t\t\t<span class=\"img-wrapper\"><img decoding=\"async\" width=\"76\" height=\"45\" src=\"https:\/\/oursfurtif.com\/wp-content\/uploads\/2021\/04\/rope_green-76x45.png\" class=\"attachment-x45 size-x45\" alt=\"Icon paracorde\" srcset=\"https:\/\/oursfurtif.com\/wp-content\/uploads\/2021\/04\/rope_green-76x45.png 76w, https:\/\/oursfurtif.com\/wp-content\/uploads\/2021\/04\/rope_green-150x88.png 150w, https:\/\/oursfurtif.com\/wp-content\/uploads\/2021\/04\/rope_green.png 226w\" sizes=\"(max-width: 76px) 100vw, 76px\" \/><\/span>\t\t\t\t\t\t\t<\/div>\n\n\t\t\t\t\t\t\t<div class=\"title-after_title reset-last-child wd-fontsize-s\">\n\t\t\t\t\t<p>Bracelet Parcorde Cobra avec son mini couteau<\/p>\t\t\t\t<\/div>\n\t\t\t\t\t<\/div>\n\t\t\t\t\t\t<\/div>\n\t\t\t\t<\/div>\n\t\t\t\t<section class=\"wd-negative-gap elementor-section elementor-inner-section elementor-element elementor-element-7b52f7c elementor-section-content-middle elementor-section-boxed elementor-section-height-default elementor-section-height-default\" data-id=\"7b52f7c\" data-element_type=\"section\" data-e-type=\"section\">\n\t\t\t\t\t\t<div class=\"elementor-container elementor-column-gap-extended\">\n\t\t\t\t\t<div class=\"elementor-column elementor-col-33 elementor-inner-column elementor-element elementor-element-3b26162\" data-id=\"3b26162\" data-element_type=\"column\" data-e-type=\"column\">\n\t\t\t<div class=\"elementor-widget-wrap elementor-element-populated\">\n\t\t\t\t\t\t<div class=\"elementor-element elementor-element-eeb2035 elementor-widget elementor-widget-wd_infobox\" data-id=\"eeb2035\" data-element_type=\"widget\" data-e-type=\"widget\" data-widget_type=\"wd_infobox.default\">\n\t\t\t\t<div class=\"elementor-widget-container\">\n\t\t\t\t\t\t\t<div class=\"info-box-wrapper\">\n\t\t\t<div class=\"wd-info-box text-right box-icon-align-right box-style-base color-scheme- wd-items-top\">\n\t\t\t\t\t\t\t\t\t<div class=\"box-icon-wrapper  box-with-text text-size-default box-icon-simple\">\n\t\t\t\t\t\t<div class=\"info-box-icon\">\n\t\t\t\t\t\t\t\t\t\t\t\t\t\t\t1\t\t\t\t\t\t\t\t\t\t\t\t\t<\/div>\n\t\t\t\t\t<\/div>\n\t\t\t\t\n\t\t\t\t<div class=\"info-box-content\">\n\t\t\t\t\t\n\t\t\t\t\t\t\t\t\t\t\t<h4\t\t\t\t\t\tclass=\"info-box-title title box-title-style-default wd-fontsize-m\" data-elementor-setting-key=\"title\">\n\t\t\t\t\t\t\t\tQualit\u00e9 &amp; solidit\u00e9\t\t\t\t\t\t<\/h4>\n\t\t\t\t\t\n\t\t\t\t\t<div class=\"info-box-inner reset-last-child\"data-elementor-setting-key=\"content\"><p>Corde nylon de <strong>parachute<\/strong> 350lbs (supportant jusqu'\u00e0 <strong>150kg<\/strong>). Longueur totale de 3M<\/p>\n<\/div>\n\n\t\t\t\t\t\t\t\t\t<\/div>\n\n\t\t\t\t\t\t\t<\/div>\n\t\t<\/div>\n\t\t\t\t\t\t<\/div>\n\t\t\t\t<\/div>\n\t\t\t\t<div class=\"elementor-element elementor-element-acccaaf elementor-widget elementor-widget-wd_infobox\" data-id=\"acccaaf\" data-element_type=\"widget\" data-e-type=\"widget\" data-widget_type=\"wd_infobox.default\">\n\t\t\t\t<div class=\"elementor-widget-container\">\n\t\t\t\t\t\t\t<div class=\"info-box-wrapper\">\n\t\t\t<div class=\"wd-info-box text-right box-icon-align-right box-style-base color-scheme- wd-items-top\">\n\t\t\t\t\t\t\t\t\t<div class=\"box-icon-wrapper  box-with-text text-size-default box-icon-simple\">\n\t\t\t\t\t\t<div class=\"info-box-icon\">\n\t\t\t\t\t\t\t\t\t\t\t\t\t\t\t2\t\t\t\t\t\t\t\t\t\t\t\t\t<\/div>\n\t\t\t\t\t<\/div>\n\t\t\t\t\n\t\t\t\t<div class=\"info-box-content\">\n\t\t\t\t\t\n\t\t\t\t\t\t\t\t\t\t\t<h4\t\t\t\t\t\tclass=\"info-box-title title box-title-style-default wd-fontsize-m\" data-elementor-setting-key=\"title\">\n\t\t\t\t\t\t\t\tAjustable\t\t\t\t\t\t<\/h4>\n\t\t\t\t\t\n\t\t\t\t\t<div class=\"info-box-inner reset-last-child\"data-elementor-setting-key=\"content\"><p>Le bracelet peut avoir un diam\u00e8tre de <strong>23cm maximal<\/strong>, et peut-\u00eatre <strong>r\u00e9ajuster<\/strong> en le retricotant (<a href=\"http:\/\/oursfurtif.com\/2021\/04\/05\/guide-bracelet-paracorde\/\">voir notre guide<\/a>)<\/p>\n<\/div>\n\n\t\t\t\t\t\t\t\t\t<\/div>\n\n\t\t\t\t\t\t\t<\/div>\n\t\t<\/div>\n\t\t\t\t\t\t<\/div>\n\t\t\t\t<\/div>\n\t\t\t\t\t<\/div>\n\t\t<\/div>\n\t\t\t\t<div class=\"elementor-column elementor-col-33 elementor-inner-column elementor-element elementor-element-351bb77\" data-id=\"351bb77\" data-element_type=\"column\" data-e-type=\"column\">\n\t\t\t<div class=\"elementor-widget-wrap elementor-element-populated\">\n\t\t\t\t\t\t<div class=\"elementor-element elementor-element-dcc00d9 elementor-widget elementor-widget-image\" data-id=\"dcc00d9\" data-element_type=\"widget\" data-e-type=\"widget\" data-widget_type=\"image.default\">\n\t\t\t\t<div class=\"elementor-widget-container\">\n\t\t\t\t\t\t\t\t\t\t\t\t\t\t\t<img decoding=\"async\" width=\"768\" height=\"768\" src=\"https:\/\/oursfurtif.com\/wp-content\/uploads\/2021\/04\/bracelet-paracorde-couteau-ours-furtif-ft-768x768.png\" class=\"attachment-medium_large size-medium_large wp-image-2856\" alt=\"Bracelet paracorde avec mini couteau\" srcset=\"https:\/\/oursfurtif.com\/wp-content\/uploads\/2021\/04\/bracelet-paracorde-couteau-ours-furtif-ft-768x768.png 768w, https:\/\/oursfurtif.com\/wp-content\/uploads\/2021\/04\/bracelet-paracorde-couteau-ours-furtif-ft-600x600.png 600w, https:\/\/oursfurtif.com\/wp-content\/uploads\/2021\/04\/bracelet-paracorde-couteau-ours-furtif-ft-150x150.png 150w, https:\/\/oursfurtif.com\/wp-content\/uploads\/2021\/04\/bracelet-paracorde-couteau-ours-furtif-ft-1200x1200.png 1200w, https:\/\/oursfurtif.com\/wp-content\/uploads\/2021\/04\/bracelet-paracorde-couteau-ours-furtif-ft-300x300.png 300w, https:\/\/oursfurtif.com\/wp-content\/uploads\/2021\/04\/bracelet-paracorde-couteau-ours-furtif-ft-1024x1024.png 1024w, https:\/\/oursfurtif.com\/wp-content\/uploads\/2021\/04\/bracelet-paracorde-couteau-ours-furtif-ft-1536x1536.png 1536w, https:\/\/oursfurtif.com\/wp-content\/uploads\/2021\/04\/bracelet-paracorde-couteau-ours-furtif-ft.png 2048w\" sizes=\"(max-width: 768px) 100vw, 768px\" \/>\t\t\t\t\t\t\t\t\t\t\t\t\t\t\t<\/div>\n\t\t\t\t<\/div>\n\t\t\t\t\t<\/div>\n\t\t<\/div>\n\t\t\t\t<div class=\"elementor-column elementor-col-33 elementor-inner-column elementor-element elementor-element-b64deab\" data-id=\"b64deab\" data-element_type=\"column\" data-e-type=\"column\">\n\t\t\t<div class=\"elementor-widget-wrap elementor-element-populated\">\n\t\t\t\t\t\t<div class=\"elementor-element elementor-element-f364989 elementor-widget elementor-widget-wd_infobox\" data-id=\"f364989\" data-element_type=\"widget\" data-e-type=\"widget\" data-widget_type=\"wd_infobox.default\">\n\t\t\t\t<div class=\"elementor-widget-container\">\n\t\t\t\t\t\t\t<div class=\"info-box-wrapper\">\n\t\t\t<div class=\"wd-info-box text-left box-icon-align-left box-style-base color-scheme- wd-items-top\">\n\t\t\t\t\t\t\t\t\t<div class=\"box-icon-wrapper  box-with-text text-size-default box-icon-simple\">\n\t\t\t\t\t\t<div class=\"info-box-icon\">\n\t\t\t\t\t\t\t\t\t\t\t\t\t\t\t3\t\t\t\t\t\t\t\t\t\t\t\t\t<\/div>\n\t\t\t\t\t<\/div>\n\t\t\t\t\n\t\t\t\t<div class=\"info-box-content\">\n\t\t\t\t\t\n\t\t\t\t\t\t\t\t\t\t\t<h4\t\t\t\t\t\tclass=\"info-box-title title box-title-style-default wd-fontsize-m\" data-elementor-setting-key=\"title\">\n\t\t\t\t\t\t\t\t\u00c9cologique & responsable\t\t\t\t\t\t<\/h4>\n\t\t\t\t\t\n\t\t\t\t\t<div class=\"info-box-inner reset-last-child\"data-elementor-setting-key=\"content\"><p>Un bracelet qui vous durera tr\u00e8s longtemps. Pas de suremballage, packaging en mat\u00e9riaux 100% recyclables <span style=\"font-size: 15px; background-color: var( --e-global-color-0729646 ); color: var(--wd-text-color);\"><\/span><\/p>\n<\/div>\n\n\t\t\t\t\t\t\t\t\t<\/div>\n\n\t\t\t\t\t\t\t<\/div>\n\t\t<\/div>\n\t\t\t\t\t\t<\/div>\n\t\t\t\t<\/div>\n\t\t\t\t<div class=\"elementor-element elementor-element-e060fe3 elementor-widget elementor-widget-wd_infobox\" data-id=\"e060fe3\" data-element_type=\"widget\" data-e-type=\"widget\" data-widget_type=\"wd_infobox.default\">\n\t\t\t\t<div class=\"elementor-widget-container\">\n\t\t\t\t\t\t\t<div class=\"info-box-wrapper\">\n\t\t\t<div class=\"wd-info-box text-left box-icon-align-left box-style-base color-scheme- wd-items-top\">\n\t\t\t\t\t\t\t\t\t<div class=\"box-icon-wrapper  box-with-text text-size-default box-icon-simple\">\n\t\t\t\t\t\t<div class=\"info-box-icon\">\n\t\t\t\t\t\t\t\t\t\t\t\t\t\t\t4\t\t\t\t\t\t\t\t\t\t\t\t\t<\/div>\n\t\t\t\t\t<\/div>\n\t\t\t\t\n\t\t\t\t<div class=\"info-box-content\">\n\t\t\t\t\t\n\t\t\t\t\t\t\t\t\t\t\t<h4\t\t\t\t\t\tclass=\"info-box-title title box-title-style-default wd-fontsize-m\" data-elementor-setting-key=\"title\">\n\t\t\t\t\t\t\t\tMulti-fonction\t\t\t\t\t\t<\/h4>\n\t\t\t\t\t\n\t\t\t\t\t<div class=\"info-box-inner reset-last-child\"data-elementor-setting-key=\"content\"><p>Utiliser la paracorde dans de <strong>nombreuses situations<\/strong>, le mini <strong>couteau<\/strong> vous apportera encore plus de possibilit\u00e9s<\/p>\n<\/div>\n\n\t\t\t\t\t\t\t\t\t<\/div>\n\n\t\t\t\t\t\t\t<\/div>\n\t\t<\/div>\n\t\t\t\t\t\t<\/div>\n\t\t\t\t<\/div>\n\t\t\t\t\t<\/div>\n\t\t<\/div>\n\t\t\t\t\t<\/div>\n\t\t<\/section>\n\t\t\t\t\t<\/div>\n\t\t<\/div>\n\t\t\t\t\t<\/div>\n\t\t<\/section>\n\t\t\t\t<\/div>\n\t\t","protected":false},"excerpt":{"rendered":"<ul>\n<li>Bracelet noir en paracorde (Corde nylon de parachute souple et r\u00e9sistant)<\/li>\n<li>Boucle Mini Couteau de 3,5cm en Acier inoxydable<\/li>\n<li>Tressage Noeud Cobra<\/li>\n<li>Longueur de 23cm max<\/li>\n<li>Longueur de la corde d\u00e9nou\u00e9e : 3m<\/li>\n<\/ul>\n","protected":false},"featured_media":3888,"comment_status":"open","ping_status":"closed","template":"","meta":{"_seopress_robots_primary_cat":"none","_seopress_titles_title":"Bracelet Paracorde Cobra avec Couteau - Ours Furtif","_seopress_titles_desc":"D\u00e9couvrez notre bracelet paracorde Cobra avec un mini couteau int\u00e9gr\u00e9. Id\u00e9al pour les aventuriers, ce bracelet est robuste et multifonctionnel. Longueur totale du paracorde : 3 m\u00e8tres.","_seopress_robots_index":""},"product_brand":[],"product_cat":[15],"product_tag":[],"class_list":{"0":"post-2752","1":"product","2":"type-product","3":"status-publish","4":"has-post-thumbnail","6":"product_cat-paracorde","8":"first","9":"outofstock","10":"taxable","11":"shipping-taxable","12":"purchasable","13":"product-type-simple"},"_links":{"self":[{"href":"https:\/\/oursfurtif.com\/es\/wp-json\/wp\/v2\/product\/2752","targetHints":{"allow":["GET"]}}],"collection":[{"href":"https:\/\/oursfurtif.com\/es\/wp-json\/wp\/v2\/product"}],"about":[{"href":"https:\/\/oursfurtif.com\/es\/wp-json\/wp\/v2\/types\/product"}],"replies":[{"embeddable":true,"href":"https:\/\/oursfurtif.com\/es\/wp-json\/wp\/v2\/comments?post=2752"}],"version-history":[{"count":0,"href":"https:\/\/oursfurtif.com\/es\/wp-json\/wp\/v2\/product\/2752\/revisions"}],"wp:featuredmedia":[{"embeddable":true,"href":"https:\/\/oursfurtif.com\/es\/wp-json\/wp\/v2\/media\/3888"}],"wp:attachment":[{"href":"https:\/\/oursfurtif.com\/es\/wp-json\/wp\/v2\/media?parent=2752"}],"wp:term":[{"taxonomy":"product_brand","embeddable":true,"href":"https:\/\/oursfurtif.com\/es\/wp-json\/wp\/v2\/product_brand?post=2752"},{"taxonomy":"product_cat","embeddable":true,"href":"https:\/\/oursfurtif.com\/es\/wp-json\/wp\/v2\/product_cat?post=2752"},{"taxonomy":"product_tag","embeddable":true,"href":"https:\/\/oursfurtif.com\/es\/wp-json\/wp\/v2\/product_tag?post=2752"}],"curies":[{"name":"wp","href":"https:\/\/api.w.org\/{rel}","templated":true}]}}