{"id":17632,"date":"2024-10-28T18:16:45","date_gmt":"2024-10-28T17:16:45","guid":{"rendered":"http:\/\/oursfurtif.com\/?post_type=product&#038;p=17632"},"modified":"2024-10-28T18:51:40","modified_gmt":"2024-10-28T17:51:40","slug":"foyer-pliable-ecoresponsable","status":"publish","type":"product","link":"https:\/\/oursfurtif.com\/es\/producto\/foyer-pliable-ecoresponsable\/","title":{"rendered":"Foyer Pliable &#8211; Feu de Camp sans Impact Environnemental"},"content":{"rendered":"\t\t<div data-elementor-type=\"product-post\" data-elementor-id=\"17632\" class=\"elementor elementor-17632\" data-elementor-post-type=\"product\">\n\t\t\t\t<div class=\"elementor-element elementor-element-cc4016c e-con-full e-flex e-con e-parent\" data-id=\"cc4016c\" data-element_type=\"container\" data-e-type=\"container\">\n\t\t\t\t<div class=\"elementor-element elementor-element-7c73b58 elementor-widget__width-inherit elementor-widget elementor-widget-image\" data-id=\"7c73b58\" data-element_type=\"widget\" data-e-type=\"widget\" data-widget_type=\"image.default\">\n\t\t\t\t<div class=\"elementor-widget-container\">\n\t\t\t\t\t\t\t\t\t\t\t\t\t\t\t<img decoding=\"async\" width=\"970\" height=\"600\" src=\"https:\/\/oursfurtif.com\/wp-content\/uploads\/2024\/10\/foyer-camping-pliable-activities.jpg\" class=\"attachment-large size-large wp-image-17660\" alt=\"foyer pliable feu de camp sans impact environnemental\" srcset=\"https:\/\/oursfurtif.com\/wp-content\/uploads\/2024\/10\/foyer-camping-pliable-activities.jpg 970w, https:\/\/oursfurtif.com\/wp-content\/uploads\/2024\/10\/foyer-camping-pliable-activities-150x93.jpg 150w, https:\/\/oursfurtif.com\/wp-content\/uploads\/2024\/10\/foyer-camping-pliable-activities-300x186.jpg 300w, https:\/\/oursfurtif.com\/wp-content\/uploads\/2024\/10\/foyer-camping-pliable-activities-768x475.jpg 768w\" sizes=\"(max-width: 970px) 100vw, 970px\" \/>\t\t\t\t\t\t\t\t\t\t\t\t\t\t\t<\/div>\n\t\t\t\t<\/div>\n\t\t\t\t<div class=\"elementor-element elementor-element-2cb3b06 color-scheme-inherit text-left elementor-widget elementor-widget-text-editor\" data-id=\"2cb3b06\" data-element_type=\"widget\" data-e-type=\"widget\" data-widget_type=\"text-editor.default\">\n\t\t\t\t<div class=\"elementor-widget-container\">\n\t\t\t\t\t\t\t\t\t<h2>Pr\u00e9sentation du produit<\/h2><p>Le foyer pliable est le compagnon id\u00e9al des amoureux de la nature qui souhaitent profiter d&#8217;un feu de camp tout en respectant leur environnement. Fabriqu\u00e9 en <strong>acier inoxydable 304<\/strong>, il garantit une robustesse \u00e0 toute \u00e9preuve et r\u00e9siste aux temp\u00e9ratures \u00e9lev\u00e9es. Gr\u00e2ce \u00e0 son design pliable et son montage sans outil, il se monte et se d\u00e9monte facilement, offrant un foyer stable et <strong>sans impact sur le sol<\/strong>, m\u00eame en pleine nature.<\/p>\t\t\t\t\t\t\t\t<\/div>\n\t\t\t\t<\/div>\n\t\t\t\t<div class=\"elementor-element elementor-element-183db77 elementor-widget__width-initial elementor-widget elementor-widget-image\" data-id=\"183db77\" data-element_type=\"widget\" data-e-type=\"widget\" data-widget_type=\"image.default\">\n\t\t\t\t<div class=\"elementor-widget-container\">\n\t\t\t\t\t\t\t\t\t\t\t\t\t\t\t<img decoding=\"async\" width=\"300\" height=\"300\" src=\"https:\/\/oursfurtif.com\/wp-content\/uploads\/2024\/10\/foyer-camping-pliable-tech.jpg\" class=\"attachment-full size-full wp-image-17654\" alt=\"foyer pliable feu de camp sans impact environnemental\" srcset=\"https:\/\/oursfurtif.com\/wp-content\/uploads\/2024\/10\/foyer-camping-pliable-tech.jpg 300w, https:\/\/oursfurtif.com\/wp-content\/uploads\/2024\/10\/foyer-camping-pliable-tech-150x150.jpg 150w\" sizes=\"(max-width: 300px) 100vw, 300px\" \/>\t\t\t\t\t\t\t\t\t\t\t\t\t\t\t<\/div>\n\t\t\t\t<\/div>\n\t\t\t\t<div class=\"elementor-element elementor-element-1fd8e71 elementor-widget__width-initial text-center color-scheme-inherit elementor-widget elementor-widget-text-editor\" data-id=\"1fd8e71\" data-element_type=\"widget\" data-e-type=\"widget\" data-widget_type=\"text-editor.default\">\n\t\t\t\t<div class=\"elementor-widget-container\">\n\t\t\t\t\t\t\t\t\t<h3>Caract\u00e9ristiques techniques<\/h3><ul><li><strong>Mat\u00e9riau<\/strong> : Acier inoxydable 304 (durable et r\u00e9sistant \u00e0 la chaleur).<\/li><li><strong>Dimensions assembl\u00e9<\/strong> : 56 x 56 x 43 cm.<\/li><li><strong>Dimensions du sac<\/strong> : 24,13 x 9,91 cm, pratique pour le transport.<\/li><li><strong>Poids<\/strong> : 910 g.<\/li><li><strong>Couleur<\/strong> : Maille argent\u00e9e, tubes en acier, sac de transport noir.<\/li><\/ul>\t\t\t\t\t\t\t\t<\/div>\n\t\t\t\t<\/div>\n\t\t\t\t<div class=\"elementor-element elementor-element-410029b elementor-widget__width-inherit text-center color-scheme-inherit elementor-widget elementor-widget-text-editor\" data-id=\"410029b\" data-element_type=\"widget\" data-e-type=\"widget\" data-widget_type=\"text-editor.default\">\n\t\t\t\t<div class=\"elementor-widget-container\">\n\t\t\t\t\t\t\t\t\t<h3>Points forts<\/h3><ol><li><strong>Approche \u00e9coresponsable pour les feux de camp<\/strong> : Ce brasero prot\u00e8ge le sol et emp\u00eache les r\u00e9sidus de feu de s\u2019\u00e9parpiller, garantissant un minimum d\u2019impact sur l\u2019environnement.<\/li><li><strong>Assemblage instantan\u00e9 sans outil<\/strong> : Aucun outil n\u2019est requis pour l\u2019installation. Il suffit de fixer les tubes en acier au cadre pour obtenir un foyer stable.<\/li><li><strong>Design compact et portable<\/strong> : Repliable, il se range dans un sac de transport compact, parfait pour les randonn\u00e9es et les excursions.<\/li><li><strong>Maille fine et r\u00e9sistante<\/strong> : Emp\u00eache les cendres et les d\u00e9bris de se disperser, assurant un nettoyage rapide et une utilisation s\u00e9curis\u00e9e.<\/li><\/ol>\t\t\t\t\t\t\t\t<\/div>\n\t\t\t\t<\/div>\n\t\t\t\t<div class=\"elementor-element elementor-element-662e7c3 elementor-widget__width-inherit elementor-widget elementor-widget-image\" data-id=\"662e7c3\" data-element_type=\"widget\" data-e-type=\"widget\" data-widget_type=\"image.default\">\n\t\t\t\t<div class=\"elementor-widget-container\">\n\t\t\t\t\t\t\t\t\t\t\t\t\t\t\t<img decoding=\"async\" width=\"970\" height=\"600\" src=\"https:\/\/oursfurtif.com\/wp-content\/uploads\/2024\/10\/foyer-camping-pliable-use.jpg\" class=\"attachment-full size-full wp-image-17657\" alt=\"foyer pliable feu de camp sans impact environnemental\" srcset=\"https:\/\/oursfurtif.com\/wp-content\/uploads\/2024\/10\/foyer-camping-pliable-use.jpg 970w, https:\/\/oursfurtif.com\/wp-content\/uploads\/2024\/10\/foyer-camping-pliable-use-150x93.jpg 150w, https:\/\/oursfurtif.com\/wp-content\/uploads\/2024\/10\/foyer-camping-pliable-use-300x186.jpg 300w, https:\/\/oursfurtif.com\/wp-content\/uploads\/2024\/10\/foyer-camping-pliable-use-768x475.jpg 768w\" sizes=\"(max-width: 970px) 100vw, 970px\" \/>\t\t\t\t\t\t\t\t\t\t\t\t\t\t\t<\/div>\n\t\t\t\t<\/div>\n\t\t\t\t<div class=\"elementor-element elementor-element-5135854 elementor-widget__width-inherit text-center color-scheme-inherit elementor-widget elementor-widget-text-editor\" data-id=\"5135854\" data-element_type=\"widget\" data-e-type=\"widget\" data-widget_type=\"text-editor.default\">\n\t\t\t\t<div class=\"elementor-widget-container\">\n\t\t\t\t\t\t\t\t\t<h3>Conseil d&#8217;Ours Furtif<\/h3><p>Si vous aimez le <strong>feu de camp mais voulez minimiser votre empreinte \u00e9cologique<\/strong>, ce foyer pliable est le choix id\u00e9al. Il permet de profiter d\u2019une flamme chaleureuse en ext\u00e9rieur sans laisser de traces ind\u00e9sirables. Nous recommandons d\u2019emporter toujours un r\u00e9cipient pour r\u00e9cup\u00e9rer les cendres et de bien \u00e9teindre le feu avant de plier le foyer. Ce produit est parfait pour ceux qui pratiquent le <strong>Leave No Trace<\/strong> (Ne Laissez Aucune Trace) tout en profitant du plein air.<\/p>\t\t\t\t\t\t\t\t<\/div>\n\t\t\t\t<\/div>\n\t\t\t\t<div class=\"elementor-element elementor-element-c4dab5d elementor-widget__width-inherit color-scheme-inherit text-left elementor-widget elementor-widget-text-editor\" data-id=\"c4dab5d\" data-element_type=\"widget\" data-e-type=\"widget\" data-widget_type=\"text-editor.default\">\n\t\t\t\t<div class=\"elementor-widget-container\">\n\t\t\t\t\t\t\t\t\t<h3>FAQ<\/h3><ol><li><strong>Puis-je utiliser le brasero directement sur l&#8217;herbe sans ab\u00eemer le sol ?<\/strong><br \/>Oui, le brasero est con\u00e7u pour \u00e9viter tout dommage au sol, mais il est toujours conseill\u00e9 de choisir une surface stable pour optimiser la s\u00e9curit\u00e9.<\/li><li><strong>Comment le brasero limite-t-il l&#8217;impact \u00e9cologique ?<br \/><\/strong>La maille fine retient cendres et r\u00e9sidus, limitant les risques de br\u00fblures au sol et de dispersion des d\u00e9bris. En pliant et en rangeant le brasero apr\u00e8s utilisation, vous assurez que le site reste intact.<\/li><li><strong>Est-il adapt\u00e9 pour toutes les saisons ?<br \/><\/strong>Absolument, l\u2019acier inoxydable 304 r\u00e9siste bien aux conditions ext\u00e9rieures, m\u00eame lors de nuits fra\u00eeches et humides.<\/li><\/ol>\t\t\t\t\t\t\t\t<\/div>\n\t\t\t\t<\/div>\n\t\t\t\t<\/div>\n\t\t\t\t<\/div>\n\t\t","protected":false},"excerpt":{"rendered":"<p><strong>Profitez d&#8217;un feu de camp responsable o\u00f9 que vous soyez<\/strong> avec ce foyer pliable ! Con\u00e7u pour les amateurs de plein air soucieux de l&#8217;environnement, ce foyer vous permet d&#8217;allumer un feu en pleine nature sans d\u00e9grader le sol ni laisser de traces. L\u00e9ger, facile \u00e0 monter sans outil, et dot\u00e9 d\u2019une maille fine en acier inoxydable pour retenir cendres et d\u00e9bris.<\/p>\n<ul>\n<li><strong>Feu de camp sans empreinte \u00e9cologique<\/strong> : Permet d\u2019allumer un feu sans laisser de traces ni endommager le sol.<\/li>\n<li><strong>Assemblage sans outil<\/strong> : Pr\u00eat en quelques secondes, id\u00e9al pour une utilisation rapide.<\/li>\n<li><strong>Mat\u00e9riaux durables et \u00e9cologiques<\/strong> : Acier inoxydable 304 pour une haute r\u00e9sistance.<\/li>\n<li><strong>Design pliable et portable<\/strong> : Compact, avec un sac de transport inclus pour un transport facile.<\/li>\n<li><strong>Maille anti-cendres<\/strong> : Conserve les cendres pour un nettoyage simplifi\u00e9 et une protection de la nature.<\/li>\n<\/ul>\n","protected":false},"featured_media":17635,"comment_status":"open","ping_status":"closed","template":"","meta":{"_seopress_robots_primary_cat":"none","_seopress_titles_title":"Foyer Pliable - Feu de Camp sans Impact Environnemental","_seopress_titles_desc":"Brasero pliable, id\u00e9al pour des feux de camp en ext\u00e9rieur sans ab\u00eemer le sol. L\u00e9ger, \u00e9cologique, pour camping et nature.","_seopress_robots_index":""},"product_brand":[],"product_cat":[21],"product_tag":[125],"class_list":{"0":"post-17632","1":"product","2":"type-product","3":"status-publish","4":"has-post-thumbnail","6":"product_cat-feu-cuisine","7":"product_tag-amazon","9":"first","10":"instock","11":"taxable","12":"shipping-taxable","13":"product-type-external"},"_links":{"self":[{"href":"https:\/\/oursfurtif.com\/es\/wp-json\/wp\/v2\/product\/17632","targetHints":{"allow":["GET"]}}],"collection":[{"href":"https:\/\/oursfurtif.com\/es\/wp-json\/wp\/v2\/product"}],"about":[{"href":"https:\/\/oursfurtif.com\/es\/wp-json\/wp\/v2\/types\/product"}],"replies":[{"embeddable":true,"href":"https:\/\/oursfurtif.com\/es\/wp-json\/wp\/v2\/comments?post=17632"}],"version-history":[{"count":0,"href":"https:\/\/oursfurtif.com\/es\/wp-json\/wp\/v2\/product\/17632\/revisions"}],"wp:featuredmedia":[{"embeddable":true,"href":"https:\/\/oursfurtif.com\/es\/wp-json\/wp\/v2\/media\/17635"}],"wp:attachment":[{"href":"https:\/\/oursfurtif.com\/es\/wp-json\/wp\/v2\/media?parent=17632"}],"wp:term":[{"taxonomy":"product_brand","embeddable":true,"href":"https:\/\/oursfurtif.com\/es\/wp-json\/wp\/v2\/product_brand?post=17632"},{"taxonomy":"product_cat","embeddable":true,"href":"https:\/\/oursfurtif.com\/es\/wp-json\/wp\/v2\/product_cat?post=17632"},{"taxonomy":"product_tag","embeddable":true,"href":"https:\/\/oursfurtif.com\/es\/wp-json\/wp\/v2\/product_tag?post=17632"}],"curies":[{"name":"wp","href":"https:\/\/api.w.org\/{rel}","templated":true}]}}