{"id":34162,"date":"2017-06-21T08:08:52","date_gmt":"2017-06-21T06:08:52","guid":{"rendered":"http:\/\/oursfurtif.com\/lista-de-deseos\/"},"modified":"2017-06-21T08:08:52","modified_gmt":"2017-06-21T06:08:52","slug":"lista-de-deseos","status":"publish","type":"page","link":"https:\/\/oursfurtif.com\/es\/lista-de-deseos\/","title":{"rendered":"Lista de deseos"},"content":{"rendered":"\t\t\n\t\t\n\n\t\t\t\t<div class=\"\" >\n\t\t\t\t\t\t<div class=\"wd-wishlist-content\">\n\t\t\t\t\t\t\t\t\t\n\t\t<div class=\"wd-empty-block wd-empty-wishlist\">\n\n\t\t<h2 class=\"wd-empty-block-title\">\n\t\t\tThis wishlist is empty.\t\t<\/h2>\n\n\t\t\t\t\t<p class=\"wd-empty-block-text\">\n\t\t\t\tVous n'avez pas encore de produits dans la liste de souhaits. <br>Vous trouverez de nombreux produits int\u00e9ressants sur notre page \"Boutique\".\t\t\t<\/p>\n\t\t\n\t\t\n\t\t\t\t\t<a class=\"button btn btn-accent wd-empty-block-btn\" href=\"https:\/\/oursfurtif.com\/es\/tienda\/\">\n\t\t\t\tReturn to shop\t\t\t<\/a>\n\t\t\n\t\t\t\t\t<\/div>\n\t\t\t\t\t\t\t\t\t\t\t<\/div>\n\t\t\t\t<\/div>\n\t\t\n","protected":false},"excerpt":{"rendered":"","protected":false},"author":1,"featured_media":0,"parent":0,"menu_order":0,"comment_status":"closed","ping_status":"closed","template":"","meta":{"_seopress_robots_primary_cat":"","_seopress_titles_title":"Mi lista de deseos - Stealth Bear","_seopress_titles_desc":"Gestiona tu lista de deseos en Oso Furtivo. A\u00f1ade tus productos favoritos y encu\u00e9ntralos f\u00e1cilmente en tu pr\u00f3xima visita. ","_seopress_robots_index":"s\u00ed","footnotes":""},"class_list":["post-34162","page","type-page","status-publish","hentry"],"_links":{"self":[{"href":"https:\/\/oursfurtif.com\/es\/wp-json\/wp\/v2\/pages\/34162","targetHints":{"allow":["GET"]}}],"collection":[{"href":"https:\/\/oursfurtif.com\/es\/wp-json\/wp\/v2\/pages"}],"about":[{"href":"https:\/\/oursfurtif.com\/es\/wp-json\/wp\/v2\/types\/page"}],"author":[{"embeddable":true,"href":"https:\/\/oursfurtif.com\/es\/wp-json\/wp\/v2\/users\/1"}],"replies":[{"embeddable":true,"href":"https:\/\/oursfurtif.com\/es\/wp-json\/wp\/v2\/comments?post=34162"}],"version-history":[{"count":0,"href":"https:\/\/oursfurtif.com\/es\/wp-json\/wp\/v2\/pages\/34162\/revisions"}],"wp:attachment":[{"href":"https:\/\/oursfurtif.com\/es\/wp-json\/wp\/v2\/media?parent=34162"}],"curies":[{"name":"wp","href":"https:\/\/api.w.org\/{rel}","templated":true}]}}