{"id":34157,"date":"2017-06-21T08:08:41","date_gmt":"2017-06-21T06:08:41","guid":{"rendered":"http:\/\/oursfurtif.com\/compara\/"},"modified":"2017-06-21T08:08:41","modified_gmt":"2017-06-21T06:08:41","slug":"compara","status":"publish","type":"page","link":"https:\/\/oursfurtif.com\/es\/compara\/","title":{"rendered":"Compara"},"content":{"rendered":"\t\t<div class=\"wd-empty-block wd-empty-compare\">\n\t\t\t<h2 class=\"wd-empty-block-title\">\n\t\t\t\tCompare list is empty.\t\t\t<\/h2>\n\t\t\t\t\t\t\t<p class=\"wd-empty-block-text\">\n\t\t\t\t\tAucun produit ajout\u00e9 dans la liste de comparaison. Vous devez ajouter des produits pour les comparer.<br>Vous trouverez de nombreux produits int\u00e9ressants sur notre page \"Boutique\".\t\t\t\t<\/p>\n\t\t\t\t\t\t<a class=\"button btn btn-accent wd-empty-block-btn\" href=\"https:\/\/oursfurtif.com\/es\/tienda\/\">\n\t\t\t\tReturn to shop\t\t\t<\/a>\n\t\t<\/div>\n\t\t\n","protected":false},"excerpt":{"rendered":"","protected":false},"author":1,"featured_media":0,"parent":0,"menu_order":0,"comment_status":"closed","ping_status":"closed","template":"","meta":{"_seopress_robots_primary_cat":"","_seopress_titles_title":"Comparar productos - Oso Sigiloso","_seopress_titles_desc":"Compara los productos en Ours Furtif para encontrar el que mejor se adapte a tus necesidades. Analiza las caracter\u00edsticas y haz la mejor elecci\u00f3n. ","_seopress_robots_index":"s\u00ed","footnotes":""},"class_list":["post-34157","page","type-page","status-publish","hentry"],"_links":{"self":[{"href":"https:\/\/oursfurtif.com\/es\/wp-json\/wp\/v2\/pages\/34157","targetHints":{"allow":["GET"]}}],"collection":[{"href":"https:\/\/oursfurtif.com\/es\/wp-json\/wp\/v2\/pages"}],"about":[{"href":"https:\/\/oursfurtif.com\/es\/wp-json\/wp\/v2\/types\/page"}],"author":[{"embeddable":true,"href":"https:\/\/oursfurtif.com\/es\/wp-json\/wp\/v2\/users\/1"}],"replies":[{"embeddable":true,"href":"https:\/\/oursfurtif.com\/es\/wp-json\/wp\/v2\/comments?post=34157"}],"version-history":[{"count":0,"href":"https:\/\/oursfurtif.com\/es\/wp-json\/wp\/v2\/pages\/34157\/revisions"}],"wp:attachment":[{"href":"https:\/\/oursfurtif.com\/es\/wp-json\/wp\/v2\/media?parent=34157"}],"curies":[{"name":"wp","href":"https:\/\/api.w.org\/{rel}","templated":true}]}}