{"id":34149,"date":"2021-05-12T20:31:04","date_gmt":"2021-05-12T18:31:04","guid":{"rendered":"http:\/\/oursfurtif.com\/sobre-nosotros\/"},"modified":"2025-07-18T16:59:36","modified_gmt":"2025-07-18T14:59:36","slug":"sobre-nosotros","status":"publish","type":"page","link":"https:\/\/oursfurtif.com\/es\/sobre-nosotros\/","title":{"rendered":"Sobre nosotros"},"content":{"rendered":"\t\t<div data-elementor-type=\"wp-page\" data-elementor-id=\"34149\" class=\"elementor elementor-34149 elementor-3058\" data-elementor-post-type=\"page\">\n\t\t\t\t\t\t<section class=\"wd-negative-gap elementor-section elementor-top-section elementor-element elementor-element-2e7a799 elementor-section-boxed elementor-section-height-default elementor-section-height-default\" data-id=\"2e7a799\" data-element_type=\"section\" data-e-type=\"section\">\n\t\t\t\t\t\t<div class=\"elementor-container elementor-column-gap-default\">\n\t\t\t\t\t<div class=\"elementor-column elementor-col-100 elementor-top-column elementor-element elementor-element-3f17042\" data-id=\"3f17042\" data-element_type=\"column\" data-e-type=\"column\">\n\t\t\t<div class=\"elementor-widget-wrap elementor-element-populated\">\n\t\t\t\t\t\t<div class=\"elementor-element elementor-element-66ab72e elementor-widget elementor-widget-image\" data-id=\"66ab72e\" data-element_type=\"widget\" data-e-type=\"widget\" data-widget_type=\"image.default\">\n\t\t\t\t<div class=\"elementor-widget-container\">\n\t\t\t\t\t\t\t\t\t\t\t\t\t\t\t<img decoding=\"async\" width=\"300\" height=\"205\" src=\"https:\/\/oursfurtif.com\/wp-content\/uploads\/2019\/12\/cropped-Ours-Furtif-300x205.png\" class=\"attachment-medium size-medium wp-image-34136\" alt=\"\" srcset=\"https:\/\/oursfurtif.com\/wp-content\/uploads\/2019\/12\/cropped-Ours-Furtif-300x205.png 300w, https:\/\/oursfurtif.com\/wp-content\/uploads\/2019\/12\/cropped-Ours-Furtif-150x103.png 150w, https:\/\/oursfurtif.com\/wp-content\/uploads\/2019\/12\/cropped-Ours-Furtif-600x410.png 600w, https:\/\/oursfurtif.com\/wp-content\/uploads\/2019\/12\/cropped-Ours-Furtif.png 699w\" sizes=\"(max-width: 300px) 100vw, 300px\" \/>\t\t\t\t\t\t\t\t\t\t\t\t\t\t\t<\/div>\n\t\t\t\t<\/div>\n\t\t\t\t<div class=\"elementor-element elementor-element-b146a55 text-center color-scheme-inherit elementor-widget elementor-widget-text-editor\" data-id=\"b146a55\" data-element_type=\"widget\" data-e-type=\"widget\" data-widget_type=\"text-editor.default\">\n\t\t\t\t<div class=\"elementor-widget-container\">\n\t\t\t\t\t\t\t\t\t<p>Ours Furtif es una marca francesa cuyo objetivo es ayudar a los campistas, excursionistas, supervivientes y aficionados al bushcraft a abastecerse de material de supervivencia para sus salidas al aire libre.&nbsp;<\/p><p>En nuestra tienda encontrar\u00e1s productos que hemos seleccionado para ayudarte a elegir el equipo adecuado. Tambi\u00e9n ofrecemos nuestros propios productos, como nuestro famoso pedernal.<\/p><p><span style=\"font-size: 16px; color: var( --e-global-color-1db94b08 );\">Tambi\u00e9n encontrar\u00e1s varias gu\u00edas en nuestro blog para ayudarte a elegir tu equipo de acampada, aprender t\u00e9cnicas de supervivencia y saber c\u00f3mo utilizar nuestros productos.<br><\/span><span style=\"color: var( --e-global-color-1db94b08 ); font-size: 16px;\">(encender un fuego, utilizar una pulsera de paracord, cuchillos de supervivencia, combustibles naturales, montar un campamento)<\/span><\/p><p><span style=\"font-size: 16px; color: var( --e-global-color-1db94b08 );\">Nos cuestionamos constantemente y escuchamos a nuestros clientes para mejorar nuestros productos de modo que respondan a sus necesidades con la mayor eficacia posible.<\/span><\/p>\t\t\t\t\t\t\t\t<\/div>\n\t\t\t\t<\/div>\n\t\t\t\t\t<\/div>\n\t\t<\/div>\n\t\t\t\t\t<\/div>\n\t\t<\/section>\n\t\t\t\t<\/div>\n\t\t","protected":false},"excerpt":{"rendered":"<p>Ours Furtif es una marca francesa cuyo objetivo es ayudar a los campistas, excursionistas, supervivientes y aficionados al bushcraft a<\/p>\n","protected":false},"author":1,"featured_media":0,"parent":0,"menu_order":0,"comment_status":"closed","ping_status":"closed","template":"","meta":{"_seopress_robots_primary_cat":"","_seopress_titles_title":"Ours Furtif - Una marca francesa que escucha a sus clientes","_seopress_titles_desc":"Encuentra productos eficaces, sencillos y sin florituras para tus salidas al aire libre, y descubre todas las sutilezas de la supervivencia.","_seopress_robots_index":"","footnotes":""},"class_list":["post-34149","page","type-page","status-publish","hentry"],"_links":{"self":[{"href":"https:\/\/oursfurtif.com\/es\/wp-json\/wp\/v2\/pages\/34149","targetHints":{"allow":["GET"]}}],"collection":[{"href":"https:\/\/oursfurtif.com\/es\/wp-json\/wp\/v2\/pages"}],"about":[{"href":"https:\/\/oursfurtif.com\/es\/wp-json\/wp\/v2\/types\/page"}],"author":[{"embeddable":true,"href":"https:\/\/oursfurtif.com\/es\/wp-json\/wp\/v2\/users\/1"}],"replies":[{"embeddable":true,"href":"https:\/\/oursfurtif.com\/es\/wp-json\/wp\/v2\/comments?post=34149"}],"version-history":[{"count":0,"href":"https:\/\/oursfurtif.com\/es\/wp-json\/wp\/v2\/pages\/34149\/revisions"}],"wp:attachment":[{"href":"https:\/\/oursfurtif.com\/es\/wp-json\/wp\/v2\/media?parent=34149"}],"curies":[{"name":"wp","href":"https:\/\/api.w.org\/{rel}","templated":true}]}}