{"id":17029,"date":"2024-10-13T21:34:22","date_gmt":"2024-10-13T19:34:22","guid":{"rendered":"http:\/\/oursfurtif.com\/?post_type=product&#038;p=17029"},"modified":"2024-10-13T22:00:09","modified_gmt":"2024-10-13T20:00:09","slug":"sac-a-dos-randonnee-75l-housse-pluie","status":"publish","type":"product","link":"https:\/\/oursfurtif.com\/en\/product\/sac-a-dos-randonnee-75l-housse-pluie\/","title":{"rendered":"Sac \u00e0 dos de randonn\u00e9e 75L avec housse de pluie"},"content":{"rendered":"\t\t<div data-elementor-type=\"product-post\" data-elementor-id=\"17029\" class=\"elementor elementor-17029\" data-elementor-post-type=\"product\">\n\t\t\t\t<div class=\"elementor-element elementor-element-cc4016c e-con-full e-flex e-con e-parent\" data-id=\"cc4016c\" data-element_type=\"container\" data-e-type=\"container\">\n\t\t\t\t<div class=\"elementor-element elementor-element-2cb3b06 color-scheme-inherit text-left elementor-widget elementor-widget-text-editor\" data-id=\"2cb3b06\" data-element_type=\"widget\" data-e-type=\"widget\" data-widget_type=\"text-editor.default\">\n\t\t\t\t<div class=\"elementor-widget-container\">\n\t\t\t\t\t\t\t\t\t<h2>Pr\u00e9sentation du produit<\/h2><p>Le <strong>sac \u00e0 dos de randonn\u00e9e Amazon Basics de 75L<\/strong> est con\u00e7u pour les amateurs de plein air en qu\u00eate d&#8217;un \u00e9quipement fiable et confortable. Que vous partiez pour une randonn\u00e9e de plusieurs jours, un trek ou un camping, ce sac vous accompagne avec sa capacit\u00e9 g\u00e9n\u00e9reuse et ses fonctionnalit\u00e9s pratiques. Il est fabriqu\u00e9 en <strong>polyester durable<\/strong>, assurant ainsi une r\u00e9sistance accrue face aux conditions difficiles.<\/p>\t\t\t\t\t\t\t\t<\/div>\n\t\t\t\t<\/div>\n\t\t\t\t<div class=\"elementor-element elementor-element-cf0348c elementor-widget__width-initial elementor-widget elementor-widget-image\" data-id=\"cf0348c\" data-element_type=\"widget\" data-e-type=\"widget\" data-widget_type=\"image.default\">\n\t\t\t\t<div class=\"elementor-widget-container\">\n\t\t\t\t\t\t\t\t\t\t\t\t\t\t\t<img decoding=\"async\" width=\"1024\" height=\"1024\" src=\"https:\/\/oursfurtif.com\/wp-content\/uploads\/2024\/10\/sac-a-dos-randonnee-75l-1024x1024.jpg\" class=\"attachment-large size-large wp-image-17031\" alt=\"Sac \u00e0 dos randonn\u00e9e 75L avec armature et housse de pluie\" srcset=\"https:\/\/oursfurtif.com\/wp-content\/uploads\/2024\/10\/sac-a-dos-randonnee-75l-1024x1024.jpg 1024w, https:\/\/oursfurtif.com\/wp-content\/uploads\/2024\/10\/sac-a-dos-randonnee-75l-600x600.jpg 600w, https:\/\/oursfurtif.com\/wp-content\/uploads\/2024\/10\/sac-a-dos-randonnee-75l-150x150.jpg 150w, https:\/\/oursfurtif.com\/wp-content\/uploads\/2024\/10\/sac-a-dos-randonnee-75l-1200x1200.jpg 1200w, https:\/\/oursfurtif.com\/wp-content\/uploads\/2024\/10\/sac-a-dos-randonnee-75l-300x300.jpg 300w, https:\/\/oursfurtif.com\/wp-content\/uploads\/2024\/10\/sac-a-dos-randonnee-75l-768x768.jpg 768w, https:\/\/oursfurtif.com\/wp-content\/uploads\/2024\/10\/sac-a-dos-randonnee-75l.jpg 1500w\" sizes=\"(max-width: 1024px) 100vw, 1024px\" \/>\t\t\t\t\t\t\t\t\t\t\t\t\t\t\t<\/div>\n\t\t\t\t<\/div>\n\t\t\t\t<div class=\"elementor-element elementor-element-1fd8e71 elementor-widget__width-initial text-center color-scheme-inherit elementor-widget elementor-widget-text-editor\" data-id=\"1fd8e71\" data-element_type=\"widget\" data-e-type=\"widget\" data-widget_type=\"text-editor.default\">\n\t\t\t\t<div class=\"elementor-widget-container\">\n\t\t\t\t\t\t\t\t\t<h3><strong>Caract\u00e9ristiques techniques :<\/strong><\/h3><ul><li><strong>Capacit\u00e9 totale<\/strong> : 75 litres (70L + 5L gr\u00e2ce au col extensible).<\/li><li><strong>Mati\u00e8re<\/strong> : Polyester robuste avec rembourrage en mousse pour plus de confort.<\/li><li><strong>Dimensions<\/strong> : 66 cm de long ; 45,72 cm de large ; 93,98 cm de haut.<\/li><li><strong>Poids<\/strong> : 2,32 kg.<\/li><li><strong>Compartiments<\/strong> : Compartiment d\u00e9di\u00e9 pour sac de couchage et poches de rangement.<\/li><li><strong>Sangles de compression<\/strong> : Sangles multidirectionnelles pour maintenir l&#8217;\u00e9quipement en place.<\/li><li><strong>Ajustabilit\u00e9<\/strong> : Bretelles r\u00e9glables et ceinture lombaire pour un ajustement personnalis\u00e9.<\/li><\/ul>\t\t\t\t\t\t\t\t<\/div>\n\t\t\t\t<\/div>\n\t\t\t\t<div class=\"elementor-element elementor-element-cd1eb11 elementor-widget__width-initial text-center color-scheme-inherit elementor-widget elementor-widget-text-editor\" data-id=\"cd1eb11\" data-element_type=\"widget\" data-e-type=\"widget\" data-widget_type=\"text-editor.default\">\n\t\t\t\t<div class=\"elementor-widget-container\">\n\t\t\t\t\t\t\t\t\t<h3><strong>Points forts :<\/strong><\/h3><ul><li><p><strong>Grand espace de rangement<\/strong> : La capacit\u00e9 de 75L, avec un col extensible offrant 5L suppl\u00e9mentaires, permet d\u2019emporter tout le n\u00e9cessaire pour vos sorties. De nombreuses poches permettent de ranger efficacement votre mat\u00e9riel, des v\u00eatements aux \u00e9quipements techniques.<\/p><\/li><li><p><strong>Confort in\u00e9gal\u00e9<\/strong> : Le <strong>rembourrage en mousse \u00e0 cellules ouvertes<\/strong> sur les bretelles et le soutien lombaire vous assure une r\u00e9partition \u00e9quilibr\u00e9e de la charge. Les canaux moul\u00e9s facilitent la <strong>circulation de l\u2019air<\/strong>, r\u00e9duisant ainsi l&#8217;accumulation de chaleur et d&#8217;humidit\u00e9 dans votre dos.<\/p><\/li><li><p><strong>Protection contre les intemp\u00e9ries<\/strong> : Ce sac \u00e0 dos est con\u00e7u pour affronter les <strong>conditions m\u00e9t\u00e9orologiques difficiles<\/strong>. Son ext\u00e9rieur est dot\u00e9 d\u2019un rev\u00eatement hydrophobe pour les pluies l\u00e9g\u00e8res, tandis qu&#8217;une <strong>housse imperm\u00e9able<\/strong> incluse prot\u00e8ge efficacement votre mat\u00e9riel en cas de fortes pluies.<\/p><\/li><li><p><strong>Ajustement pour toutes les morphologies<\/strong> : Les bretelles et la ceinture lombaire sont enti\u00e8rement r\u00e9glables, permettant ainsi d\u2019adapter le sac \u00e0 des utilisateurs de diff\u00e9rentes tailles et morphologies, hommes comme femmes, adolescents comme adultes.<\/p><\/li><\/ul>\t\t\t\t\t\t\t\t<\/div>\n\t\t\t\t<\/div>\n\t\t\t\t<div class=\"elementor-element elementor-element-a9b56e0 elementor-widget__width-initial elementor-widget elementor-widget-image\" data-id=\"a9b56e0\" data-element_type=\"widget\" data-e-type=\"widget\" data-widget_type=\"image.default\">\n\t\t\t\t<div class=\"elementor-widget-container\">\n\t\t\t\t\t\t\t\t\t\t\t\t\t\t\t<img decoding=\"async\" width=\"231\" height=\"300\" src=\"https:\/\/oursfurtif.com\/wp-content\/uploads\/2024\/10\/sac-a-dos-randonnee-75l-9.jpg\" class=\"attachment-medium_large size-medium_large wp-image-17055\" alt=\"Sac \u00e0 dos randonn\u00e9e 75L avec armature et housse de pluie\" srcset=\"https:\/\/oursfurtif.com\/wp-content\/uploads\/2024\/10\/sac-a-dos-randonnee-75l-9.jpg 231w, https:\/\/oursfurtif.com\/wp-content\/uploads\/2024\/10\/sac-a-dos-randonnee-75l-9-150x195.jpg 150w\" sizes=\"(max-width: 231px) 100vw, 231px\" \/>\t\t\t\t\t\t\t\t\t\t\t\t\t\t\t<\/div>\n\t\t\t\t<\/div>\n\t\t\t\t<div class=\"elementor-element elementor-element-56c3ad6 elementor-widget__width-inherit text-center color-scheme-inherit elementor-widget elementor-widget-text-editor\" data-id=\"56c3ad6\" data-element_type=\"widget\" data-e-type=\"widget\" data-widget_type=\"text-editor.default\">\n\t\t\t\t<div class=\"elementor-widget-container\">\n\t\t\t\t\t\t\t\t\t<h3><strong>Conseils Ours Furtif :<\/strong><\/h3><p>Le <strong>sac \u00e0 dos Amazon Basics 75L<\/strong> est un compagnon de choix pour les randonneurs et campeurs qui recherchent un sac robuste et polyvalent. Avec son <strong>confort ergonomique<\/strong>, ses multiples fonctionnalit\u00e9s et sa grande <strong>r\u00e9sistance aux intemp\u00e9ries<\/strong>, il permet de transporter facilement tout ce dont vous avez besoin, peu importe la dur\u00e9e ou la difficult\u00e9 de votre aventure. De plus il offre un prix tr\u00e8s comp\u00e9titif pour les petits budgets.<\/p>\t\t\t\t\t\t\t\t<\/div>\n\t\t\t\t<\/div>\n\t\t\t\t<div class=\"elementor-element elementor-element-29c7224 elementor-widget__width-inherit text-center color-scheme-inherit elementor-widget elementor-widget-text-editor\" data-id=\"29c7224\" data-element_type=\"widget\" data-e-type=\"widget\" data-widget_type=\"text-editor.default\">\n\t\t\t\t<div class=\"elementor-widget-container\">\n\t\t\t\t\t\t\t\t\t<h2>FAQ :<\/h2><p><strong>1. Ce sac \u00e0 dos est-il compatible avec une poche \u00e0 eau ?<\/strong><br \/>Oui, il dispose d\u2019un espace pour int\u00e9grer une poche \u00e0 eau, bien que celle-ci ne soit pas incluse.<\/p><p><strong>2. Peut-on utiliser ce sac pour des voyages en avion ?<\/strong><br \/>Avec ses dimensions, il peut \u00eatre utilis\u00e9 comme bagage en soute, mais sa capacit\u00e9 de 75L le rend trop grand pour un bagage cabine.<\/p><p><strong>3. Ce sac est-il unisexe ?<\/strong><br \/>Oui, ce sac \u00e0 dos est con\u00e7u pour s\u2019adapter aussi bien aux hommes qu\u2019aux femmes, gr\u00e2ce \u00e0 ses nombreuses options de r\u00e9glage.<\/p><p><strong>4. Le sac \u00e0 dos peut-il supporter des charges lourdes ?<\/strong><br \/>Oui, il est con\u00e7u pour transporter des charges importantes tout en maintenant un bon confort gr\u00e2ce \u00e0 son soutien lombaire renforc\u00e9 et ses sangles de compression.<\/p>\t\t\t\t\t\t\t\t<\/div>\n\t\t\t\t<\/div>\n\t\t\t\t<\/div>\n\t\t\t\t<\/div>\n\t\t","protected":false},"excerpt":{"rendered":"<p>Pr\u00e9parez-vous pour vos aventures avec ce sac \u00e0 dos de randonn\u00e9e 75L Amazon. Confortable, durable et \u00e9quip\u00e9 d&#8217;une housse imperm\u00e9able, il offre un grand espace de rangement et un ajustement optimal pour vos excursions en plein air.<\/p>\n<ul>\n<li><strong>Capacit\u00e9 de 75L<\/strong> : Offre un espace de rangement spacieux avec un col extensible de 5L.<\/li>\n<li><strong>Confort maximal<\/strong> : Bretelles rembourr\u00e9es et soutien lombaire pour un port ergonomique.<\/li>\n<li><strong>Protection contre la pluie<\/strong> : Housse imperm\u00e9able incluse et rev\u00eatement hydrophobe.<\/li>\n<li><strong>Nombreux compartiments<\/strong> : Grand espace pour sac de couchage et poches pratiques pour l&#8217;organisation.<\/li>\n<li><strong>Sangles ajustables<\/strong> : Sangles de compression multidirectionnelles pour stabiliser la charge.<\/li>\n<\/ul>\n","protected":false},"featured_media":17057,"comment_status":"open","ping_status":"closed","template":"","meta":{"_seopress_robots_primary_cat":"none","_seopress_titles_title":"Sac \u00e0 dos randonn\u00e9e 75L avec armature et housse de pluie","_seopress_titles_desc":"Achetez le sac \u00e0 dos Basics 75L pour randonn\u00e9e. Confortable, r\u00e9sistant \u00e0 l'eau et avec housse imperm\u00e9able incluse, il est parfait pour les aventures en plein air.","_seopress_robots_index":""},"product_brand":[],"product_cat":[153],"product_tag":[125],"class_list":{"0":"post-17029","1":"product","2":"type-product","3":"status-publish","4":"has-post-thumbnail","6":"product_cat-sac-a-dos","7":"product_tag-amazon","9":"first","10":"instock","11":"taxable","12":"shipping-taxable","13":"product-type-external"},"_links":{"self":[{"href":"https:\/\/oursfurtif.com\/en\/wp-json\/wp\/v2\/product\/17029","targetHints":{"allow":["GET"]}}],"collection":[{"href":"https:\/\/oursfurtif.com\/en\/wp-json\/wp\/v2\/product"}],"about":[{"href":"https:\/\/oursfurtif.com\/en\/wp-json\/wp\/v2\/types\/product"}],"replies":[{"embeddable":true,"href":"https:\/\/oursfurtif.com\/en\/wp-json\/wp\/v2\/comments?post=17029"}],"version-history":[{"count":0,"href":"https:\/\/oursfurtif.com\/en\/wp-json\/wp\/v2\/product\/17029\/revisions"}],"wp:featuredmedia":[{"embeddable":true,"href":"https:\/\/oursfurtif.com\/en\/wp-json\/wp\/v2\/media\/17057"}],"wp:attachment":[{"href":"https:\/\/oursfurtif.com\/en\/wp-json\/wp\/v2\/media?parent=17029"}],"wp:term":[{"taxonomy":"product_brand","embeddable":true,"href":"https:\/\/oursfurtif.com\/en\/wp-json\/wp\/v2\/product_brand?post=17029"},{"taxonomy":"product_cat","embeddable":true,"href":"https:\/\/oursfurtif.com\/en\/wp-json\/wp\/v2\/product_cat?post=17029"},{"taxonomy":"product_tag","embeddable":true,"href":"https:\/\/oursfurtif.com\/en\/wp-json\/wp\/v2\/product_tag?post=17029"}],"curies":[{"name":"wp","href":"https:\/\/api.w.org\/{rel}","templated":true}]}}