{"id":8542,"date":"2023-11-25T17:40:24","date_gmt":"2023-11-25T16:40:24","guid":{"rendered":"http:\/\/oursfurtif.com\/produit\/tasse-300ml-aus-titan\/"},"modified":"2024-06-09T15:55:24","modified_gmt":"2024-06-09T13:55:24","slug":"tasse-300ml-aus-titan","status":"publish","type":"product","link":"https:\/\/oursfurtif.com\/de\/produkt\/tasse-300ml-aus-titan\/","title":{"rendered":"Tasse 300ml aus Titan"},"content":{"rendered":"\t\t<div data-elementor-type=\"product-post\" data-elementor-id=\"8542\" class=\"elementor elementor-8542 elementor-6641\" data-elementor-post-type=\"product\">\n\t\t\t\t<div class=\"wd-negative-gap elementor-element elementor-element-540f721 e-flex e-con-boxed e-con e-parent\" data-id=\"540f721\" data-element_type=\"container\" data-e-type=\"container\">\n\t\t\t\t\t<div class=\"e-con-inner\">\n\t\t\t\t<div class=\"elementor-element elementor-element-3e4f0b8 elementor-widget elementor-widget-image\" data-id=\"3e4f0b8\" data-element_type=\"widget\" data-e-type=\"widget\" data-widget_type=\"image.default\">\n\t\t\t\t<div class=\"elementor-widget-container\">\n\t\t\t\t\t\t\t\t\t\t\t\t\t\t\t<img decoding=\"async\" src=\"https:\/\/m.media-amazon.com\/images\/S\/aplus-media-library-service-media\/005b3169-941e-49d6-88b8-a58b6150ae9f.__CR0,0,970,600_PT0_SX970_V1___.jpg\" title=\"\" alt=\"\" loading=\"lazy\" \/>\t\t\t\t\t\t\t\t\t\t\t\t\t\t\t<\/div>\n\t\t\t\t<\/div>\n\t\t\t\t<div class=\"elementor-element elementor-element-3b08a42 color-scheme-inherit text-left elementor-widget elementor-widget-text-editor\" data-id=\"3b08a42\" data-element_type=\"widget\" data-e-type=\"widget\" data-widget_type=\"text-editor.default\">\n\t\t\t\t<div class=\"elementor-widget-container\">\n\t\t\t\t\t\t\t\t\t<h2>\n            <strong>WARUM SOLLTEN SIE SICH F\u00dcR DEN LIXADA TITANIUM CUT ENTSCHEIDEN?<\/strong><br \/>\n          <\/h2>\n<p>\n            <strong>Schale aus Titan:<\/strong>\n          <\/p>\n<ul>\n<li>Titan ist leicht, robust und korrosionsbest\u00e4ndig und kann viele Jahre lang verwendet werden.<\/li>\n<li>Die abgerundete Unterkante erleichtert die Reinigung und erh\u00f6ht die Heizleistung.<\/li>\n<li>Die Griffe sind f\u00fcr eine einfache Aufbewahrung gefaltet, das Titanium hinterl\u00e4sst keinen metallischen Geruch oder Geschmack.<\/li>\n<\/ul>\n<p>\n            <strong>Gr\u00f6\u00dfe:<\/strong>\n          <\/p>\n<ul>\n<li>300 ml Tasse: 73 * 80 mm \/ 2,9 * 3,1 Zoll (H * T); Gewicht: 75g \/ 2,6 oz<\/li>\n<li>350 ml Tasse: 76 * 85mm \/ 3.0 * 3.3 Zoll (H * T); Gewicht: 84g \/ 3.0oz<\/li>\n<li>420 ml Tasse: 93 * 85 mm \/ 3,7 * 3,3 Zoll (H * T); Gewicht: 90g \/ 3.2 oz<\/li>\n<li>550 ml Tasse: 80 * 100 mm \/ 3,1 * 3,9 Zoll (H * T); Gewicht: 106g \/ 3,7 oz<\/li>\n<li>650 ml Tasse: 96 * 100 mm \/ 3,8 * 3,9 Zoll (H * T); Gewicht: 112g \/ 3,9 oz<\/li>\n<li>750 ml Tasse: 110 * 97 mm \/ 4,3 * 3,8 Zoll (H * T); Gewicht: 121g \/ 4.3oz<\/li>\n<li>750 ml Kanne: 110 * 100 mm \/ 4,3 * 4,0 Zoll (H * T); Gewicht: 128g<\/li>\n<\/ul>\n<p><strong>Hinweis: <\/strong>Die Kapazit\u00e4t ist das Volumen der Tasse, der tats\u00e4chliche Verbrauch ist etwas geringer, unser Vorschlag ist, sie etwas gr\u00f6\u00dfer zu verkaufen.<\/p>\n\t\t\t\t\t\t\t\t<\/div>\n\t\t\t\t<\/div>\n\t\t\t\t<div class=\"elementor-element elementor-element-35ff794 elementor-widget elementor-widget-image\" data-id=\"35ff794\" data-element_type=\"widget\" data-e-type=\"widget\" data-widget_type=\"image.default\">\n\t\t\t\t<div class=\"elementor-widget-container\">\n\t\t\t\t\t\t\t\t\t\t\t\t\t\t\t<img decoding=\"async\" src=\"https:\/\/m.media-amazon.com\/images\/S\/aplus-media-library-service-media\/b072dfe2-bc7b-4926-aa1f-7cf4e006bc3d.__CR0,0,970,600_PT0_SX970_V1___.jpg\" title=\"\" alt=\"\" loading=\"lazy\" \/>\t\t\t\t\t\t\t\t\t\t\t\t\t\t\t<\/div>\n\t\t\t\t<\/div>\n\t\t\t\t<div class=\"elementor-element elementor-element-64caeac elementor-widget elementor-widget-image\" data-id=\"64caeac\" data-element_type=\"widget\" data-e-type=\"widget\" data-widget_type=\"image.default\">\n\t\t\t\t<div class=\"elementor-widget-container\">\n\t\t\t\t\t\t\t\t\t\t\t\t\t\t\t<img decoding=\"async\" src=\"https:\/\/m.media-amazon.com\/images\/S\/aplus-media-library-service-media\/3844245c-1009-49b8-9121-99c950e7c891.__CR0,0,970,600_PT0_SX970_V1___.jpg\" title=\"\" alt=\"\" loading=\"lazy\" \/>\t\t\t\t\t\t\t\t\t\t\t\t\t\t\t<\/div>\n\t\t\t\t<\/div>\n\t\t\t\t<div class=\"elementor-element elementor-element-a4c39fb elementor-widget__width-initial elementor-widget elementor-widget-image\" data-id=\"a4c39fb\" data-element_type=\"widget\" data-e-type=\"widget\" data-widget_type=\"image.default\">\n\t\t\t\t<div class=\"elementor-widget-container\">\n\t\t\t\t\t\t\t\t\t\t\t\t\t\t\t<img decoding=\"async\" src=\"https:\/\/m.media-amazon.com\/images\/S\/aplus-media\/sc\/a2b36e5f-15ed-4e48-8ccf-b1e27efe9dcc.__CR0,0,300,300_PT0_SX300_V1___.jpg\" title=\"\" alt=\"\" loading=\"lazy\" \/>\t\t\t\t\t\t\t\t\t\t\t\t\t\t\t<\/div>\n\t\t\t\t<\/div>\n\t\t\t\t<div class=\"elementor-element elementor-element-6151650 elementor-widget__width-initial elementor-widget elementor-widget-image\" data-id=\"6151650\" data-element_type=\"widget\" data-e-type=\"widget\" data-widget_type=\"image.default\">\n\t\t\t\t<div class=\"elementor-widget-container\">\n\t\t\t\t\t\t\t\t\t\t\t\t\t\t\t<img decoding=\"async\" src=\"https:\/\/m.media-amazon.com\/images\/S\/aplus-media\/sc\/ac4be8fc-6e64-48fd-976b-3cb25ece8aa8.__CR0,0,300,300_PT0_SX300_V1___.jpg\" title=\"\" alt=\"\" loading=\"lazy\" \/>\t\t\t\t\t\t\t\t\t\t\t\t\t\t\t<\/div>\n\t\t\t\t<\/div>\n\t\t\t\t<div class=\"elementor-element elementor-element-bf1a2a8 elementor-widget__width-initial elementor-widget elementor-widget-image\" data-id=\"bf1a2a8\" data-element_type=\"widget\" data-e-type=\"widget\" data-widget_type=\"image.default\">\n\t\t\t\t<div class=\"elementor-widget-container\">\n\t\t\t\t\t\t\t\t\t\t\t\t\t\t\t<img decoding=\"async\" src=\"https:\/\/m.media-amazon.com\/images\/S\/aplus-media-library-service-media\/ae05e7bf-e31f-4b4f-b477-2fc243356299.__CR0,0,300,300_PT0_SX300_V1___.jpg\" title=\"\" alt=\"\" loading=\"lazy\" \/>\t\t\t\t\t\t\t\t\t\t\t\t\t\t\t<\/div>\n\t\t\t\t<\/div>\n\t\t\t\t<div class=\"elementor-element elementor-element-086a905 text-center elementor-widget__width-initial color-scheme-inherit elementor-widget elementor-widget-text-editor\" data-id=\"086a905\" data-element_type=\"widget\" data-e-type=\"widget\" data-widget_type=\"text-editor.default\">\n\t\t\t\t<div class=\"elementor-widget-container\">\n\t\t\t\t\t\t\t\t\t<h4>\n            <strong>Topf aus Titan:<\/strong><br \/>\n          <\/h4>\n<p>Dieser Topf ist aus Titan, superleicht und stark. Es hat abgerundete Kanten, einen Klappdeckel und umklappbare Griffe. Mit einem Fassungsverm\u00f6gen von 900 ml oder 1600 ml ist dieser Topf ideal f\u00fcr Camping, Wandern, Trekking und den Hausgebrauch.<\/p>\n\t\t\t\t\t\t\t\t<\/div>\n\t\t\t\t<\/div>\n\t\t\t\t<div class=\"elementor-element elementor-element-9074c77 elementor-widget__width-initial color-scheme-inherit text-left elementor-widget elementor-widget-text-editor\" data-id=\"9074c77\" data-element_type=\"widget\" data-e-type=\"widget\" data-widget_type=\"text-editor.default\">\n\t\t\t\t<div class=\"elementor-widget-container\">\n\t\t\t\t\t\t\t\t\t<h4>\n            <strong>750 ML Pot &amp; 420 ML Tasse und L\u00f6ffel:<\/strong><br \/>\n          <\/h4>\n<ul>\n<li>Verwendung als Topf: Abgerundete untere Kanten f\u00fcr eine einfache Reinigung und effiziente Beheizung.<\/li>\n<li>Verwendung als Wasserbecher: Die Griffe k\u00f6nnen f\u00fcr eine kompakte Aufbewahrung umgeklappt werden.<\/li>\n<\/ul>\n\t\t\t\t\t\t\t\t<\/div>\n\t\t\t\t<\/div>\n\t\t\t\t<div class=\"elementor-element elementor-element-dc18796 text-center elementor-widget__width-initial color-scheme-inherit elementor-widget elementor-widget-text-editor\" data-id=\"dc18796\" data-element_type=\"widget\" data-e-type=\"widget\" data-widget_type=\"text-editor.default\">\n\t\t\t\t<div class=\"elementor-widget-container\">\n\t\t\t\t\t\t\t\t\t<h4>\n            <strong>Leicht &amp; tragbar<\/strong><br \/>\n          <\/h4>\n<p>Diese Titankuppel ist leicht und haltbar und st\u00e4rker als Stahl. Klappbarer Griff f\u00fcr einfachen Transport, perfekt f\u00fcr Reisen, Camping oder Picknicks etc.<\/p>\n\t\t\t\t\t\t\t\t<\/div>\n\t\t\t\t<\/div>\n\t\t\t\t<div class=\"elementor-element elementor-element-d74865c elementor-widget elementor-widget-image\" data-id=\"d74865c\" data-element_type=\"widget\" data-e-type=\"widget\" data-widget_type=\"image.default\">\n\t\t\t\t<div class=\"elementor-widget-container\">\n\t\t\t\t\t\t\t\t\t\t\t\t\t\t\t<img decoding=\"async\" src=\"https:\/\/m.media-amazon.com\/images\/S\/aplus-media-library-service-media\/c3febb68-faed-4424-bfe9-9837dbc9d358.__CR0,0,970,600_PT0_SX970_V1___.jpg\" title=\"\" alt=\"\" loading=\"lazy\" \/>\t\t\t\t\t\t\t\t\t\t\t\t\t\t\t<\/div>\n\t\t\t\t<\/div>\n\t\t\t\t<div class=\"elementor-element elementor-element-5d54969 elementor-widget elementor-widget-image\" data-id=\"5d54969\" data-element_type=\"widget\" data-e-type=\"widget\" data-widget_type=\"image.default\">\n\t\t\t\t<div class=\"elementor-widget-container\">\n\t\t\t\t\t\t\t\t\t\t\t\t\t\t\t<img decoding=\"async\" src=\"https:\/\/m.media-amazon.com\/images\/S\/aplus-media-library-service-media\/afdca009-85a2-43ee-99ac-6b11b031c468.__CR0,0,970,600_PT0_SX970_V1___.jpg\" title=\"\" alt=\"\" loading=\"lazy\" \/>\t\t\t\t\t\t\t\t\t\t\t\t\t\t\t<\/div>\n\t\t\t\t<\/div>\n\t\t\t\t\t<\/div>\n\t\t\t\t<\/div>\n\t\t\t\t<\/div>\n\t\t","protected":false},"excerpt":{"rendered":"<ul>\n<li>\u00dcberlebenstasse<\/li>\n<li>Kapazit\u00e4t von 300 ml, bei einem Gewicht von 75 g<\/li>\n<li>Hergestellt aus Titan: leicht \/ fest und korrosionsbest\u00e4ndig<\/li>\n<li>Keine chemische Beschichtung, biokompatibel, antibakteriell, geschmacks- und geruchsneutral.<\/li>\n<\/ul>\n","protected":false},"featured_media":8317,"comment_status":"open","ping_status":"closed","template":"","meta":{"_seopress_robots_primary_cat":"none","_seopress_titles_title":"","_seopress_titles_desc":"","_seopress_robots_index":""},"product_brand":[],"product_cat":[93],"product_tag":[140],"class_list":{"0":"post-8542","1":"product","2":"type-product","3":"status-publish","4":"has-post-thumbnail","6":"product_cat-feuer-kochen","7":"product_tag-amazon-de","9":"first","10":"instock","11":"taxable","12":"shipping-taxable","13":"product-type-external"},"_links":{"self":[{"href":"https:\/\/oursfurtif.com\/de\/wp-json\/wp\/v2\/product\/8542","targetHints":{"allow":["GET"]}}],"collection":[{"href":"https:\/\/oursfurtif.com\/de\/wp-json\/wp\/v2\/product"}],"about":[{"href":"https:\/\/oursfurtif.com\/de\/wp-json\/wp\/v2\/types\/product"}],"replies":[{"embeddable":true,"href":"https:\/\/oursfurtif.com\/de\/wp-json\/wp\/v2\/comments?post=8542"}],"version-history":[{"count":0,"href":"https:\/\/oursfurtif.com\/de\/wp-json\/wp\/v2\/product\/8542\/revisions"}],"wp:featuredmedia":[{"embeddable":true,"href":"https:\/\/oursfurtif.com\/de\/wp-json\/wp\/v2\/media\/8317"}],"wp:attachment":[{"href":"https:\/\/oursfurtif.com\/de\/wp-json\/wp\/v2\/media?parent=8542"}],"wp:term":[{"taxonomy":"product_brand","embeddable":true,"href":"https:\/\/oursfurtif.com\/de\/wp-json\/wp\/v2\/product_brand?post=8542"},{"taxonomy":"product_cat","embeddable":true,"href":"https:\/\/oursfurtif.com\/de\/wp-json\/wp\/v2\/product_cat?post=8542"},{"taxonomy":"product_tag","embeddable":true,"href":"https:\/\/oursfurtif.com\/de\/wp-json\/wp\/v2\/product_tag?post=8542"}],"curies":[{"name":"wp","href":"https:\/\/api.w.org\/{rel}","templated":true}]}}