{"id":8530,"date":"2023-11-25T13:52:43","date_gmt":"2023-11-25T12:52:43","guid":{"rendered":"http:\/\/oursfurtif.com\/produit\/750ml-titanium-tasse-popote\/"},"modified":"2024-06-10T12:35:04","modified_gmt":"2024-06-10T10:35:04","slug":"750ml-titanium-tasse-popote","status":"publish","type":"product","link":"https:\/\/oursfurtif.com\/de\/produkt\/750ml-titanium-tasse-popote\/","title":{"rendered":"750 ml Titanbecher\/Topf"},"content":{"rendered":"\t\t<div data-elementor-type=\"product-post\" data-elementor-id=\"8530\" class=\"elementor elementor-8530 elementor-6593\" data-elementor-post-type=\"product\">\n\t\t\t\t\t\t<section class=\"wd-negative-gap elementor-section elementor-top-section elementor-element elementor-element-bd9f64a elementor-section-boxed elementor-section-height-default elementor-section-height-default\" data-id=\"bd9f64a\" data-element_type=\"section\" data-e-type=\"section\">\n\t\t\t\t\t\t<div class=\"elementor-container elementor-column-gap-default\">\n\t\t\t\t\t<div class=\"elementor-column elementor-col-100 elementor-top-column elementor-element elementor-element-cbc88d1\" data-id=\"cbc88d1\" data-element_type=\"column\" data-e-type=\"column\">\n\t\t\t<div class=\"elementor-widget-wrap elementor-element-populated\">\n\t\t\t\t\t\t<div class=\"elementor-element elementor-element-42df1ff elementor-widget elementor-widget-heading\" data-id=\"42df1ff\" data-element_type=\"widget\" data-e-type=\"widget\" data-widget_type=\"heading.default\">\n\t\t\t\t<div class=\"elementor-widget-container\">\n\t\t\t\t\t<h2 class=\"elementor-heading-title elementor-size-default\">Genie\u00dfen Sie Ihren Kaffee mit der Bestargot Titanium-Tasse<\/h2>\t\t\t\t<\/div>\n\t\t\t\t<\/div>\n\t\t\t\t<div class=\"elementor-element elementor-element-a77ed45 elementor-widget elementor-widget-image\" data-id=\"a77ed45\" data-element_type=\"widget\" data-e-type=\"widget\" data-widget_type=\"image.default\">\n\t\t\t\t<div class=\"elementor-widget-container\">\n\t\t\t\t\t\t\t\t\t\t\t\t\t\t\t<img decoding=\"async\" src=\"https:\/\/m.media-amazon.com\/images\/S\/aplus-media-library-service-media\/e0a225f7-03cf-42a7-94dd-9540bf78cac4.__CR0,0,970,600_PT0_SX970_V1___.jpg\" title=\"\" alt=\"Tasse en titane\" loading=\"lazy\" \/>\t\t\t\t\t\t\t\t\t\t\t\t\t\t\t<\/div>\n\t\t\t\t<\/div>\n\t\t\t\t\t<\/div>\n\t\t<\/div>\n\t\t\t\t\t<\/div>\n\t\t<\/section>\n\t\t\t\t<section class=\"wd-negative-gap elementor-section elementor-top-section elementor-element elementor-element-d7fd37c elementor-section-boxed elementor-section-height-default elementor-section-height-default\" data-id=\"d7fd37c\" data-element_type=\"section\" data-e-type=\"section\">\n\t\t\t\t\t\t<div class=\"elementor-container elementor-column-gap-default\">\n\t\t\t\t\t<div class=\"elementor-column elementor-col-100 elementor-top-column elementor-element elementor-element-e7c1f93\" data-id=\"e7c1f93\" data-element_type=\"column\" data-e-type=\"column\">\n\t\t\t<div class=\"elementor-widget-wrap elementor-element-populated\">\n\t\t\t\t\t\t<section class=\"wd-negative-gap elementor-section elementor-inner-section elementor-element elementor-element-e40b610 elementor-section-full_width elementor-section-height-default elementor-section-height-default\" data-id=\"e40b610\" data-element_type=\"section\" data-e-type=\"section\">\n\t\t\t\t\t\t<div class=\"elementor-container elementor-column-gap-default\">\n\t\t\t\t\t<div class=\"elementor-column elementor-col-50 elementor-inner-column elementor-element elementor-element-2ff8f2c\" data-id=\"2ff8f2c\" data-element_type=\"column\" data-e-type=\"column\" data-settings=\"{&quot;background_background&quot;:&quot;classic&quot;}\">\n\t\t\t<div class=\"elementor-widget-wrap elementor-element-populated\">\n\t\t\t\t\t\t<div class=\"elementor-element elementor-element-d217623 elementor-widget elementor-widget-image\" data-id=\"d217623\" data-element_type=\"widget\" data-e-type=\"widget\" data-widget_type=\"image.default\">\n\t\t\t\t<div class=\"elementor-widget-container\">\n\t\t\t\t\t\t\t\t\t\t\t\t\t\t\t<img decoding=\"async\" src=\"https:\/\/m.media-amazon.com\/images\/S\/aplus-media-library-service-media\/999272b3-eaa3-4d05-9b3d-df34dd5bfe7e.__CR140,0,810,1080_PT0_SX300_V1___.jpg\" title=\"\" alt=\"Tasse de survie 750ml\" loading=\"lazy\" \/>\t\t\t\t\t\t\t\t\t\t\t\t\t\t\t<\/div>\n\t\t\t\t<\/div>\n\t\t\t\t\t<\/div>\n\t\t<\/div>\n\t\t\t\t<div class=\"elementor-column elementor-col-50 elementor-inner-column elementor-element elementor-element-51df2b5\" data-id=\"51df2b5\" data-element_type=\"column\" data-e-type=\"column\" data-settings=\"{&quot;background_background&quot;:&quot;classic&quot;}\">\n\t\t\t<div class=\"elementor-widget-wrap elementor-element-populated\">\n\t\t\t\t\t\t<div class=\"elementor-element elementor-element-b36c5a6 color-scheme-inherit text-left elementor-widget elementor-widget-text-editor\" data-id=\"b36c5a6\" data-element_type=\"widget\" data-e-type=\"widget\" data-widget_type=\"text-editor.default\">\n\t\t\t\t<div class=\"elementor-widget-container\">\n\t\t\t\t\t\t\t\t\t<h3>\n            <strong>Campingbecher aus Titan Bestargot<\/strong><br \/>\n          <\/h3>\n<p><em>Haben Sie genug von rostfreiem Stahl oder sperrigen Outdoor-Potts?<\/p>\n<p><\/em>Machen Sie es sich einfach und verwenden Sie den Bestargot Titanium-Topf.<\/p>\n<p>Die Becher aus Reintitan k\u00f6nnen aufgrund ihrer einwandigen Konstruktion auf offenen Flammen wie Gasbrennern und Lagerfeuern verwendet werden. Ein superleichter Titanbecher, der sich perfekt f\u00fcr Camping oder Wanderungen eignet.<\/p>\n\t\t\t\t\t\t\t\t<\/div>\n\t\t\t\t<\/div>\n\t\t\t\t<div class=\"elementor-element elementor-element-2364cf8 elementor-widget__width-auto elementor-widget elementor-widget-wd_list\" data-id=\"2364cf8\" data-element_type=\"widget\" data-e-type=\"widget\" data-widget_type=\"wd_list.default\">\n\t\t\t\t<div class=\"elementor-widget-container\">\n\t\t\t\t\t\t\t<ul class=\"wd-list color-scheme- wd-fontsize-xs wd-type-icon wd-style-default text-left\">\n\t\t\t\t\t\t\t\t\t\t\t<li class=\"elementor-repeater-item-7031351\">\n\t\t\t\t\t\t\t\t\t\t\t<span class=\"wd-icon\"><span class=\"fas fa-circle\"><\/span><\/span>\t\t\t\t\t\n\t\t\t\t\t<span class=\"wd-list-content list-content\">\n\t\t\t\t\t\t\t\t\t\t\t\t\tTasse aus Titan\t\t\t\t\t\t\t\t\t\t\t<\/span>\n\t\t\t\t<\/li>\n\t\t\t\t\t\t\t\t\t\t\t<li class=\"elementor-repeater-item-59c67d9\">\n\t\t\t\t\t\t\t\t\t\t\t<span class=\"wd-icon\"><span class=\"fas fa-circle\"><\/span><\/span>\t\t\t\t\t\n\t\t\t\t\t<span class=\"wd-list-content list-content\">\n\t\t\t\t\t\t\t\t\t\t\t\t\tKostenlose tragbare Isolationstaschen\t\t\t\t\t\t\t\t\t\t\t<\/span>\n\t\t\t\t<\/li>\n\t\t\t\t\t\t\t\t\t\t\t<li class=\"elementor-repeater-item-710ea49\">\n\t\t\t\t\t\t\t\t\t\t\t<span class=\"wd-icon\"><span class=\"fas fa-circle\"><\/span><\/span>\t\t\t\t\t\n\t\t\t\t\t<span class=\"wd-list-content list-content\">\n\t\t\t\t\t\t\t\t\t\t\t\t\tTransporttasche\t\t\t\t\t\t\t\t\t\t\t<\/span>\n\t\t\t\t<\/li>\n\t\t\t\t\t\t\t\t\t\t\t<li class=\"elementor-repeater-item-98c3556\">\n\t\t\t\t\t\t\t\t\t\t\t<span class=\"wd-icon\"><span class=\"fas fa-circle\"><\/span><\/span>\t\t\t\t\t\n\t\t\t\t\t<span class=\"wd-list-content list-content\">\n\t\t\t\t\t\t\t\t\t\t\t\t\tKeine chemische Beschichtung\n\t\t\t\t\t\t\t\t\t\t\t<\/span>\n\t\t\t\t<\/li>\n\t\t\t\t\t\t\t\t\t\t\t<li class=\"elementor-repeater-item-dce25e3\">\n\t\t\t\t\t\t\t\t\t\t\t<span class=\"wd-icon\"><span class=\"fas fa-circle\"><\/span><\/span>\t\t\t\t\t\n\t\t\t\t\t<span class=\"wd-list-content list-content\">\n\t\t\t\t\t\t\t\t\t\t\t\t\tUltraleicht und stabil\t\t\t\t\t\t\t\t\t\t\t<\/span>\n\t\t\t\t<\/li>\n\t\t\t\t\t\t\t\t\t\t\t<li class=\"elementor-repeater-item-7c4bc9d\">\n\t\t\t\t\t\t\t\t\t\t\t<span class=\"wd-icon\"><span class=\"fas fa-circle\"><\/span><\/span>\t\t\t\t\t\n\t\t\t\t\t<span class=\"wd-list-content list-content\">\n\t\t\t\t\t\t\t\t\t\t\t\t\tKann bei hohen oder niedrigen Temperaturen verwendet werden\t\t\t\t\t\t\t\t\t\t\t<\/span>\n\t\t\t\t<\/li>\n\t\t\t\t\t<\/ul>\n\n\t\t\t\t\t\t<\/div>\n\t\t\t\t<\/div>\n\t\t\t\t<div class=\"elementor-element elementor-element-cfa2a2b color-scheme-inherit text-left elementor-widget elementor-widget-text-editor\" data-id=\"cfa2a2b\" data-element_type=\"widget\" data-e-type=\"widget\" data-widget_type=\"text-editor.default\">\n\t\t\t\t<div class=\"elementor-widget-container\">\n\t\t\t\t\t\t\t\t\t<p>Der Titanium-Topf besteht zu 100% aus lebensmittelechtem Titanium, ist biokompatibel, antibakteriell und geruchlos.<\/p>\n\t\t\t\t\t\t\t\t<\/div>\n\t\t\t\t<\/div>\n\t\t\t\t\t<\/div>\n\t\t<\/div>\n\t\t\t\t\t<\/div>\n\t\t<\/section>\n\t\t\t\t\t<\/div>\n\t\t<\/div>\n\t\t\t\t\t<\/div>\n\t\t<\/section>\n\t\t\t\t<section class=\"wd-negative-gap elementor-section elementor-top-section elementor-element elementor-element-6466dbc elementor-section-boxed elementor-section-height-default elementor-section-height-default\" data-id=\"6466dbc\" data-element_type=\"section\" data-e-type=\"section\">\n\t\t\t\t\t\t<div class=\"elementor-container elementor-column-gap-default\">\n\t\t\t\t\t<div class=\"elementor-column elementor-col-100 elementor-top-column elementor-element elementor-element-0c9b811\" data-id=\"0c9b811\" data-element_type=\"column\" data-e-type=\"column\">\n\t\t\t<div class=\"elementor-widget-wrap elementor-element-populated\">\n\t\t\t\t\t\t<section class=\"wd-negative-gap elementor-section elementor-inner-section elementor-element elementor-element-78c730d elementor-section-full_width elementor-section-height-default elementor-section-height-default\" data-id=\"78c730d\" data-element_type=\"section\" data-e-type=\"section\">\n\t\t\t\t\t\t<div class=\"elementor-container elementor-column-gap-default\">\n\t\t\t\t\t<div class=\"elementor-column elementor-col-33 elementor-inner-column elementor-element elementor-element-ae2b56d\" data-id=\"ae2b56d\" data-element_type=\"column\" data-e-type=\"column\">\n\t\t\t<div class=\"elementor-widget-wrap elementor-element-populated\">\n\t\t\t\t\t\t<div class=\"elementor-element elementor-element-aac7b8f elementor-widget elementor-widget-image\" data-id=\"aac7b8f\" data-element_type=\"widget\" data-e-type=\"widget\" data-widget_type=\"image.default\">\n\t\t\t\t<div class=\"elementor-widget-container\">\n\t\t\t\t\t\t\t\t\t\t\t\t\t\t\t<img decoding=\"async\" src=\"https:\/\/m.media-amazon.com\/images\/S\/aplus-media-library-service-media\/4105bf3f-c90f-47f7-928a-abfe6ba6192e.__CR0,0,1080,1080_PT0_SX300_V1___.jpg\" title=\"\" alt=\"popote 750ml\" loading=\"lazy\" \/>\t\t\t\t\t\t\t\t\t\t\t\t\t\t\t<\/div>\n\t\t\t\t<\/div>\n\t\t\t\t<div class=\"elementor-element elementor-element-6d91e8d elementor-widget elementor-widget-heading\" data-id=\"6d91e8d\" data-element_type=\"widget\" data-e-type=\"widget\" data-widget_type=\"heading.default\">\n\t\t\t\t<div class=\"elementor-widget-container\">\n\t\t\t\t\t<h3 class=\"elementor-heading-title elementor-size-default\">Ultraleicht und stabil<\/h3>\t\t\t\t<\/div>\n\t\t\t\t<\/div>\n\t\t\t\t<div class=\"elementor-element elementor-element-5a60d93 color-scheme-inherit text-left elementor-widget elementor-widget-text-editor\" data-id=\"5a60d93\" data-element_type=\"widget\" data-e-type=\"widget\" data-widget_type=\"text-editor.default\">\n\t\t\t\t<div class=\"elementor-widget-container\">\n\t\t\t\t\t\t\t\t\t<p>Outdoor-Tasse, Fassungsverm\u00f6gen max. 750 ml, Gewicht 132 g (mit Kaffeefilter).<\/p>\n\t\t\t\t\t\t\t\t<\/div>\n\t\t\t\t<\/div>\n\t\t\t\t\t<\/div>\n\t\t<\/div>\n\t\t\t\t<div class=\"elementor-column elementor-col-33 elementor-inner-column elementor-element elementor-element-74449e8\" data-id=\"74449e8\" data-element_type=\"column\" data-e-type=\"column\">\n\t\t\t<div class=\"elementor-widget-wrap elementor-element-populated\">\n\t\t\t\t\t\t<div class=\"elementor-element elementor-element-c81331c elementor-widget elementor-widget-image\" data-id=\"c81331c\" data-element_type=\"widget\" data-e-type=\"widget\" data-widget_type=\"image.default\">\n\t\t\t\t<div class=\"elementor-widget-container\">\n\t\t\t\t\t\t\t\t\t\t\t\t\t\t\t<img decoding=\"async\" src=\"https:\/\/m.media-amazon.com\/images\/S\/aplus-media-library-service-media\/7c382e5e-438e-4ce3-aa3f-797e65f2bb23.__CR0,0,1080,1080_PT0_SX300_V1___.jpg\" title=\"\" alt=\"sac isotherme pour tasse\" loading=\"lazy\" \/>\t\t\t\t\t\t\t\t\t\t\t\t\t\t\t<\/div>\n\t\t\t\t<\/div>\n\t\t\t\t<div class=\"elementor-element elementor-element-a904562 elementor-widget elementor-widget-heading\" data-id=\"a904562\" data-element_type=\"widget\" data-e-type=\"widget\" data-widget_type=\"heading.default\">\n\t\t\t\t<div class=\"elementor-widget-container\">\n\t\t\t\t\t<h3 class=\"elementor-heading-title elementor-size-default\">Qualit\u00e4ts-K\u00fchltasche<\/h3>\t\t\t\t<\/div>\n\t\t\t\t<\/div>\n\t\t\t\t<div class=\"elementor-element elementor-element-474c0a4 color-scheme-inherit text-left elementor-widget elementor-widget-text-editor\" data-id=\"474c0a4\" data-element_type=\"widget\" data-e-type=\"widget\" data-widget_type=\"text-editor.default\">\n\t\t\t\t<div class=\"elementor-widget-container\">\n\t\t\t\t\t\t\t\t\t<p>Erm\u00f6glicht es Ihnen, Ihre Tasse zur\u00fcckzuhalten und Verbrennungen zu vermeiden, und h\u00e4lt die W\u00e4rme.<\/p>\n\t\t\t\t\t\t\t\t<\/div>\n\t\t\t\t<\/div>\n\t\t\t\t\t<\/div>\n\t\t<\/div>\n\t\t\t\t<div class=\"elementor-column elementor-col-33 elementor-inner-column elementor-element elementor-element-a066849\" data-id=\"a066849\" data-element_type=\"column\" data-e-type=\"column\">\n\t\t\t<div class=\"elementor-widget-wrap elementor-element-populated\">\n\t\t\t\t\t\t<div class=\"elementor-element elementor-element-cbb8c45 elementor-widget elementor-widget-image\" data-id=\"cbb8c45\" data-element_type=\"widget\" data-e-type=\"widget\" data-widget_type=\"image.default\">\n\t\t\t\t<div class=\"elementor-widget-container\">\n\t\t\t\t\t\t\t\t\t\t\t\t\t\t\t<img decoding=\"async\" src=\"https:\/\/m.media-amazon.com\/images\/S\/aplus-media-library-service-media\/cc6c3c19-4e2d-4fe3-8c2b-13ef5e9ba8ca.__CR0,0,1080,1080_PT0_SX300_V1___.jpg\" title=\"\" alt=\"Titane de qualit\u00e9\" loading=\"lazy\" \/>\t\t\t\t\t\t\t\t\t\t\t\t\t\t\t<\/div>\n\t\t\t\t<\/div>\n\t\t\t\t<div class=\"elementor-element elementor-element-ca39bd4 elementor-widget elementor-widget-heading\" data-id=\"ca39bd4\" data-element_type=\"widget\" data-e-type=\"widget\" data-widget_type=\"heading.default\">\n\t\t\t\t<div class=\"elementor-widget-container\">\n\t\t\t\t\t<h3 class=\"elementor-heading-title elementor-size-default\">Praktisch und effizient<\/h3>\t\t\t\t<\/div>\n\t\t\t\t<\/div>\n\t\t\t\t<div class=\"elementor-element elementor-element-8d1b451 color-scheme-inherit text-left elementor-widget elementor-widget-text-editor\" data-id=\"8d1b451\" data-element_type=\"widget\" data-e-type=\"widget\" data-widget_type=\"text-editor.default\">\n\t\t\t\t<div class=\"elementor-widget-container\">\n\t\t\t\t\t\t\t\t\t<p>Klappbare Griffe an der Seite und ein zus\u00e4tzlicher Griff an der Oberseite f\u00fcr das Lagerfeuer.<\/p>\n\t\t\t\t\t\t\t\t<\/div>\n\t\t\t\t<\/div>\n\t\t\t\t\t<\/div>\n\t\t<\/div>\n\t\t\t\t\t<\/div>\n\t\t<\/section>\n\t\t\t\t\t<\/div>\n\t\t<\/div>\n\t\t\t\t\t<\/div>\n\t\t<\/section>\n\t\t\t\t<\/div>\n\t\t","protected":false},"excerpt":{"rendered":"<ul>\n<li>\u00dcberlebenstasse \/ Popote<\/li>\n<li>Kapazit\u00e4t von 750 ml, bei einem Gewicht von 132 Gramm<\/li>\n<li>Hergestellt aus Titan: leicht \/ fest und korrosionsbest\u00e4ndig<\/li>\n<li>Keine chemische Beschichtung, biokompatibel, antibakteriell, geschmacks- und geruchsneutral.<\/li>\n<li>Inklusive K\u00fchltasche<\/li>\n<\/ul>\n","protected":false},"featured_media":6604,"comment_status":"open","ping_status":"closed","template":"","meta":{"_seopress_robots_primary_cat":"none","_seopress_titles_title":"","_seopress_titles_desc":"","_seopress_robots_index":""},"product_brand":[],"product_cat":[93],"product_tag":[140],"class_list":{"0":"post-8530","1":"product","2":"type-product","3":"status-publish","4":"has-post-thumbnail","6":"product_cat-feuer-kochen","7":"product_tag-amazon-de","9":"first","10":"instock","11":"taxable","12":"shipping-taxable","13":"product-type-external"},"_links":{"self":[{"href":"https:\/\/oursfurtif.com\/de\/wp-json\/wp\/v2\/product\/8530","targetHints":{"allow":["GET"]}}],"collection":[{"href":"https:\/\/oursfurtif.com\/de\/wp-json\/wp\/v2\/product"}],"about":[{"href":"https:\/\/oursfurtif.com\/de\/wp-json\/wp\/v2\/types\/product"}],"replies":[{"embeddable":true,"href":"https:\/\/oursfurtif.com\/de\/wp-json\/wp\/v2\/comments?post=8530"}],"version-history":[{"count":0,"href":"https:\/\/oursfurtif.com\/de\/wp-json\/wp\/v2\/product\/8530\/revisions"}],"wp:featuredmedia":[{"embeddable":true,"href":"https:\/\/oursfurtif.com\/de\/wp-json\/wp\/v2\/media\/6604"}],"wp:attachment":[{"href":"https:\/\/oursfurtif.com\/de\/wp-json\/wp\/v2\/media?parent=8530"}],"wp:term":[{"taxonomy":"product_brand","embeddable":true,"href":"https:\/\/oursfurtif.com\/de\/wp-json\/wp\/v2\/product_brand?post=8530"},{"taxonomy":"product_cat","embeddable":true,"href":"https:\/\/oursfurtif.com\/de\/wp-json\/wp\/v2\/product_cat?post=8530"},{"taxonomy":"product_tag","embeddable":true,"href":"https:\/\/oursfurtif.com\/de\/wp-json\/wp\/v2\/product_tag?post=8530"}],"curies":[{"name":"wp","href":"https:\/\/api.w.org\/{rel}","templated":true}]}}