{"id":8500,"date":"2022-11-21T16:26:38","date_gmt":"2022-11-21T15:26:38","guid":{"rendered":"http:\/\/oursfurtif.com\/produit\/klappbares-taschenmesser-baer\/"},"modified":"2025-09-21T13:41:36","modified_gmt":"2025-09-21T11:41:36","slug":"klappbares-taschenmesser-baer","status":"publish","type":"product","link":"https:\/\/oursfurtif.com\/de\/produkt\/klappbares-taschenmesser-baer\/","title":{"rendered":"Klappbares Taschenmesser &#8211; B\u00e4r"},"content":{"rendered":"\t\t<div data-elementor-type=\"product-post\" data-elementor-id=\"8500\" class=\"elementor elementor-8500 elementor-5555\" data-elementor-post-type=\"product\">\n\t\t\t\t\t\t<section class=\"wd-negative-gap elementor-section elementor-top-section elementor-element elementor-element-56c1d56d elementor-section-content-middle elementor-section-boxed elementor-section-height-default elementor-section-height-default\" data-id=\"56c1d56d\" data-element_type=\"section\" data-e-type=\"section\">\n\t\t\t\t\t\t<div class=\"elementor-container elementor-column-gap-default\">\n\t\t\t\t\t<div class=\"elementor-column elementor-col-50 elementor-top-column elementor-element elementor-element-4e70bf47\" data-id=\"4e70bf47\" data-element_type=\"column\" data-e-type=\"column\" data-settings=\"{&quot;background_background&quot;:&quot;classic&quot;}\">\n\t\t\t<div class=\"elementor-widget-wrap elementor-element-populated\">\n\t\t\t\t\t\t<div class=\"elementor-element elementor-element-4efcdee9 elementor-widget elementor-widget-image\" data-id=\"4efcdee9\" data-element_type=\"widget\" data-e-type=\"widget\" data-widget_type=\"image.default\">\n\t\t\t\t<div class=\"elementor-widget-container\">\n\t\t\t\t\t\t\t\t\t\t\t\t\t\t\t<img decoding=\"async\" src=\"https:\/\/oursfurtif.com\/wp-content\/uploads\/elementor\/thumbs\/pexels-duong-nhan-2888098-scaled-rc6bq6v3w0z4cmr7f8ja89zwiarojrvbw7724jt5qk.jpg\" title=\"buscraft knife\" alt=\"Abenteurer mit seinem Messer\" class=\"elementor-animation-float\" loading=\"lazy\" \/>\t\t\t\t\t\t\t\t\t\t\t\t\t\t\t<\/div>\n\t\t\t\t<\/div>\n\t\t\t\t\t<\/div>\n\t\t<\/div>\n\t\t\t\t<div class=\"elementor-column elementor-col-50 elementor-top-column elementor-element elementor-element-19a3901e\" data-id=\"19a3901e\" data-element_type=\"column\" data-e-type=\"column\">\n\t\t\t<div class=\"elementor-widget-wrap elementor-element-populated\">\n\t\t\t\t\t\t<div class=\"elementor-element elementor-element-588d37e5 wd-width-100 elementor-widget elementor-widget-wd_title\" data-id=\"588d37e5\" data-element_type=\"widget\" data-e-type=\"widget\" data-widget_type=\"wd_title.default\">\n\t\t\t\t<div class=\"elementor-widget-container\">\n\t\t\t\t\t\t\t<div class=\"title-wrapper wd-set-mb reset-last-child wd-title-color-default wd-title-style-default wd-title-size-default text-left\">\n\n\t\t\t\n\t\t\t<div class=\"liner-continer\">\n\t\t\t\t<h4 class=\"woodmart-title-container title wd-fontsize-l\">Praktisch, sicher und unverzichtbar  <\/h4> \n\t\t\t\t\t\t\t<\/div>\n\n\t\t\t\t\t<\/div>\n\t\t\t\t\t\t<\/div>\n\t\t\t\t<\/div>\n\t\t\t\t<div class=\"elementor-element elementor-element-589eaa39 color-scheme-inherit text-left elementor-widget elementor-widget-text-editor\" data-id=\"589eaa39\" data-element_type=\"widget\" data-e-type=\"widget\" data-widget_type=\"text-editor.default\">\n\t\t\t\t<div class=\"elementor-widget-container\">\n\t\t\t\t\t\t\t\t\t<p>Das Messer ist sicherlich eines der n\u00fctzlichsten Werkzeuge bei einem Ausflug oder sogar im t\u00e4glichen Leben.  <\/p><p><span style=\"background-color: var(--bgcolor-white); color: var(--wd-text-color); font-size: 16px;\">Dieses Klappmesser bietet Ihnen eine scharfe Klinge aus rostfreiem Stahl, die Sie schnell zur Hand haben, und Sie k\u00f6nnen es leicht in Ihrer Tasche verstauen, damit es Sie bei all Ihren Aktivit\u00e4ten begleitet.<\/span><\/p><p><span style=\"font-family: Roboto, Arial, Helvetica, sans-serif; font-size: 16px; font-style: normal; font-variant-ligatures: normal; font-variant-caps: normal; font-weight: 400; text-align: right; background-color: var(--bgcolor-white); color: var(--wd-text-color);\">Unser Klappmesser verf\u00fcgt \u00fcber eine Klingenverriegelung, die verhindert, dass sich die Klinge w\u00e4hrend des Gebrauchs schlie\u00dft und somit Ihre Sicherheit gew\u00e4hrleistet.<\/span><\/p><p><span style=\"font-family: Roboto, Arial, Helvetica, sans-serif; font-size: 16px; font-style: normal; font-variant-ligatures: normal; font-variant-caps: normal; font-weight: 400; text-align: right; background-color: var(--bgcolor-white); color: var(--wd-text-color);\">  Dies ist ein Messer mit einem guten Preis-Leistungs-Verh\u00e4ltnis und einem originellen Griff f\u00fcr Sammler.  <\/span><\/p>\t\t\t\t\t\t\t\t<\/div>\n\t\t\t\t<\/div>\n\t\t\t\t\t<\/div>\n\t\t<\/div>\n\t\t\t\t\t<\/div>\n\t\t<\/section>\n\t\t\t\t<section class=\"wd-negative-gap elementor-section elementor-top-section elementor-element elementor-element-36fa2fee elementor-section-content-middle elementor-section-boxed elementor-section-height-default elementor-section-height-default\" data-id=\"36fa2fee\" data-element_type=\"section\" data-e-type=\"section\" data-settings=\"{&quot;background_background&quot;:&quot;classic&quot;}\">\n\t\t\t\t\t\t<div class=\"elementor-container elementor-column-gap-default\">\n\t\t\t\t\t<div class=\"elementor-column elementor-col-100 elementor-top-column elementor-element elementor-element-46551da3\" data-id=\"46551da3\" data-element_type=\"column\" data-e-type=\"column\">\n\t\t\t<div class=\"elementor-widget-wrap elementor-element-populated\">\n\t\t\t\t\t\t<div class=\"elementor-element elementor-element-40668c78 wd-width-100 elementor-widget elementor-widget-wd_title\" data-id=\"40668c78\" data-element_type=\"widget\" data-e-type=\"widget\" data-widget_type=\"wd_title.default\">\n\t\t\t\t<div class=\"elementor-widget-container\">\n\t\t\t\t\t\t\t<div class=\"title-wrapper wd-set-mb reset-last-child wd-title-color-default wd-title-style-image wd-title-size-extra-large text-center\">\n\n\t\t\t\n\t\t\t<div class=\"liner-continer\">\n\t\t\t\t<h4 class=\"woodmart-title-container title wd-fontsize-xxxl\">Merkmale<\/h4> \n\t\t\t\t\t\t\t\t\t<span class=\"img-wrapper\"><img decoding=\"async\" width=\"45\" height=\"45\" src=\"https:\/\/oursfurtif.com\/wp-content\/uploads\/2022\/11\/pocket-knife-icon-45x45.png\" class=\"attachment-x45 size-x45\" alt=\"Icone des couteaux de poche\" srcset=\"https:\/\/oursfurtif.com\/wp-content\/uploads\/2022\/11\/pocket-knife-icon-45x45.png 45w, https:\/\/oursfurtif.com\/wp-content\/uploads\/2022\/11\/pocket-knife-icon-150x150.png 150w, https:\/\/oursfurtif.com\/wp-content\/uploads\/2022\/11\/pocket-knife-icon.png 194w\" sizes=\"(max-width: 45px) 100vw, 45px\" \/><\/span>\t\t\t\t\t\t\t<\/div>\n\n\t\t\t\t\t\t\t<div class=\"title-after_title reset-last-child wd-fontsize-s\">\n\t\t\t\t\t<p>Ein vielseitiges Klappmesser<\/p>\t\t\t\t<\/div>\n\t\t\t\t\t<\/div>\n\t\t\t\t\t\t<\/div>\n\t\t\t\t<\/div>\n\t\t\t\t<section class=\"wd-negative-gap elementor-section elementor-inner-section elementor-element elementor-element-6ca0996f elementor-section-content-middle elementor-section-boxed elementor-section-height-default elementor-section-height-default\" data-id=\"6ca0996f\" data-element_type=\"section\" data-e-type=\"section\">\n\t\t\t\t\t\t<div class=\"elementor-container elementor-column-gap-extended\">\n\t\t\t\t\t<div class=\"elementor-column elementor-col-33 elementor-inner-column elementor-element elementor-element-3b10228c\" data-id=\"3b10228c\" data-element_type=\"column\" data-e-type=\"column\">\n\t\t\t<div class=\"elementor-widget-wrap elementor-element-populated\">\n\t\t\t\t\t\t<div class=\"elementor-element elementor-element-69c55098 elementor-widget elementor-widget-wd_infobox\" data-id=\"69c55098\" data-element_type=\"widget\" data-e-type=\"widget\" data-widget_type=\"wd_infobox.default\">\n\t\t\t\t<div class=\"elementor-widget-container\">\n\t\t\t\t\t\t\t<div class=\"info-box-wrapper\">\n\t\t\t<div class=\"wd-info-box text-right box-icon-align-right box-style-base color-scheme- wd-items-top\">\n\t\t\t\t\t\t\t\t\t<div class=\"box-icon-wrapper  box-with-text text-size-default box-icon-simple\">\n\t\t\t\t\t\t<div class=\"info-box-icon\">\n\t\t\t\t\t\t\t\t\t\t\t\t\t\t\t1\t\t\t\t\t\t\t\t\t\t\t\t\t<\/div>\n\t\t\t\t\t<\/div>\n\t\t\t\t\n\t\t\t\t<div class=\"info-box-content\">\n\t\t\t\t\t\n\t\t\t\t\t\t\t\t\t\t\t<h4\t\t\t\t\t\tclass=\"info-box-title title box-title-style-default wd-fontsize-m\" data-elementor-setting-key=\"title\">\n\t\t\t\t\t\t\t\tQualit\u00e4t und Nachhaltigkeit\t\t\t\t\t\t<\/h4>\n\t\t\t\t\t\n\t\t\t\t\t<div class=\"info-box-inner reset-last-child\"data-elementor-setting-key=\"content\"><p>Eine <strong>scharfe<\/strong> und widerstandsf\u00e4hige Klinge aus rostfreiem Stahl f\u00fcr eine sehr gute <strong>Korrosionsbest\u00e4ndigkeit<\/strong>.<span style=\"font-size: 15px; background-color: var( --e-global-color-0729646 ); color: var(--wd-text-color);\"><\/span><\/p>\n<\/div>\n\n\t\t\t\t\t\t\t\t\t<\/div>\n\n\t\t\t\t\t\t\t<\/div>\n\t\t<\/div>\n\t\t\t\t\t\t<\/div>\n\t\t\t\t<\/div>\n\t\t\t\t<div class=\"elementor-element elementor-element-32b395e0 elementor-widget elementor-widget-wd_infobox\" data-id=\"32b395e0\" data-element_type=\"widget\" data-e-type=\"widget\" data-widget_type=\"wd_infobox.default\">\n\t\t\t\t<div class=\"elementor-widget-container\">\n\t\t\t\t\t\t\t<div class=\"info-box-wrapper\">\n\t\t\t<div class=\"wd-info-box text-right box-icon-align-right box-style-base color-scheme- wd-items-top\">\n\t\t\t\t\t\t\t\t\t<div class=\"box-icon-wrapper  box-with-text text-size-default box-icon-simple\">\n\t\t\t\t\t\t<div class=\"info-box-icon\">\n\t\t\t\t\t\t\t\t\t\t\t\t\t\t\t2\t\t\t\t\t\t\t\t\t\t\t\t\t<\/div>\n\t\t\t\t\t<\/div>\n\t\t\t\t\n\t\t\t\t<div class=\"info-box-content\">\n\t\t\t\t\t\n\t\t\t\t\t\t\t\t\t\t\t<h4\t\t\t\t\t\tclass=\"info-box-title title box-title-style-default wd-fontsize-m\" data-elementor-setting-key=\"title\">\n\t\t\t\t\t\t\t\tPraktisch und sicher\t\t\t\t\t\t<\/h4>\n\t\t\t\t\t\n\t\t\t\t\t<div class=\"info-box-inner reset-last-child\"data-elementor-setting-key=\"content\"><p><strong>Klingenverriegelung<\/strong>, um zu verhindern, dass sich die Klinge w\u00e4hrend des Gebrauchs schlie\u00dft.<\/p>\n<\/div>\n\n\t\t\t\t\t\t\t\t\t<\/div>\n\n\t\t\t\t\t\t\t<\/div>\n\t\t<\/div>\n\t\t\t\t\t\t<\/div>\n\t\t\t\t<\/div>\n\t\t\t\t\t<\/div>\n\t\t<\/div>\n\t\t\t\t<div class=\"elementor-column elementor-col-33 elementor-inner-column elementor-element elementor-element-6e393ed2\" data-id=\"6e393ed2\" data-element_type=\"column\" data-e-type=\"column\">\n\t\t\t<div class=\"elementor-widget-wrap elementor-element-populated\">\n\t\t\t\t\t\t<div class=\"elementor-element elementor-element-78820228 elementor-widget elementor-widget-image\" data-id=\"78820228\" data-element_type=\"widget\" data-e-type=\"widget\" data-widget_type=\"image.default\">\n\t\t\t\t<div class=\"elementor-widget-container\">\n\t\t\t\t\t\t\t\t\t\t\t\t\t\t\t<img decoding=\"async\" width=\"768\" height=\"768\" src=\"https:\/\/oursfurtif.com\/wp-content\/uploads\/2022\/11\/18-768x768.png\" class=\"attachment-medium_large size-medium_large wp-image-5582\" alt=\"Klappmesser B\u00e4r mit Tasche\" srcset=\"https:\/\/oursfurtif.com\/wp-content\/uploads\/2022\/11\/18-768x768.png 768w, https:\/\/oursfurtif.com\/wp-content\/uploads\/2022\/11\/18-600x600.png 600w, https:\/\/oursfurtif.com\/wp-content\/uploads\/2022\/11\/18-150x150.png 150w, https:\/\/oursfurtif.com\/wp-content\/uploads\/2022\/11\/18-1200x1200.png 1200w, https:\/\/oursfurtif.com\/wp-content\/uploads\/2022\/11\/18-300x300.png 300w, https:\/\/oursfurtif.com\/wp-content\/uploads\/2022\/11\/18-1024x1024.png 1024w, https:\/\/oursfurtif.com\/wp-content\/uploads\/2022\/11\/18-1536x1536.png 1536w, https:\/\/oursfurtif.com\/wp-content\/uploads\/2022\/11\/18.png 2048w\" sizes=\"(max-width: 768px) 100vw, 768px\" \/>\t\t\t\t\t\t\t\t\t\t\t\t\t\t\t<\/div>\n\t\t\t\t<\/div>\n\t\t\t\t\t<\/div>\n\t\t<\/div>\n\t\t\t\t<div class=\"elementor-column elementor-col-33 elementor-inner-column elementor-element elementor-element-20811c03\" data-id=\"20811c03\" data-element_type=\"column\" data-e-type=\"column\">\n\t\t\t<div class=\"elementor-widget-wrap elementor-element-populated\">\n\t\t\t\t\t\t<div class=\"elementor-element elementor-element-715ca0d elementor-widget elementor-widget-wd_infobox\" data-id=\"715ca0d\" data-element_type=\"widget\" data-e-type=\"widget\" data-widget_type=\"wd_infobox.default\">\n\t\t\t\t<div class=\"elementor-widget-container\">\n\t\t\t\t\t\t\t<div class=\"info-box-wrapper\">\n\t\t\t<div class=\"wd-info-box text-left box-icon-align-left box-style-base color-scheme- wd-items-top\">\n\t\t\t\t\t\t\t\t\t<div class=\"box-icon-wrapper  box-with-text text-size-default box-icon-simple\">\n\t\t\t\t\t\t<div class=\"info-box-icon\">\n\t\t\t\t\t\t\t\t\t\t\t\t\t\t\t3\t\t\t\t\t\t\t\t\t\t\t\t\t<\/div>\n\t\t\t\t\t<\/div>\n\t\t\t\t\n\t\t\t\t<div class=\"info-box-content\">\n\t\t\t\t\t\n\t\t\t\t\t\t\t\t\t\t\t<h4\t\t\t\t\t\tclass=\"info-box-title title box-title-style-default wd-fontsize-m\" data-elementor-setting-key=\"title\">\n\t\t\t\t\t\t\t\tErgonomisch &amp; Design\t\t\t\t\t\t<\/h4>\n\t\t\t\t\t\n\t\t\t\t\t<div class=\"info-box-inner reset-last-child\"data-elementor-setting-key=\"content\"><p>Ein <strong>ergonomischer<\/strong> Griff, der Ihnen einen sehr guten Halt gibt, mit einem Stil, der f\u00fcr Natur-, Messer- und Tierfans geeignet ist.<\/p>\n<\/div>\n\n\t\t\t\t\t\t\t\t\t<\/div>\n\n\t\t\t\t\t\t\t<\/div>\n\t\t<\/div>\n\t\t\t\t\t\t<\/div>\n\t\t\t\t<\/div>\n\t\t\t\t<div class=\"elementor-element elementor-element-37879169 elementor-widget elementor-widget-wd_infobox\" data-id=\"37879169\" data-element_type=\"widget\" data-e-type=\"widget\" data-widget_type=\"wd_infobox.default\">\n\t\t\t\t<div class=\"elementor-widget-container\">\n\t\t\t\t\t\t\t<div class=\"info-box-wrapper\">\n\t\t\t<div class=\"wd-info-box text-left box-icon-align-left box-style-base color-scheme- wd-items-top\">\n\t\t\t\t\t\t\t\t\t<div class=\"box-icon-wrapper  box-with-text text-size-default box-icon-simple\">\n\t\t\t\t\t\t<div class=\"info-box-icon\">\n\t\t\t\t\t\t\t\t\t\t\t\t\t\t\t5\t\t\t\t\t\t\t\t\t\t\t\t\t<\/div>\n\t\t\t\t\t<\/div>\n\t\t\t\t\n\t\t\t\t<div class=\"info-box-content\">\n\t\t\t\t\t\n\t\t\t\t\t\t\t\t\t\t\t<h4\t\t\t\t\t\tclass=\"info-box-title title box-title-style-default wd-fontsize-m\" data-elementor-setting-key=\"title\">\n\t\t\t\t\t\t\t\t\u00d6kologisch &amp; verantwortungsvoll\t\t\t\t\t\t<\/h4>\n\t\t\t\t\t\n\t\t\t\t\t<div class=\"info-box-inner reset-last-child\"data-elementor-setting-key=\"content\"><p>Ein <strong>qualitativ<\/strong> hochwertiges und <strong>nachhaltiges<\/strong> Produkt, au\u00dferdem sind alle unsere Verpackungen zu 100 % recycelbar und enthalten keine Umverpackungen oder Plastik.<\/p>\n<\/div>\n\n\t\t\t\t\t\t\t\t\t<\/div>\n\n\t\t\t\t\t\t\t<\/div>\n\t\t<\/div>\n\t\t\t\t\t\t<\/div>\n\t\t\t\t<\/div>\n\t\t\t\t\t<\/div>\n\t\t<\/div>\n\t\t\t\t\t<\/div>\n\t\t<\/section>\n\t\t\t\t\t<\/div>\n\t\t<\/div>\n\t\t\t\t\t<\/div>\n\t\t<\/section>\n\t\t\t\t<\/div>\n\t\t","protected":false},"excerpt":{"rendered":"<ul>\n<li>Scharfe Klinge aus rostfreiem Stahl<\/li>\n<li>Komfortabler Designstiel<\/li>\n<li>Klappmesser: einfacher Transport<\/li>\n<li>Wird mit einer Stofftasche geliefert<\/li>\n<\/ul>\n","protected":false},"featured_media":5565,"comment_status":"open","ping_status":"closed","template":"","meta":{"_seopress_robots_primary_cat":"none","_seopress_titles_title":"Das Taschenmesser f\u00fcr den Campingurlaub - Klinge aus rostfreiem Stahl","_seopress_titles_desc":"Ein perfektes Qualit\u00e4tsmesser, das Sie bei Ihren Outdoor-Ausfl\u00fcgen (Camping \/ Wandern \/ Bushcraft) begleiten wird.","_seopress_robots_index":""},"product_brand":[],"product_cat":[92],"product_tag":[],"class_list":{"0":"post-8500","1":"product","2":"type-product","3":"status-publish","4":"has-post-thumbnail","6":"product_cat-messer","8":"first","9":"instock","10":"taxable","11":"shipping-taxable","12":"purchasable","13":"product-type-simple"},"_links":{"self":[{"href":"https:\/\/oursfurtif.com\/de\/wp-json\/wp\/v2\/product\/8500","targetHints":{"allow":["GET"]}}],"collection":[{"href":"https:\/\/oursfurtif.com\/de\/wp-json\/wp\/v2\/product"}],"about":[{"href":"https:\/\/oursfurtif.com\/de\/wp-json\/wp\/v2\/types\/product"}],"replies":[{"embeddable":true,"href":"https:\/\/oursfurtif.com\/de\/wp-json\/wp\/v2\/comments?post=8500"}],"version-history":[{"count":0,"href":"https:\/\/oursfurtif.com\/de\/wp-json\/wp\/v2\/product\/8500\/revisions"}],"wp:featuredmedia":[{"embeddable":true,"href":"https:\/\/oursfurtif.com\/de\/wp-json\/wp\/v2\/media\/5565"}],"wp:attachment":[{"href":"https:\/\/oursfurtif.com\/de\/wp-json\/wp\/v2\/media?parent=8500"}],"wp:term":[{"taxonomy":"product_brand","embeddable":true,"href":"https:\/\/oursfurtif.com\/de\/wp-json\/wp\/v2\/product_brand?post=8500"},{"taxonomy":"product_cat","embeddable":true,"href":"https:\/\/oursfurtif.com\/de\/wp-json\/wp\/v2\/product_cat?post=8500"},{"taxonomy":"product_tag","embeddable":true,"href":"https:\/\/oursfurtif.com\/de\/wp-json\/wp\/v2\/product_tag?post=8500"}],"curies":[{"name":"wp","href":"https:\/\/api.w.org\/{rel}","templated":true}]}}