{"id":8492,"date":"2022-06-21T12:15:18","date_gmt":"2022-06-21T10:15:18","guid":{"rendered":"http:\/\/oursfurtif.com\/produit\/feueranzuender-paraffinbaumwolle-x8\/"},"modified":"2024-06-09T15:54:40","modified_gmt":"2024-06-09T13:54:40","slug":"feueranzuender-paraffinbaumwolle-x8","status":"publish","type":"product","link":"https:\/\/oursfurtif.com\/de\/produkt\/feueranzuender-paraffinbaumwolle-x8\/","title":{"rendered":"Feueranz\u00fcnder &#8211; Paraffinbaumwolle (x8)"},"content":{"rendered":"\t\t<div data-elementor-type=\"product-post\" data-elementor-id=\"8492\" class=\"elementor elementor-8492 elementor-4858\" data-elementor-post-type=\"product\">\n\t\t\t\t\t\t<section class=\"wd-negative-gap elementor-section elementor-top-section elementor-element elementor-element-56c1d56d elementor-section-content-middle elementor-section-boxed elementor-section-height-default elementor-section-height-default\" data-id=\"56c1d56d\" data-element_type=\"section\" data-e-type=\"section\">\n\t\t\t\t\t\t<div class=\"elementor-container elementor-column-gap-default\">\n\t\t\t\t\t<div class=\"elementor-column elementor-col-50 elementor-top-column elementor-element elementor-element-4e70bf47\" data-id=\"4e70bf47\" data-element_type=\"column\" data-e-type=\"column\" data-settings=\"{&quot;background_background&quot;:&quot;classic&quot;}\">\n\t\t\t<div class=\"elementor-widget-wrap elementor-element-populated\">\n\t\t\t\t\t<div class=\"elementor-background-overlay\"><\/div>\n\t\t\t\t\t\t<div class=\"elementor-element elementor-element-4efcdee9 elementor-widget elementor-widget-image\" data-id=\"4efcdee9\" data-element_type=\"widget\" data-e-type=\"widget\" data-widget_type=\"image.default\">\n\t\t\t\t<div class=\"elementor-widget-container\">\n\t\t\t\t\t\t\t\t\t\t\t\t\t\t\t<img decoding=\"async\" src=\"https:\/\/oursfurtif.com\/wp-content\/uploads\/elementor\/thumbs\/fire-rc6bq6v3a3jrmfzrjmqs40wp7xrgo4b3rbwszxilmw.png\" title=\"fire\" alt=\"Lagerfeuer am Meer dank eines Feuersteins\" class=\"elementor-animation-float\" loading=\"lazy\" \/>\t\t\t\t\t\t\t\t\t\t\t\t\t\t\t<\/div>\n\t\t\t\t<\/div>\n\t\t\t\t\t<\/div>\n\t\t<\/div>\n\t\t\t\t<div class=\"elementor-column elementor-col-50 elementor-top-column elementor-element elementor-element-19a3901e\" data-id=\"19a3901e\" data-element_type=\"column\" data-e-type=\"column\">\n\t\t\t<div class=\"elementor-widget-wrap elementor-element-populated\">\n\t\t\t\t\t\t<div class=\"elementor-element elementor-element-588d37e5 wd-width-100 elementor-widget elementor-widget-wd_title\" data-id=\"588d37e5\" data-element_type=\"widget\" data-e-type=\"widget\" data-widget_type=\"wd_title.default\">\n\t\t\t\t<div class=\"elementor-widget-container\">\n\t\t\t\t\t\t\t<div class=\"title-wrapper wd-set-mb reset-last-child wd-title-color-default wd-title-style-default wd-title-size-default text-left\">\n\n\t\t\t\n\t\t\t<div class=\"liner-continer\">\n\t\t\t\t<h2 class=\"woodmart-title-container title wd-fontsize-l\">Effektiver Feueranz\u00fcnder<\/h2> \n\t\t\t\t\t\t\t<\/div>\n\n\t\t\t\t\t<\/div>\n\t\t\t\t\t\t<\/div>\n\t\t\t\t<\/div>\n\t\t\t\t<div class=\"elementor-element elementor-element-589eaa39 color-scheme-inherit text-left elementor-widget elementor-widget-text-editor\" data-id=\"589eaa39\" data-element_type=\"widget\" data-e-type=\"widget\" data-widget_type=\"text-editor.default\">\n\t\t\t\t<div class=\"elementor-widget-container\">\n\t\t\t\t\t\t\t\t\t<p><span style=\"font-family: Roboto, Arial, Helvetica, sans-serif; font-size: 16px; font-style: normal; font-variant-ligatures: normal; font-variant-caps: normal; font-weight: 400;\">Diese Fire Tinder aus Baumwolle sind leicht zu transportieren und nehmen keinen Platz in Ihrer Wander-, Biwak-, Trekking- oder \u00dcberlebensausr\u00fcstung ein. Diese nat\u00fcrlichen Anz\u00fcnder sind einfach zu verwenden und werden sich bei Ihren Ausfl\u00fcgen als unentbehrlich erweisen, um schnell und einfach ein Feuer zu entfachen.<\/span><\/p>\n\t\t\t\t\t\t\t\t<\/div>\n\t\t\t\t<\/div>\n\t\t\t\t\t<\/div>\n\t\t<\/div>\n\t\t\t\t\t<\/div>\n\t\t<\/section>\n\t\t\t\t<section class=\"wd-negative-gap elementor-section elementor-top-section elementor-element elementor-element-628cd336 elementor-section-content-middle elementor-reverse-tablet elementor-reverse-mobile elementor-section-boxed elementor-section-height-default elementor-section-height-default\" data-id=\"628cd336\" data-element_type=\"section\" data-e-type=\"section\">\n\t\t\t\t\t\t<div class=\"elementor-container elementor-column-gap-default\">\n\t\t\t\t\t<div class=\"elementor-column elementor-col-50 elementor-top-column elementor-element elementor-element-cd0074f\" data-id=\"cd0074f\" data-element_type=\"column\" data-e-type=\"column\">\n\t\t\t<div class=\"elementor-widget-wrap elementor-element-populated\">\n\t\t\t\t\t\t<div class=\"elementor-element elementor-element-78d12396 wd-width-100 elementor-widget elementor-widget-wd_title\" data-id=\"78d12396\" data-element_type=\"widget\" data-e-type=\"widget\" data-widget_type=\"wd_title.default\">\n\t\t\t\t<div class=\"elementor-widget-container\">\n\t\t\t\t\t\t\t<div class=\"title-wrapper wd-set-mb reset-last-child wd-title-color-default wd-title-style-default wd-title-size-default text-right\">\n\n\t\t\t\n\t\t\t<div class=\"liner-continer\">\n\t\t\t\t<h2 class=\"woodmart-title-container title wd-fontsize-l\">Unter allen Bedingungen<\/h2> \n\t\t\t\t\t\t\t<\/div>\n\n\t\t\t\t\t<\/div>\n\t\t\t\t\t\t<\/div>\n\t\t\t\t<\/div>\n\t\t\t\t<div class=\"elementor-element elementor-element-4bf066c3 text-right color-scheme-inherit elementor-widget elementor-widget-text-editor\" data-id=\"4bf066c3\" data-element_type=\"widget\" data-e-type=\"widget\" data-widget_type=\"text-editor.default\">\n\t\t\t\t<div class=\"elementor-widget-container\">\n\t\t\t\t\t\t\t\t\t<p><span>Mit Hilfe Ihres <span id=\"cordial-19-28\" class=\"cordial\" style=\"border-bottom: 1px double red;\">Firesteels<\/span> kann die Baumwolle schnell und bei hoher Temperatur entz\u00fcndet werden. Ihre Feuer lassen sich leichter starten, selbst unter extremen Bedingungen (Regen, Feuchtigkeit, Wind, Schnee, eisige Temperaturen). Es ist ein \u00e4u\u00dferst effizienter, praktischer und wasserfester Brennstoff. Es ist perfekt f\u00fcr Notfallsituationen geeignet und brennt sehr lange.<\/span><\/p>\n\t\t\t\t\t\t\t\t<\/div>\n\t\t\t\t<\/div>\n\t\t\t\t\t<\/div>\n\t\t<\/div>\n\t\t\t\t<div class=\"elementor-column elementor-col-50 elementor-top-column elementor-element elementor-element-617b1c88\" data-id=\"617b1c88\" data-element_type=\"column\" data-e-type=\"column\" data-settings=\"{&quot;background_background&quot;:&quot;classic&quot;}\">\n\t\t\t<div class=\"elementor-widget-wrap elementor-element-populated\">\n\t\t\t\t\t\t<div class=\"elementor-element elementor-element-61d7ecb elementor-widget elementor-widget-image\" data-id=\"61d7ecb\" data-element_type=\"widget\" data-e-type=\"widget\" data-settings=\"{&quot;_animation&quot;:&quot;none&quot;}\" data-widget_type=\"image.default\">\n\t\t\t\t<div class=\"elementor-widget-container\">\n\t\t\t\t\t\t\t\t\t\t\t\t\t\t\t<img decoding=\"async\" src=\"https:\/\/oursfurtif.com\/wp-content\/uploads\/elementor\/thumbs\/firecampsnow2-rc6bq7sxgxl1y1yee55eoio5tbmtvteu3gkah7h7go.jpg\" title=\"firecampsnow2\" alt=\"Lagerfeuer im Winter\" class=\"elementor-animation-float\" loading=\"lazy\" \/>\t\t\t\t\t\t\t\t\t\t\t\t\t\t\t<\/div>\n\t\t\t\t<\/div>\n\t\t\t\t\t<\/div>\n\t\t<\/div>\n\t\t\t\t\t<\/div>\n\t\t<\/section>\n\t\t\t\t<section class=\"wd-negative-gap elementor-section elementor-top-section elementor-element elementor-element-36fa2fee elementor-section-content-middle elementor-section-boxed elementor-section-height-default elementor-section-height-default\" data-id=\"36fa2fee\" data-element_type=\"section\" data-e-type=\"section\" data-settings=\"{&quot;background_background&quot;:&quot;classic&quot;}\">\n\t\t\t\t\t\t<div class=\"elementor-container elementor-column-gap-default\">\n\t\t\t\t\t<div class=\"elementor-column elementor-col-100 elementor-top-column elementor-element elementor-element-46551da3\" data-id=\"46551da3\" data-element_type=\"column\" data-e-type=\"column\">\n\t\t\t<div class=\"elementor-widget-wrap elementor-element-populated\">\n\t\t\t\t\t\t<div class=\"elementor-element elementor-element-40668c78 wd-width-100 elementor-widget elementor-widget-wd_title\" data-id=\"40668c78\" data-element_type=\"widget\" data-e-type=\"widget\" data-widget_type=\"wd_title.default\">\n\t\t\t\t<div class=\"elementor-widget-container\">\n\t\t\t\t\t\t\t<div class=\"title-wrapper wd-set-mb reset-last-child wd-title-color-default wd-title-style-image wd-title-size-extra-large text-center\">\n\n\t\t\t\n\t\t\t<div class=\"liner-continer\">\n\t\t\t\t<h4 class=\"woodmart-title-container title wd-fontsize-xxxl\">Merkmale<\/h4> \n\t\t\t\t\t\t\t\t\t<span class=\"img-wrapper\"><img decoding=\"async\" width=\"45\" height=\"45\" src=\"https:\/\/oursfurtif.com\/wp-content\/uploads\/2021\/01\/Fire_03_green-45x45.png\" class=\"attachment-x45 size-x45\" alt=\"Icon pierre \u00e0 feu\" srcset=\"https:\/\/oursfurtif.com\/wp-content\/uploads\/2021\/01\/Fire_03_green-45x45.png 45w, https:\/\/oursfurtif.com\/wp-content\/uploads\/2021\/01\/Fire_03_green.png 100w\" sizes=\"(max-width: 45px) 100vw, 45px\" \/><\/span>\t\t\t\t\t\t\t<\/div>\n\n\t\t\t\t\t\t\t<div class=\"title-after_title reset-last-child wd-fontsize-s\">\n\t\t\t\t\t<p>Effektive Anz\u00fcndhilfen bei jedem Wetter<\/p>\t\t\t\t<\/div>\n\t\t\t\t\t<\/div>\n\t\t\t\t\t\t<\/div>\n\t\t\t\t<\/div>\n\t\t\t\t<section class=\"wd-negative-gap elementor-section elementor-inner-section elementor-element elementor-element-6ca0996f elementor-section-content-middle elementor-section-boxed elementor-section-height-default elementor-section-height-default\" data-id=\"6ca0996f\" data-element_type=\"section\" data-e-type=\"section\">\n\t\t\t\t\t\t<div class=\"elementor-container elementor-column-gap-extended\">\n\t\t\t\t\t<div class=\"elementor-column elementor-col-33 elementor-inner-column elementor-element elementor-element-3b10228c\" data-id=\"3b10228c\" data-element_type=\"column\" data-e-type=\"column\">\n\t\t\t<div class=\"elementor-widget-wrap elementor-element-populated\">\n\t\t\t\t\t\t<div class=\"elementor-element elementor-element-69c55098 elementor-widget elementor-widget-wd_infobox\" data-id=\"69c55098\" data-element_type=\"widget\" data-e-type=\"widget\" data-widget_type=\"wd_infobox.default\">\n\t\t\t\t<div class=\"elementor-widget-container\">\n\t\t\t\t\t\t\t<div class=\"info-box-wrapper\">\n\t\t\t<div class=\"wd-info-box text-right box-icon-align-right box-style-base color-scheme- wd-items-top\">\n\t\t\t\t\t\t\t\t\t<div class=\"box-icon-wrapper  box-with-text text-size-default box-icon-simple\">\n\t\t\t\t\t\t<div class=\"info-box-icon\">\n\t\t\t\t\t\t\t\t\t\t\t\t\t\t\t1\t\t\t\t\t\t\t\t\t\t\t\t\t<\/div>\n\t\t\t\t\t<\/div>\n\t\t\t\t\n\t\t\t\t<div class=\"info-box-content\">\n\t\t\t\t\t\n\t\t\t\t\t\t\t\t\t\t\t<h4\t\t\t\t\t\tclass=\"info-box-title title box-title-style-default wd-fontsize-m\" data-elementor-setting-key=\"title\">\n\t\t\t\t\t\t\t\tWirksamkeit\t\t\t\t\t\t<\/h4>\n\t\t\t\t\t\n\t\t\t\t\t<div class=\"info-box-inner reset-last-child\"data-elementor-setting-key=\"content\"><p>Funktioniert perfekt bei allen <strong>Wetterbedingungen<\/strong> (starker Regen, K\u00e4lte, Wind, Schnee)<\/p>\n<\/div>\n\n\t\t\t\t\t\t\t\t\t<\/div>\n\n\t\t\t\t\t\t\t<\/div>\n\t\t<\/div>\n\t\t\t\t\t\t<\/div>\n\t\t\t\t<\/div>\n\t\t\t\t<div class=\"elementor-element elementor-element-32b395e0 elementor-widget elementor-widget-wd_infobox\" data-id=\"32b395e0\" data-element_type=\"widget\" data-e-type=\"widget\" data-widget_type=\"wd_infobox.default\">\n\t\t\t\t<div class=\"elementor-widget-container\">\n\t\t\t\t\t\t\t<div class=\"info-box-wrapper\">\n\t\t\t<div class=\"wd-info-box text-right box-icon-align-right box-style-base color-scheme- wd-items-top\">\n\t\t\t\t\t\t\t\t\t<div class=\"box-icon-wrapper  box-with-text text-size-default box-icon-simple\">\n\t\t\t\t\t\t<div class=\"info-box-icon\">\n\t\t\t\t\t\t\t\t\t\t\t\t\t\t\t2\t\t\t\t\t\t\t\t\t\t\t\t\t<\/div>\n\t\t\t\t\t<\/div>\n\t\t\t\t\n\t\t\t\t<div class=\"info-box-content\">\n\t\t\t\t\t\n\t\t\t\t\t\t\t\t\t\t\t<h4\t\t\t\t\t\tclass=\"info-box-title title box-title-style-default wd-fontsize-m\" data-elementor-setting-key=\"title\">\n\t\t\t\t\t\t\t\tWasserbest\u00e4ndig\t\t\t\t\t\t<\/h4>\n\t\t\t\t\t\n\t\t\t\t\t<div class=\"info-box-inner reset-last-child\"data-elementor-setting-key=\"content\"><p><span style=\"font-size: 15px;\">Selbst im <strong>nassen<\/strong> Zustand bleibt dieser Anz\u00fcnder <b>wirksam <\/b>und wird sich entz\u00fcnden.<\/span><\/p>\n<\/div>\n\n\t\t\t\t\t\t\t\t\t<\/div>\n\n\t\t\t\t\t\t\t<\/div>\n\t\t<\/div>\n\t\t\t\t\t\t<\/div>\n\t\t\t\t<\/div>\n\t\t\t\t<div class=\"elementor-element elementor-element-715ca0d elementor-widget elementor-widget-wd_infobox\" data-id=\"715ca0d\" data-element_type=\"widget\" data-e-type=\"widget\" data-widget_type=\"wd_infobox.default\">\n\t\t\t\t<div class=\"elementor-widget-container\">\n\t\t\t\t\t\t\t<div class=\"info-box-wrapper\">\n\t\t\t<div class=\"wd-info-box text-right box-icon-align-right box-style-base color-scheme- wd-items-top\">\n\t\t\t\t\t\t\t\t\t<div class=\"box-icon-wrapper  box-with-text text-size-default box-icon-simple\">\n\t\t\t\t\t\t<div class=\"info-box-icon\">\n\t\t\t\t\t\t\t\t\t\t\t\t\t\t\t3\t\t\t\t\t\t\t\t\t\t\t\t\t<\/div>\n\t\t\t\t\t<\/div>\n\t\t\t\t\n\t\t\t\t<div class=\"info-box-content\">\n\t\t\t\t\t\n\t\t\t\t\t\t\t\t\t\t\t<h4\t\t\t\t\t\tclass=\"info-box-title title box-title-style-default wd-fontsize-m\" data-elementor-setting-key=\"title\">\n\t\t\t\t\t\t\t\tSchnell und einfach\t\t\t\t\t\t<\/h4>\n\t\t\t\t\t\n\t\t\t\t\t<div class=\"info-box-inner reset-last-child\"data-elementor-setting-key=\"content\"><p><strong>Schnelleres<\/strong> Anz\u00fcnden von Feuern mit einem Zunder, der sich <strong>leicht<\/strong> anz\u00fcnden l\u00e4sst.<\/p>\n<\/div>\n\n\t\t\t\t\t\t\t\t\t<\/div>\n\n\t\t\t\t\t\t\t<\/div>\n\t\t<\/div>\n\t\t\t\t\t\t<\/div>\n\t\t\t\t<\/div>\n\t\t\t\t\t<\/div>\n\t\t<\/div>\n\t\t\t\t<div class=\"elementor-column elementor-col-33 elementor-inner-column elementor-element elementor-element-6e393ed2\" data-id=\"6e393ed2\" data-element_type=\"column\" data-e-type=\"column\">\n\t\t\t<div class=\"elementor-widget-wrap elementor-element-populated\">\n\t\t\t\t\t\t<div class=\"elementor-element elementor-element-78820228 elementor-widget elementor-widget-image\" data-id=\"78820228\" data-element_type=\"widget\" data-e-type=\"widget\" data-widget_type=\"image.default\">\n\t\t\t\t<div class=\"elementor-widget-container\">\n\t\t\t\t\t\t\t\t\t\t\t\t\t\t\t<img decoding=\"async\" width=\"768\" height=\"768\" src=\"https:\/\/oursfurtif.com\/wp-content\/uploads\/2022\/06\/fire_tinder_cotton_wax_8pc-768x768.png\" class=\"attachment-medium_large size-medium_large wp-image-5249\" alt=\"fire tinder Baumwolle Paraffin x8\" srcset=\"https:\/\/oursfurtif.com\/wp-content\/uploads\/2022\/06\/fire_tinder_cotton_wax_8pc-768x768.png 768w, https:\/\/oursfurtif.com\/wp-content\/uploads\/2022\/06\/fire_tinder_cotton_wax_8pc-600x600.png 600w, https:\/\/oursfurtif.com\/wp-content\/uploads\/2022\/06\/fire_tinder_cotton_wax_8pc-150x150.png 150w, https:\/\/oursfurtif.com\/wp-content\/uploads\/2022\/06\/fire_tinder_cotton_wax_8pc-1200x1200.png 1200w, https:\/\/oursfurtif.com\/wp-content\/uploads\/2022\/06\/fire_tinder_cotton_wax_8pc-300x300.png 300w, https:\/\/oursfurtif.com\/wp-content\/uploads\/2022\/06\/fire_tinder_cotton_wax_8pc-1024x1024.png 1024w, https:\/\/oursfurtif.com\/wp-content\/uploads\/2022\/06\/fire_tinder_cotton_wax_8pc-1536x1536.png 1536w, https:\/\/oursfurtif.com\/wp-content\/uploads\/2022\/06\/fire_tinder_cotton_wax_8pc.png 2048w\" sizes=\"(max-width: 768px) 100vw, 768px\" \/>\t\t\t\t\t\t\t\t\t\t\t\t\t\t\t<\/div>\n\t\t\t\t<\/div>\n\t\t\t\t\t<\/div>\n\t\t<\/div>\n\t\t\t\t<div class=\"elementor-column elementor-col-33 elementor-inner-column elementor-element elementor-element-20811c03\" data-id=\"20811c03\" data-element_type=\"column\" data-e-type=\"column\">\n\t\t\t<div class=\"elementor-widget-wrap elementor-element-populated\">\n\t\t\t\t\t\t<div class=\"elementor-element elementor-element-74afd9fa elementor-widget elementor-widget-wd_infobox\" data-id=\"74afd9fa\" data-element_type=\"widget\" data-e-type=\"widget\" data-widget_type=\"wd_infobox.default\">\n\t\t\t\t<div class=\"elementor-widget-container\">\n\t\t\t\t\t\t\t<div class=\"info-box-wrapper\">\n\t\t\t<div class=\"wd-info-box text-left box-icon-align-left box-style-base color-scheme- wd-items-top\">\n\t\t\t\t\t\t\t\t\t<div class=\"box-icon-wrapper  box-with-text text-size-default box-icon-simple\">\n\t\t\t\t\t\t<div class=\"info-box-icon\">\n\t\t\t\t\t\t\t\t\t\t\t\t\t\t\t4\t\t\t\t\t\t\t\t\t\t\t\t\t<\/div>\n\t\t\t\t\t<\/div>\n\t\t\t\t\n\t\t\t\t<div class=\"info-box-content\">\n\t\t\t\t\t\n\t\t\t\t\t\t\t\t\t\t\t<h4\t\t\t\t\t\tclass=\"info-box-title title box-title-style-default wd-fontsize-m\" data-elementor-setting-key=\"title\">\n\t\t\t\t\t\t\t\tLangsame Verbrennung\t\t\t\t\t\t<\/h4>\n\t\t\t\t\t\n\t\t\t\t\t<div class=\"info-box-inner reset-last-child\"data-elementor-setting-key=\"content\"><p><strong>Langsamere<\/strong> Verbrennung als Baumwolle oder andere Fasern, so dass Sie <strong>mehrere<\/strong> Feuer anz\u00fcnden k\u00f6nnen.<\/p>\n<\/div>\n\n\t\t\t\t\t\t\t\t\t<\/div>\n\n\t\t\t\t\t\t\t<\/div>\n\t\t<\/div>\n\t\t\t\t\t\t<\/div>\n\t\t\t\t<\/div>\n\t\t\t\t<div class=\"elementor-element elementor-element-37879169 elementor-widget elementor-widget-wd_infobox\" data-id=\"37879169\" data-element_type=\"widget\" data-e-type=\"widget\" data-widget_type=\"wd_infobox.default\">\n\t\t\t\t<div class=\"elementor-widget-container\">\n\t\t\t\t\t\t\t<div class=\"info-box-wrapper\">\n\t\t\t<div class=\"wd-info-box text-left box-icon-align-left box-style-base color-scheme- wd-items-top\">\n\t\t\t\t\t\t\t\t\t<div class=\"box-icon-wrapper  box-with-text text-size-default box-icon-simple\">\n\t\t\t\t\t\t<div class=\"info-box-icon\">\n\t\t\t\t\t\t\t\t\t\t\t\t\t\t\t5\t\t\t\t\t\t\t\t\t\t\t\t\t<\/div>\n\t\t\t\t\t<\/div>\n\t\t\t\t\n\t\t\t\t<div class=\"info-box-content\">\n\t\t\t\t\t\n\t\t\t\t\t\t\t\t\t\t\t<h4\t\t\t\t\t\tclass=\"info-box-title title box-title-style-default wd-fontsize-m\" data-elementor-setting-key=\"title\">\n\t\t\t\t\t\t\t\tNotfall\t\t\t\t\t\t<\/h4>\n\t\t\t\t\t\n\t\t\t\t\t<div class=\"info-box-inner reset-last-child\"data-elementor-setting-key=\"content\"><p>Ideales Produkt f\u00fcr <b>Not-<\/b> und<b> \u00dcberlebenssituationen<\/b><\/p>\n<\/div>\n\n\t\t\t\t\t\t\t\t\t<\/div>\n\n\t\t\t\t\t\t\t<\/div>\n\t\t<\/div>\n\t\t\t\t\t\t<\/div>\n\t\t\t\t<\/div>\n\t\t\t\t\t<\/div>\n\t\t<\/div>\n\t\t\t\t\t<\/div>\n\t\t<\/section>\n\t\t\t\t\t<\/div>\n\t\t<\/div>\n\t\t\t\t\t<\/div>\n\t\t<\/section>\n\t\t\t\t<\/div>\n\t\t","protected":false},"excerpt":{"rendered":"<ul>\n<li>Wirksam unter allen Bedingungen (starker Regen, K\u00e4lte, Wind, Schnee)<\/li>\n<li>Leuchtet auch nach Kontakt mit Wasser.<\/li>\n<li>Einfaches und schnelles Einsetzen<\/li>\n<li>L\u00e4ngere Brenndauer<\/li>\n<\/ul>\n","protected":false},"featured_media":5253,"comment_status":"open","ping_status":"closed","template":"","meta":{"_seopress_robots_primary_cat":"none","_seopress_titles_title":"Stealthy Bear | Bushcraft Feueranz\u00fcnder - Baumwolle Paraffin Notfall","_seopress_titles_desc":"Feueranz\u00fcnder f\u00fcr Ihre \u00dcberlebensausr\u00fcstung. Mit Hilfe Ihres Firesteels k\u00f6nnen diese Baumwollrollen schnell und bei hohen Temperaturen entz\u00fcndet werden, ideal f\u00fcr extreme Bedingungen, wasserfest.","_seopress_robots_index":""},"product_brand":[],"product_cat":[93,149],"product_tag":[],"class_list":{"0":"post-8492","1":"product","2":"type-product","3":"status-publish","4":"has-post-thumbnail","6":"product_cat-feuer-kochen","7":"product_cat-feueranzuender","9":"first","10":"outofstock","11":"taxable","12":"shipping-taxable","13":"purchasable","14":"product-type-simple"},"_links":{"self":[{"href":"https:\/\/oursfurtif.com\/de\/wp-json\/wp\/v2\/product\/8492","targetHints":{"allow":["GET"]}}],"collection":[{"href":"https:\/\/oursfurtif.com\/de\/wp-json\/wp\/v2\/product"}],"about":[{"href":"https:\/\/oursfurtif.com\/de\/wp-json\/wp\/v2\/types\/product"}],"replies":[{"embeddable":true,"href":"https:\/\/oursfurtif.com\/de\/wp-json\/wp\/v2\/comments?post=8492"}],"version-history":[{"count":0,"href":"https:\/\/oursfurtif.com\/de\/wp-json\/wp\/v2\/product\/8492\/revisions"}],"wp:featuredmedia":[{"embeddable":true,"href":"https:\/\/oursfurtif.com\/de\/wp-json\/wp\/v2\/media\/5253"}],"wp:attachment":[{"href":"https:\/\/oursfurtif.com\/de\/wp-json\/wp\/v2\/media?parent=8492"}],"wp:term":[{"taxonomy":"product_brand","embeddable":true,"href":"https:\/\/oursfurtif.com\/de\/wp-json\/wp\/v2\/product_brand?post=8492"},{"taxonomy":"product_cat","embeddable":true,"href":"https:\/\/oursfurtif.com\/de\/wp-json\/wp\/v2\/product_cat?post=8492"},{"taxonomy":"product_tag","embeddable":true,"href":"https:\/\/oursfurtif.com\/de\/wp-json\/wp\/v2\/product_tag?post=8492"}],"curies":[{"name":"wp","href":"https:\/\/api.w.org\/{rel}","templated":true}]}}