{"id":8429,"date":"2024-06-06T15:49:03","date_gmt":"2024-06-06T13:49:03","guid":{"rendered":"http:\/\/oursfurtif.com\/produit\/notfall-schlafsack-waermend-wasserdicht\/"},"modified":"2024-06-10T12:04:09","modified_gmt":"2024-06-10T10:04:09","slug":"notfall-schlafsack-waermend-wasserdicht","status":"publish","type":"product","link":"https:\/\/oursfurtif.com\/de\/produkt\/notfall-schlafsack-waermend-wasserdicht\/","title":{"rendered":"Notfall-Schlafsack &#8211; w\u00e4rmend &amp; wasserdicht"},"content":{"rendered":"\t\t<div data-elementor-type=\"product-post\" data-elementor-id=\"8429\" class=\"elementor elementor-8429 elementor-8348\" data-elementor-post-type=\"product\">\n\t\t\t\t<div class=\"elementor-element elementor-element-cc4016c e-con-full e-flex e-con e-parent\" data-id=\"cc4016c\" data-element_type=\"container\" data-e-type=\"container\">\n\t\t\t\t<div class=\"elementor-element elementor-element-7c73b58 elementor-widget elementor-widget-image\" data-id=\"7c73b58\" data-element_type=\"widget\" data-e-type=\"widget\" data-widget_type=\"image.default\">\n\t\t\t\t<div class=\"elementor-widget-container\">\n\t\t\t\t\t\t\t\t\t\t\t\t\t\t\t<img decoding=\"async\" src=\"https:\/\/m.media-amazon.com\/images\/S\/aplus-media\/sc\/d7f38e5e-ad0a-4b03-9947-254879991c19.__CR0,0,970,600_PT0_SX970_V1___.jpg\" title=\"\" alt=\"\" loading=\"lazy\" \/>\t\t\t\t\t\t\t\t\t\t\t\t\t\t\t<\/div>\n\t\t\t\t<\/div>\n\t\t\t\t<div class=\"elementor-element elementor-element-4250b31 elementor-widget__width-initial elementor-widget elementor-widget-image\" data-id=\"4250b31\" data-element_type=\"widget\" data-e-type=\"widget\" data-widget_type=\"image.default\">\n\t\t\t\t<div class=\"elementor-widget-container\">\n\t\t\t\t\t\t\t\t\t\t\t\t\t\t\t<img decoding=\"async\" src=\"https:\/\/m.media-amazon.com\/images\/S\/aplus-media\/sc\/36f3eacd-87c3-406b-85c1-342fd7d90090.__CR0,0,300,300_PT0_SX300_V1___.jpg\" title=\"\" alt=\"\" loading=\"lazy\" \/>\t\t\t\t\t\t\t\t\t\t\t\t\t\t\t<\/div>\n\t\t\t\t<\/div>\n\t\t\t\t<div class=\"elementor-element elementor-element-42ea635 elementor-widget__width-initial elementor-widget elementor-widget-image\" data-id=\"42ea635\" data-element_type=\"widget\" data-e-type=\"widget\" data-widget_type=\"image.default\">\n\t\t\t\t<div class=\"elementor-widget-container\">\n\t\t\t\t\t\t\t\t\t\t\t\t\t\t\t<img decoding=\"async\" src=\"https:\/\/m.media-amazon.com\/images\/S\/aplus-media\/sc\/20d1d05a-b1e4-4e5b-b357-72c3dd3636a1.__CR0,0,300,300_PT0_SX300_V1___.jpg\" title=\"\" alt=\"\" loading=\"lazy\" \/>\t\t\t\t\t\t\t\t\t\t\t\t\t\t\t<\/div>\n\t\t\t\t<\/div>\n\t\t\t\t<div class=\"elementor-element elementor-element-4a895d6 elementor-widget__width-initial elementor-widget elementor-widget-image\" data-id=\"4a895d6\" data-element_type=\"widget\" data-e-type=\"widget\" data-widget_type=\"image.default\">\n\t\t\t\t<div class=\"elementor-widget-container\">\n\t\t\t\t\t\t\t\t\t\t\t\t\t\t\t<img decoding=\"async\" src=\"https:\/\/m.media-amazon.com\/images\/S\/aplus-media\/sc\/86c6640d-bc52-4514-92e9-e9680727d689.__CR0,0,300,300_PT0_SX300_V1___.jpg\" title=\"\" alt=\"\" loading=\"lazy\" \/>\t\t\t\t\t\t\t\t\t\t\t\t\t\t\t<\/div>\n\t\t\t\t<\/div>\n\t\t\t\t<div class=\"elementor-element elementor-element-1fd8e71 elementor-widget__width-initial color-scheme-inherit text-left elementor-widget elementor-widget-text-editor\" data-id=\"1fd8e71\" data-element_type=\"widget\" data-e-type=\"widget\" data-widget_type=\"text-editor.default\">\n\t\t\t\t<div class=\"elementor-widget-container\">\n\t\t\t\t\t\t\t\t\t<p>\n            <strong>Rei\u00dffestigkeit<\/strong>\n          <\/p>\n\t\t\t\t\t\t\t\t<\/div>\n\t\t\t\t<\/div>\n\t\t\t\t<div class=\"elementor-element elementor-element-132e4f3 elementor-widget__width-initial color-scheme-inherit text-left elementor-widget elementor-widget-text-editor\" data-id=\"132e4f3\" data-element_type=\"widget\" data-e-type=\"widget\" data-widget_type=\"text-editor.default\">\n\t\t\t\t<div class=\"elementor-widget-container\">\n\t\t\t\t\t\t\t\t\t<p>\n            <strong>Rettungspfeife, um Hilfe zu holen<\/strong>\n          <\/p>\n\t\t\t\t\t\t\t\t<\/div>\n\t\t\t\t<\/div>\n\t\t\t\t<div class=\"elementor-element elementor-element-410029b elementor-widget__width-initial color-scheme-inherit text-left elementor-widget elementor-widget-text-editor\" data-id=\"410029b\" data-element_type=\"widget\" data-e-type=\"widget\" data-widget_type=\"text-editor.default\">\n\t\t\t\t<div class=\"elementor-widget-container\">\n\t\t\t\t\t\t\t\t\t<p>\n            <strong>Leicht und kompakt<\/strong>\n          <\/p>\n\t\t\t\t\t\t\t\t<\/div>\n\t\t\t\t<\/div>\n\t\t\t\t<div class=\"elementor-element elementor-element-183db77 elementor-widget__width-initial elementor-widget elementor-widget-image\" data-id=\"183db77\" data-element_type=\"widget\" data-e-type=\"widget\" data-widget_type=\"image.default\">\n\t\t\t\t<div class=\"elementor-widget-container\">\n\t\t\t\t\t\t\t\t\t\t\t\t\t\t\t<img decoding=\"async\" src=\"https:\/\/m.media-amazon.com\/images\/S\/aplus-media\/sc\/d3bf8a89-b6d7-45d6-9c30-9a77b71a24ae.__CR0,0,300,300_PT0_SX300_V1___.jpg\" title=\"\" alt=\"\" loading=\"lazy\" \/>\t\t\t\t\t\t\t\t\t\t\t\t\t\t\t<\/div>\n\t\t\t\t<\/div>\n\t\t\t\t<div class=\"elementor-element elementor-element-df8addd elementor-widget__width-initial color-scheme-inherit text-left elementor-widget elementor-widget-text-editor\" data-id=\"df8addd\" data-element_type=\"widget\" data-e-type=\"widget\" data-widget_type=\"text-editor.default\">\n\t\t\t\t<div class=\"elementor-widget-container\">\n\t\t\t\t\t\t\t\t\t<p>\n            <strong>Verpackung inbegriffen:<\/strong>\n          <\/p>\n<p>2 \u00d7 Notschlafsack mit Pfeife<\/p>\n<p>Spezifikation:<\/p>\n<p>Material: Sicherheitsmylar<\/p>\n<p>Gr\u00f6\u00dfe des Produkts: 200 \u00d7 120 cm<\/p>\n<p>(Gro\u00df genug f\u00fcr 2 Erwachsene)<\/p>\n<p>Gewicht: 4,6 Unzen<\/p>\n\t\t\t\t\t\t\t\t<\/div>\n\t\t\t\t<\/div>\n\t\t\t\t<div class=\"elementor-element elementor-element-8725c19 elementor-widget__width-initial elementor-widget elementor-widget-image\" data-id=\"8725c19\" data-element_type=\"widget\" data-e-type=\"widget\" data-widget_type=\"image.default\">\n\t\t\t\t<div class=\"elementor-widget-container\">\n\t\t\t\t\t\t\t\t\t\t\t\t\t\t\t<img decoding=\"async\" src=\"https:\/\/m.media-amazon.com\/images\/S\/aplus-media\/sc\/1402563f-d2e8-4136-992c-77892e0c2e49.__CR0,0,300,300_PT0_SX300_V1___.jpg\" title=\"\" alt=\"\" loading=\"lazy\" \/>\t\t\t\t\t\t\t\t\t\t\t\t\t\t\t<\/div>\n\t\t\t\t<\/div>\n\t\t\t\t<div class=\"elementor-element elementor-element-5a7e802 elementor-widget__width-initial elementor-widget elementor-widget-image\" data-id=\"5a7e802\" data-element_type=\"widget\" data-e-type=\"widget\" data-widget_type=\"image.default\">\n\t\t\t\t<div class=\"elementor-widget-container\">\n\t\t\t\t\t\t\t\t\t\t\t\t\t\t\t<img decoding=\"async\" src=\"https:\/\/m.media-amazon.com\/images\/S\/aplus-media\/sc\/f5071a45-d25a-4fe3-a8cc-b3d9260d8cc9.__CR0,0,300,300_PT0_SX300_V1___.jpg\" title=\"\" alt=\"\" loading=\"lazy\" \/>\t\t\t\t\t\t\t\t\t\t\t\t\t\t\t<\/div>\n\t\t\t\t<\/div>\n\t\t\t\t<div class=\"elementor-element elementor-element-8f8673d elementor-widget__width-initial elementor-widget elementor-widget-image\" data-id=\"8f8673d\" data-element_type=\"widget\" data-e-type=\"widget\" data-widget_type=\"image.default\">\n\t\t\t\t<div class=\"elementor-widget-container\">\n\t\t\t\t\t\t\t\t\t\t\t\t\t\t\t<img decoding=\"async\" src=\"https:\/\/m.media-amazon.com\/images\/S\/aplus-media\/sc\/a0825f40-f4c9-4950-b6b5-c0a21c357eef.__CR0,0,300,300_PT0_SX300_V1___.jpg\" title=\"\" alt=\"\" loading=\"lazy\" \/>\t\t\t\t\t\t\t\t\t\t\t\t\t\t\t<\/div>\n\t\t\t\t<\/div>\n\t\t\t\t<div class=\"elementor-element elementor-element-43ca7b7 elementor-widget__width-initial color-scheme-inherit text-left elementor-widget elementor-widget-text-editor\" data-id=\"43ca7b7\" data-element_type=\"widget\" data-e-type=\"widget\" data-widget_type=\"text-editor.default\">\n\t\t\t\t<div class=\"elementor-widget-container\">\n\t\t\t\t\t\t\t\t\t<p>          <strong>Wilder Campingplatz<\/strong><\/p>\n\t\t\t\t\t\t\t\t<\/div>\n\t\t\t\t<\/div>\n\t\t\t\t<div class=\"elementor-element elementor-element-1099be9 elementor-widget__width-initial color-scheme-inherit text-left elementor-widget elementor-widget-text-editor\" data-id=\"1099be9\" data-element_type=\"widget\" data-e-type=\"widget\" data-widget_type=\"text-editor.default\">\n\t\t\t\t<div class=\"elementor-widget-container\">\n\t\t\t\t\t\t\t\t\t<p>          <strong>Notfallrettung<\/strong><\/p>\n\t\t\t\t\t\t\t\t<\/div>\n\t\t\t\t<\/div>\n\t\t\t\t<div class=\"elementor-element elementor-element-5f53f43 elementor-widget__width-initial color-scheme-inherit text-left elementor-widget elementor-widget-text-editor\" data-id=\"5f53f43\" data-element_type=\"widget\" data-e-type=\"widget\" data-widget_type=\"text-editor.default\">\n\t\t\t\t<div class=\"elementor-widget-container\">\n\t\t\t\t\t\t\t\t\t<p>          <strong>\u00dcberleben in der Natur<\/strong><\/p>\n\t\t\t\t\t\t\t\t<\/div>\n\t\t\t\t<\/div>\n\t\t\t\t<div class=\"elementor-element elementor-element-67bf8cb elementor-widget__width-initial elementor-widget elementor-widget-image\" data-id=\"67bf8cb\" data-element_type=\"widget\" data-e-type=\"widget\" data-widget_type=\"image.default\">\n\t\t\t\t<div class=\"elementor-widget-container\">\n\t\t\t\t\t\t\t\t\t\t\t\t\t\t\t<img decoding=\"async\" src=\"https:\/\/m.media-amazon.com\/images\/S\/aplus-media\/sc\/269369ad-c7c9-4a34-8883-78f48e1b1986.__CR0,0,970,600_PT0_SX970_V1___.jpg\" title=\"\" alt=\"\" loading=\"lazy\" \/>\t\t\t\t\t\t\t\t\t\t\t\t\t\t\t<\/div>\n\t\t\t\t<\/div>\n\t\t\t\t<div class=\"elementor-element elementor-element-d06b4c3 elementor-widget__width-initial elementor-widget elementor-widget-image\" data-id=\"d06b4c3\" data-element_type=\"widget\" data-e-type=\"widget\" data-widget_type=\"image.default\">\n\t\t\t\t<div class=\"elementor-widget-container\">\n\t\t\t\t\t\t\t\t\t\t\t\t\t\t\t<img decoding=\"async\" src=\"https:\/\/m.media-amazon.com\/images\/S\/aplus-media\/sc\/ddd94017-9379-4d74-a914-d94567dbe080.__CR0,0,970,600_PT0_SX970_V1___.jpg\" title=\"\" alt=\"\" loading=\"lazy\" \/>\t\t\t\t\t\t\t\t\t\t\t\t\t\t\t<\/div>\n\t\t\t\t<\/div>\n\t\t\t\t<\/div>\n\t\t\t\t<\/div>\n\t\t","protected":false},"excerpt":{"rendered":"<ul>\n<li><strong>Essential<\/strong> Emergency: Ein wesentlicher Notschlafsack f\u00fcr kritische Situationen wie Naturkatastrophen oder Unf\u00e4lle.<\/li>\n<li><strong>Robust und widerstandsf\u00e4hig<\/strong>: Hergestellt aus strapazierf\u00e4higem Mylar, wasser-, wind- und rei\u00dffest f\u00fcr zuverl\u00e4ssigen Schutz bei allen Wetterbedingungen.<\/li>\n<li><strong>Hohe Sichtbarkeit<\/strong>: Die leuchtend orange Farbe und die reflektierende Oberfl\u00e4che sorgen f\u00fcr entscheidende Sichtbarkeit und helfen den Rettungskr\u00e4ften, Sie leicht zu erkennen.<\/li>\n<li><strong>Kompakt und tragbar<\/strong>: Wird mit einer praktischen Aufbewahrungstasche f\u00fcr den einfachen Transport geliefert, ideal f\u00fcr die Aufbewahrung in Ihrem Auto oder an Ihrem Motorrad.<\/li>\n<li><strong>Notsignal<\/strong>: Ausgestattet mit einer 120 dB Rettungspfeife f\u00fcr ein lautes und deutliches Notsignal, selbst in extremen Situationen.<\/li>\n<\/ul>\n","protected":false},"featured_media":8353,"comment_status":"open","ping_status":"closed","template":"","meta":{"_seopress_robots_primary_cat":"none","_seopress_titles_title":"Notfall-Schlafsack - w\u00e4rmend & wasserdicht","_seopress_titles_desc":"Notschlafsack, wichtig f\u00fcr kritische Situationen. Hergestellt aus haltbarem, wasserdichtem und strapazierf\u00e4higem Mylar, bietet es optimalen Schutz unter allen Bedingungen.","_seopress_robots_index":""},"product_brand":[],"product_cat":[138],"product_tag":[140],"class_list":{"0":"post-8429","1":"product","2":"type-product","3":"status-publish","4":"has-post-thumbnail","6":"product_cat-schlafausruestung","7":"product_tag-amazon-de","9":"first","10":"instock","11":"taxable","12":"shipping-taxable","13":"product-type-external"},"_links":{"self":[{"href":"https:\/\/oursfurtif.com\/de\/wp-json\/wp\/v2\/product\/8429","targetHints":{"allow":["GET"]}}],"collection":[{"href":"https:\/\/oursfurtif.com\/de\/wp-json\/wp\/v2\/product"}],"about":[{"href":"https:\/\/oursfurtif.com\/de\/wp-json\/wp\/v2\/types\/product"}],"replies":[{"embeddable":true,"href":"https:\/\/oursfurtif.com\/de\/wp-json\/wp\/v2\/comments?post=8429"}],"version-history":[{"count":0,"href":"https:\/\/oursfurtif.com\/de\/wp-json\/wp\/v2\/product\/8429\/revisions"}],"wp:featuredmedia":[{"embeddable":true,"href":"https:\/\/oursfurtif.com\/de\/wp-json\/wp\/v2\/media\/8353"}],"wp:attachment":[{"href":"https:\/\/oursfurtif.com\/de\/wp-json\/wp\/v2\/media?parent=8429"}],"wp:term":[{"taxonomy":"product_brand","embeddable":true,"href":"https:\/\/oursfurtif.com\/de\/wp-json\/wp\/v2\/product_brand?post=8429"},{"taxonomy":"product_cat","embeddable":true,"href":"https:\/\/oursfurtif.com\/de\/wp-json\/wp\/v2\/product_cat?post=8429"},{"taxonomy":"product_tag","embeddable":true,"href":"https:\/\/oursfurtif.com\/de\/wp-json\/wp\/v2\/product_tag?post=8429"}],"curies":[{"name":"wp","href":"https:\/\/api.w.org\/{rel}","templated":true}]}}