{"id":16990,"date":"2024-10-12T19:03:22","date_gmt":"2024-10-12T17:03:22","guid":{"rendered":"http:\/\/oursfurtif.com\/?post_type=product&#038;p=16990"},"modified":"2024-10-12T22:59:11","modified_gmt":"2024-10-12T20:59:11","slug":"sac-a-dos-militaire-70l-trekking","status":"publish","type":"product","link":"https:\/\/oursfurtif.com\/de\/produkt\/sac-a-dos-militaire-70l-trekking\/","title":{"rendered":"Sac \u00e0 dos militaire 70L &#8211; Sac de trekking et randonn\u00e9e &#8211; Protection Anti-Pluie"},"content":{"rendered":"\t\t<div data-elementor-type=\"product-post\" data-elementor-id=\"16990\" class=\"elementor elementor-16990\" data-elementor-post-type=\"product\">\n\t\t\t\t<div class=\"elementor-element elementor-element-cc4016c e-con-full e-flex e-con e-parent\" data-id=\"cc4016c\" data-element_type=\"container\" data-e-type=\"container\">\n\t\t\t\t<div class=\"elementor-element elementor-element-7c73b58 elementor-widget__width-inherit elementor-widget elementor-widget-image\" data-id=\"7c73b58\" data-element_type=\"widget\" data-e-type=\"widget\" data-widget_type=\"image.default\">\n\t\t\t\t<div class=\"elementor-widget-container\">\n\t\t\t\t\t\t\t\t\t\t\t\t\t\t\t<img decoding=\"async\" width=\"1024\" height=\"420\" src=\"https:\/\/oursfurtif.com\/wp-content\/uploads\/2024\/10\/sac-a-dos-tactique-70l-banner-1024x420.jpg\" class=\"attachment-large size-large wp-image-17017\" alt=\"sac \u00e0 dos militaire 70l sac de trekking et randonn\u00e9e protection anti pluie\" srcset=\"https:\/\/oursfurtif.com\/wp-content\/uploads\/2024\/10\/sac-a-dos-tactique-70l-banner-1024x420.jpg 1024w, https:\/\/oursfurtif.com\/wp-content\/uploads\/2024\/10\/sac-a-dos-tactique-70l-banner-150x61.jpg 150w, https:\/\/oursfurtif.com\/wp-content\/uploads\/2024\/10\/sac-a-dos-tactique-70l-banner-1200x492.jpg 1200w, https:\/\/oursfurtif.com\/wp-content\/uploads\/2024\/10\/sac-a-dos-tactique-70l-banner-300x123.jpg 300w, https:\/\/oursfurtif.com\/wp-content\/uploads\/2024\/10\/sac-a-dos-tactique-70l-banner-768x315.jpg 768w, https:\/\/oursfurtif.com\/wp-content\/uploads\/2024\/10\/sac-a-dos-tactique-70l-banner.jpg 1464w\" sizes=\"(max-width: 1024px) 100vw, 1024px\" \/>\t\t\t\t\t\t\t\t\t\t\t\t\t\t\t<\/div>\n\t\t\t\t<\/div>\n\t\t\t\t<div class=\"elementor-element elementor-element-2cb3b06 color-scheme-inherit text-left elementor-widget elementor-widget-text-editor\" data-id=\"2cb3b06\" data-element_type=\"widget\" data-e-type=\"widget\" data-widget_type=\"text-editor.default\">\n\t\t\t\t<div class=\"elementor-widget-container\">\n\t\t\t\t\t\t\t\t\t<h2>Pr\u00e9sentation du produit<\/h2><p>Le <strong>Mardingtop Sac \u00e0 dos militaire 70L<\/strong> est con\u00e7u pour les aventuriers qui ont besoin d\u2019un sac fiable et durable lors de leurs exp\u00e9ditions. Que vous partiez pour une randonn\u00e9e en montagne, un trekking intense ou une exp\u00e9dition en plein air, ce sac vous offre l\u2019espace et le confort n\u00e9cessaires. Fabriqu\u00e9 en <strong>polyester 600D<\/strong> r\u00e9sistant, il est non seulement robuste mais \u00e9galement con\u00e7u pour durer dans des conditions extr\u00eames.<\/p>\t\t\t\t\t\t\t\t<\/div>\n\t\t\t\t<\/div>\n\t\t\t\t<div class=\"elementor-element elementor-element-cf0348c elementor-widget__width-initial elementor-widget elementor-widget-image\" data-id=\"cf0348c\" data-element_type=\"widget\" data-e-type=\"widget\" data-widget_type=\"image.default\">\n\t\t\t\t<div class=\"elementor-widget-container\">\n\t\t\t\t\t\t\t\t\t\t\t\t\t\t\t<img decoding=\"async\" width=\"1024\" height=\"1024\" src=\"https:\/\/oursfurtif.com\/wp-content\/uploads\/2024\/10\/sac-a-dos-tactique-70l-7-1024x1024.jpg\" class=\"attachment-large size-large wp-image-34836\" alt=\"Zaino militare da 70l per il trekking e l&#039;escursionismo con protezione antipioggia\" srcset=\"https:\/\/oursfurtif.com\/wp-content\/uploads\/2024\/10\/sac-a-dos-tactique-70l-7-1024x1024.jpg 1024w, https:\/\/oursfurtif.com\/wp-content\/uploads\/2024\/10\/sac-a-dos-tactique-70l-7-600x600.jpg 600w, https:\/\/oursfurtif.com\/wp-content\/uploads\/2024\/10\/sac-a-dos-tactique-70l-7-150x150.jpg 150w, https:\/\/oursfurtif.com\/wp-content\/uploads\/2024\/10\/sac-a-dos-tactique-70l-7-1200x1200.jpg 1200w, https:\/\/oursfurtif.com\/wp-content\/uploads\/2024\/10\/sac-a-dos-tactique-70l-7-300x300.jpg 300w, https:\/\/oursfurtif.com\/wp-content\/uploads\/2024\/10\/sac-a-dos-tactique-70l-7-768x768.jpg 768w, https:\/\/oursfurtif.com\/wp-content\/uploads\/2024\/10\/sac-a-dos-tactique-70l-7.jpg 1500w\" sizes=\"(max-width: 1024px) 100vw, 1024px\" \/>\t\t\t\t\t\t\t\t\t\t\t\t\t\t\t<\/div>\n\t\t\t\t<\/div>\n\t\t\t\t<div class=\"elementor-element elementor-element-1fd8e71 elementor-widget__width-initial text-center color-scheme-inherit elementor-widget elementor-widget-text-editor\" data-id=\"1fd8e71\" data-element_type=\"widget\" data-e-type=\"widget\" data-widget_type=\"text-editor.default\">\n\t\t\t\t<div class=\"elementor-widget-container\">\n\t\t\t\t\t\t\t\t\t<h3><strong>Caract\u00e9ristiques techniques :<\/strong><\/h3><ul><li><strong>Capacit\u00e9<\/strong> : 70 litres, id\u00e9al pour transporter v\u00eatements, \u00e9quipement de camping et autres indispensables.<\/li><li><strong>Dimensions<\/strong> : 22 x 30 x 84 cm, poids de 2,45 kg.<\/li><li><strong>Mat\u00e9riau<\/strong> : Polyester 600D, r\u00e9sistant \u00e0 l&#8217;usure et hydrofuge.<\/li><li><strong>Compartiments multiples<\/strong> : Compartiment principal avec une poche interne pour ordinateur portable, deux poches lat\u00e9rales, poche zipp\u00e9e sur la ceinture et sur le dessus.<\/li><li><strong>Syst\u00e8me MOLLE<\/strong> : Int\u00e9gr\u00e9 pour attacher des accessoires suppl\u00e9mentaires.<\/li><li><strong>Housse de pluie incluse<\/strong> : Parfaite pour les conditions m\u00e9t\u00e9orologiques impr\u00e9visibles.<\/li><\/ul>\t\t\t\t\t\t\t\t<\/div>\n\t\t\t\t<\/div>\n\t\t\t\t<div class=\"elementor-element elementor-element-cd1eb11 elementor-widget__width-initial text-center color-scheme-inherit elementor-widget elementor-widget-text-editor\" data-id=\"cd1eb11\" data-element_type=\"widget\" data-e-type=\"widget\" data-widget_type=\"text-editor.default\">\n\t\t\t\t<div class=\"elementor-widget-container\">\n\t\t\t\t\t\t\t\t\t<h3><strong>Points forts :<\/strong><\/h3><ul><li><strong>Grande capacit\u00e9 et organisation<\/strong> : Le sac \u00e0 dos Mardingtop offre un compartiment principal spacieux avec une poche zipp\u00e9e pour les petits objets, ainsi qu\u2019un compartiment pour les poches d\u2019hydratation. Deux grandes poches lat\u00e9rales sont parfaites pour des bouteilles d\u2019eau ou du mat\u00e9riel de camping.<\/li><li><strong>Confort et ajustabilit\u00e9<\/strong> : Gr\u00e2ce \u00e0 ses bretelles rembourr\u00e9es et sa ceinture abdominale ajustable, ce sac assure un confort optimal, m\u00eame lors des longues marches. Il peut \u00eatre facilement ajust\u00e9 pour un maintien ergonomique et \u00e9quilibr\u00e9.<\/li><li><strong>Acc\u00e8s rapide et facile<\/strong> : La fermeture \u00e9clair frontale permet d&#8217;ouvrir le sac comme une valise, facilitant ainsi l\u2019acc\u00e8s \u00e0 vos affaires sans avoir \u00e0 tout d\u00e9baller.<\/li><li><strong>R\u00e9sistance et durabilit\u00e9<\/strong> : Fabriqu\u00e9 \u00e0 partir de <strong>polyester 600D<\/strong>, ce sac \u00e0 dos est con\u00e7u pour r\u00e9sister aux conditions les plus exigeantes. Que ce soit sous la pluie, dans la boue ou sur des terrains accident\u00e9s, il reste performant et protecteur gr\u00e2ce \u00e0 son rev\u00eatement hydrofuge.<\/li><\/ul>\t\t\t\t\t\t\t\t<\/div>\n\t\t\t\t<\/div>\n\t\t\t\t<div class=\"elementor-element elementor-element-a9b56e0 elementor-widget__width-initial elementor-widget elementor-widget-image\" data-id=\"a9b56e0\" data-element_type=\"widget\" data-e-type=\"widget\" data-widget_type=\"image.default\">\n\t\t\t\t<div class=\"elementor-widget-container\">\n\t\t\t\t\t\t\t\t\t\t\t\t\t\t\t<img decoding=\"async\" width=\"768\" height=\"768\" src=\"https:\/\/oursfurtif.com\/wp-content\/uploads\/2024\/10\/sac-a-dos-tactique-70l-8-768x768.jpg\" class=\"attachment-medium_large size-medium_large wp-image-17013\" alt=\"sac \u00e0 dos militaire 70l sac de trekking et randonn\u00e9e protection anti pluie\" srcset=\"https:\/\/oursfurtif.com\/wp-content\/uploads\/2024\/10\/sac-a-dos-tactique-70l-8-768x768.jpg 768w, https:\/\/oursfurtif.com\/wp-content\/uploads\/2024\/10\/sac-a-dos-tactique-70l-8-600x600.jpg 600w, https:\/\/oursfurtif.com\/wp-content\/uploads\/2024\/10\/sac-a-dos-tactique-70l-8-150x150.jpg 150w, https:\/\/oursfurtif.com\/wp-content\/uploads\/2024\/10\/sac-a-dos-tactique-70l-8-1200x1200.jpg 1200w, https:\/\/oursfurtif.com\/wp-content\/uploads\/2024\/10\/sac-a-dos-tactique-70l-8-300x300.jpg 300w, https:\/\/oursfurtif.com\/wp-content\/uploads\/2024\/10\/sac-a-dos-tactique-70l-8-1024x1024.jpg 1024w, https:\/\/oursfurtif.com\/wp-content\/uploads\/2024\/10\/sac-a-dos-tactique-70l-8.jpg 1500w\" sizes=\"(max-width: 768px) 100vw, 768px\" \/>\t\t\t\t\t\t\t\t\t\t\t\t\t\t\t<\/div>\n\t\t\t\t<\/div>\n\t\t\t\t<div class=\"elementor-element elementor-element-132e4f3 elementor-widget__width-inherit text-center color-scheme-inherit elementor-widget elementor-widget-text-editor\" data-id=\"132e4f3\" data-element_type=\"widget\" data-e-type=\"widget\" data-widget_type=\"text-editor.default\">\n\t\t\t\t<div class=\"elementor-widget-container\">\n\t\t\t\t\t\t\t\t\t<h3><strong>Conseils d\u2019entretien :<\/strong><\/h3><ol><li>Nettoyez avec un chiffon humide, sans utiliser de d\u00e9tergents agressifs ou d&#8217;eau de Javel.<\/li><li>Laissez s\u00e9cher \u00e0 l&#8217;air libre apr\u00e8s chaque utilisation.<\/li><li>Ne pas repasser, pour pr\u00e9server les propri\u00e9t\u00e9s du tissu hydrofuge.<\/li><\/ol>\t\t\t\t\t\t\t\t<\/div>\n\t\t\t\t<\/div>\n\t\t\t\t<div class=\"elementor-element elementor-element-56c3ad6 elementor-widget__width-inherit text-center color-scheme-inherit elementor-widget elementor-widget-text-editor\" data-id=\"56c3ad6\" data-element_type=\"widget\" data-e-type=\"widget\" data-widget_type=\"text-editor.default\">\n\t\t\t\t<div class=\"elementor-widget-container\">\n\t\t\t\t\t\t\t\t\t<h3><strong>Conseils Ours Furtif :<\/strong><\/h3><p>Nous recommandons ce sac \u00e0 nos clients pour ses <strong>qualit\u00e9s de confort<\/strong>, sa grande <strong>capacit\u00e9 de stockage<\/strong> et son <strong>organisation polyvalente<\/strong>. Avec ses multiples compartiments et poches, il est id\u00e9al pour les longues randonn\u00e9es et exp\u00e9ditions, o\u00f9 chaque espace de rangement est pr\u00e9cieux. De plus, le design ajustable permet \u00e0 chacun de trouver le parfait \u00e9quilibre, r\u00e9duisant la fatigue pendant les trajets. Enfin, son <strong>housse de pluie int\u00e9gr\u00e9e<\/strong> vous garantit une protection optimale contre les intemp\u00e9ries.<\/p>\t\t\t\t\t\t\t\t<\/div>\n\t\t\t\t<\/div>\n\t\t\t\t<div class=\"elementor-element elementor-element-29c7224 elementor-widget__width-inherit text-center color-scheme-inherit elementor-widget elementor-widget-text-editor\" data-id=\"29c7224\" data-element_type=\"widget\" data-e-type=\"widget\" data-widget_type=\"text-editor.default\">\n\t\t\t\t<div class=\"elementor-widget-container\">\n\t\t\t\t\t\t\t\t\t<h2>FAQ :<\/h2><p><strong>1. Ce sac est-il compatible avec une poche d&#8217;hydratation ?<\/strong><br \/>Oui, le sac \u00e0 dos Mardingtop 70L dispose d\u2019un compartiment d\u00e9di\u00e9 pour accueillir une poche d\u2019hydratation.<\/p><p><strong>2. Quelle est la r\u00e9sistance du mat\u00e9riau face \u00e0 l&#8217;eau ?<\/strong><br \/>Le sac est fabriqu\u00e9 en <strong>polyester 600D<\/strong> avec un rev\u00eatement hydrofuge et inclut une <strong>housse de pluie<\/strong> pour une protection optimale en cas de fortes averses.<\/p><p><strong>3. Ce sac convient-il pour les longs voyages ou les treks ?<\/strong><br \/>Absolument ! Sa grande capacit\u00e9, sa durabilit\u00e9 et son confort en font un choix id\u00e9al pour les longs voyages, les treks et autres activit\u00e9s de plein air.<\/p>\t\t\t\t\t\t\t\t<\/div>\n\t\t\t\t<\/div>\n\t\t\t\t<\/div>\n\t\t\t\t<\/div>\n\t\t","protected":false},"excerpt":{"rendered":"<p>Le sac \u00e0 dos Mardingtop 70L est un compagnon robuste et spacieux pour vos aventures en plein air. Con\u00e7u avec des mat\u00e9riaux r\u00e9sistants et dot\u00e9 de compartiments pratiques, il est id\u00e9al pour la randonn\u00e9e, le trekking et l&#8217;alpinisme.<\/p>\n<ul>\n<li><strong>Capacit\u00e9 de 70 litres<\/strong> : Suffisamment d&#8217;espace pour transporter tout votre \u00e9quipement.<\/li>\n<li><strong>Confort personnalis\u00e9<\/strong> : Bretelles et ceinture ajustables pour un ajustement parfait.<\/li>\n<li><strong>Acc\u00e8s rapide<\/strong> : Grande fermeture \u00e9clair frontale pour acc\u00e9der rapidement au compartiment principal.<\/li>\n<li><strong>Organisation optimale<\/strong> : Nombreux compartiments et poches pour ranger efficacement vos affaires.<\/li>\n<li><strong>Protection contre la pluie<\/strong> : Housse incluse pour garder vos affaires au sec.<\/li>\n<\/ul>\n","protected":false},"featured_media":16992,"comment_status":"open","ping_status":"closed","template":"","meta":{"_seopress_robots_primary_cat":"none","_seopress_titles_title":"Sac \u00e0 dos militaire 70L - Grand sac de trekking - Protection anti pluie","_seopress_titles_desc":"Le sac \u00e0 dos tactique 70L, parfait pour le trekking, la randonn\u00e9e et l'alpinisme. Confortable, r\u00e9sistant et dot\u00e9 d'une protection anti pluie.","_seopress_robots_index":""},"product_brand":[],"product_cat":[153],"product_tag":[125],"class_list":{"0":"post-16990","1":"product","2":"type-product","3":"status-publish","4":"has-post-thumbnail","6":"product_cat-sac-a-dos","7":"product_tag-amazon","9":"first","10":"instock","11":"taxable","12":"shipping-taxable","13":"product-type-external"},"_links":{"self":[{"href":"https:\/\/oursfurtif.com\/de\/wp-json\/wp\/v2\/product\/16990","targetHints":{"allow":["GET"]}}],"collection":[{"href":"https:\/\/oursfurtif.com\/de\/wp-json\/wp\/v2\/product"}],"about":[{"href":"https:\/\/oursfurtif.com\/de\/wp-json\/wp\/v2\/types\/product"}],"replies":[{"embeddable":true,"href":"https:\/\/oursfurtif.com\/de\/wp-json\/wp\/v2\/comments?post=16990"}],"version-history":[{"count":0,"href":"https:\/\/oursfurtif.com\/de\/wp-json\/wp\/v2\/product\/16990\/revisions"}],"wp:featuredmedia":[{"embeddable":true,"href":"https:\/\/oursfurtif.com\/de\/wp-json\/wp\/v2\/media\/16992"}],"wp:attachment":[{"href":"https:\/\/oursfurtif.com\/de\/wp-json\/wp\/v2\/media?parent=16990"}],"wp:term":[{"taxonomy":"product_brand","embeddable":true,"href":"https:\/\/oursfurtif.com\/de\/wp-json\/wp\/v2\/product_brand?post=16990"},{"taxonomy":"product_cat","embeddable":true,"href":"https:\/\/oursfurtif.com\/de\/wp-json\/wp\/v2\/product_cat?post=16990"},{"taxonomy":"product_tag","embeddable":true,"href":"https:\/\/oursfurtif.com\/de\/wp-json\/wp\/v2\/product_tag?post=16990"}],"curies":[{"name":"wp","href":"https:\/\/api.w.org\/{rel}","templated":true}]}}