{"id":16954,"date":"2024-10-12T12:51:01","date_gmt":"2024-10-12T10:51:01","guid":{"rendered":"http:\/\/oursfurtif.com\/?post_type=product&#038;p=16954"},"modified":"2024-10-12T13:26:15","modified_gmt":"2024-10-12T11:26:15","slug":"sac-a-dos-ubic-30l","status":"publish","type":"product","link":"https:\/\/oursfurtif.com\/de\/produkt\/sac-a-dos-ubic-30l\/","title":{"rendered":"Sac \u00e0 Dos UBIC 30L \u2013 Polyvalent &#038; \u00c9co-responsable pour Randonn\u00e9e, Alpinisme et Ski"},"content":{"rendered":"\t\t<div data-elementor-type=\"product-post\" data-elementor-id=\"16954\" class=\"elementor elementor-16954\" data-elementor-post-type=\"product\">\n\t\t\t\t<div class=\"elementor-element elementor-element-cc4016c e-con-full e-flex e-con e-parent\" data-id=\"cc4016c\" data-element_type=\"container\" data-e-type=\"container\">\n\t\t\t\t<div class=\"elementor-element elementor-element-7c73b58 elementor-widget__width-inherit elementor-widget elementor-widget-image\" data-id=\"7c73b58\" data-element_type=\"widget\" data-e-type=\"widget\" data-widget_type=\"image.default\">\n\t\t\t\t<div class=\"elementor-widget-container\">\n\t\t\t\t\t\t\t\t\t\t\t\t\t\t\t<img decoding=\"async\" width=\"970\" height=\"600\" src=\"https:\/\/oursfurtif.com\/wp-content\/uploads\/2024\/10\/description-ubic30l.jpg\" class=\"attachment-large size-large wp-image-16983\" alt=\"Sac \u00e0 dos Randonn\u00e9e et Trekking Deuter Futura Air Trek 60+10\" srcset=\"https:\/\/oursfurtif.com\/wp-content\/uploads\/2024\/10\/description-ubic30l.jpg 970w, https:\/\/oursfurtif.com\/wp-content\/uploads\/2024\/10\/description-ubic30l-150x93.jpg 150w, https:\/\/oursfurtif.com\/wp-content\/uploads\/2024\/10\/description-ubic30l-300x186.jpg 300w, https:\/\/oursfurtif.com\/wp-content\/uploads\/2024\/10\/description-ubic30l-768x475.jpg 768w\" sizes=\"(max-width: 970px) 100vw, 970px\" \/>\t\t\t\t\t\t\t\t\t\t\t\t\t\t\t<\/div>\n\t\t\t\t<\/div>\n\t\t\t\t<div class=\"elementor-element elementor-element-2cb3b06 color-scheme-inherit text-left elementor-widget elementor-widget-text-editor\" data-id=\"2cb3b06\" data-element_type=\"widget\" data-e-type=\"widget\" data-widget_type=\"text-editor.default\">\n\t\t\t\t<div class=\"elementor-widget-container\">\n\t\t\t\t\t\t\t\t\t<h2>Pr\u00e9sentation du sac \u00e0 dos UBIC 30L<\/h2><p>Con\u00e7u pour les activit\u00e9s alpines, le sac \u00e0 dos UBIC 30L est l\u2019alli\u00e9 id\u00e9al pour les randonneurs, alpinistes et skieurs de randonn\u00e9e. Ce sac robuste et \u00e9co-con\u00e7u permet de transporter tout votre \u00e9quipement, quelle que soit la saison, gr\u00e2ce \u00e0 son syst\u00e8me de fixation <strong>Variloop<\/strong> qui s\u2019adapte \u00e0 de nombreux accessoires (skis, piolets, cordes, b\u00e2tons, etc.). Son volume de <strong>30 litres<\/strong> est parfait pour les sorties \u00e0 la journ\u00e9e, avec un compartiment principal facilement accessible par le haut ou le fond du sac. Le <strong>pare-pluie int\u00e9gr\u00e9<\/strong> vous permet de prot\u00e9ger rapidement vos affaires en cas d\u2019averse.<\/p>\t\t\t\t\t\t\t\t<\/div>\n\t\t\t\t<\/div>\n\t\t\t\t<div class=\"elementor-element elementor-element-cf0348c elementor-widget__width-initial elementor-widget elementor-widget-image\" data-id=\"cf0348c\" data-element_type=\"widget\" data-e-type=\"widget\" data-widget_type=\"image.default\">\n\t\t\t\t<div class=\"elementor-widget-container\">\n\t\t\t\t\t\t\t\t\t\t\t\t\t\t\t<img decoding=\"async\" width=\"679\" height=\"679\" src=\"https:\/\/oursfurtif.com\/wp-content\/uploads\/2024\/10\/sac-a-dos-millet-ubic-30l-8.jpg\" class=\"attachment-large size-large wp-image-16978\" alt=\"Sac \u00e0 dos Randonn\u00e9e et Trekking Deuter Futura Air Trek 60+10\" srcset=\"https:\/\/oursfurtif.com\/wp-content\/uploads\/2024\/10\/sac-a-dos-millet-ubic-30l-8.jpg 679w, https:\/\/oursfurtif.com\/wp-content\/uploads\/2024\/10\/sac-a-dos-millet-ubic-30l-8-600x600.jpg 600w, https:\/\/oursfurtif.com\/wp-content\/uploads\/2024\/10\/sac-a-dos-millet-ubic-30l-8-150x150.jpg 150w, https:\/\/oursfurtif.com\/wp-content\/uploads\/2024\/10\/sac-a-dos-millet-ubic-30l-8-300x300.jpg 300w\" sizes=\"(max-width: 679px) 100vw, 679px\" \/>\t\t\t\t\t\t\t\t\t\t\t\t\t\t\t<\/div>\n\t\t\t\t<\/div>\n\t\t\t\t<div class=\"elementor-element elementor-element-1fd8e71 elementor-widget__width-initial text-center color-scheme-inherit elementor-widget elementor-widget-text-editor\" data-id=\"1fd8e71\" data-element_type=\"widget\" data-e-type=\"widget\" data-widget_type=\"text-editor.default\">\n\t\t\t\t<div class=\"elementor-widget-container\">\n\t\t\t\t\t\t\t\t\t<h3><strong>Caract\u00e9ristiques techniques :<\/strong><\/h3><ul><li><strong>Volume<\/strong> : 30 L<\/li><li><strong>Dimensions<\/strong> : Hauteur 62 cm x Largeur 27 cm x Profondeur 22 cm<\/li><li><strong>Poids<\/strong> : 1265 g<\/li><li><strong>Syst\u00e8me Variloop<\/strong> : Fixations ajustables pour skis, b\u00e2tons, raquettes, tente, matelas, et plus.<\/li><li><strong>Compartiments<\/strong> :<ul><li>1 poche mesh lat\u00e9rale<\/li><li>1 poche lat\u00e9rale zipp\u00e9e<\/li><li>1 poche frontale zipp\u00e9e<\/li><li>2 poches zipp\u00e9es sur le rabat<\/li><li>1 poche zipp\u00e9e sur la ceinture<\/li><li>Compartiment fond de sac zipp\u00e9<\/li><li>Compartiment pour syst\u00e8me d\u2019hydratation<\/li><\/ul><\/li><li><strong>Conception ergonomique<\/strong> : Sangles et ceinture ajustables, bretelles rembourr\u00e9es, dos renforc\u00e9.<\/li><li><strong>Pare-pluie int\u00e9gr\u00e9<\/strong> : 100% imperm\u00e9able, facile \u00e0 d\u00e9ployer.<\/li><\/ul>\t\t\t\t\t\t\t\t<\/div>\n\t\t\t\t<\/div>\n\t\t\t\t<div class=\"elementor-element elementor-element-fd122b9 elementor-widget__width-inherit text-center color-scheme-inherit elementor-widget elementor-widget-text-editor\" data-id=\"fd122b9\" data-element_type=\"widget\" data-e-type=\"widget\" data-widget_type=\"text-editor.default\">\n\t\t\t\t<div class=\"elementor-widget-container\">\n\t\t\t\t\t\t\t\t\t<h2>Points forts :<\/h2><ul><li><strong>Portage multi-saisons<\/strong> : Que ce soit pour le ski, l\u2019alpinisme ou la randonn\u00e9e, le sac UBIC 30L est con\u00e7u pour s\u2019adapter \u00e0 toutes les activit\u00e9s gr\u00e2ce \u00e0 son syst\u00e8me de fixation ing\u00e9nieux et ses nombreux compartiments.<\/li><li><strong>Conception durable<\/strong> : Fabriqu\u00e9 avec des mat\u00e9riaux certifi\u00e9s <strong>Oeko-Tex\u00ae<\/strong> et <strong>Bluesign\u00ae<\/strong>, sans substances chimiques nocives.<\/li><li><strong>Grande modularit\u00e9<\/strong> : Compatible avec les syst\u00e8mes de portage d&#8217;\u00e9quipement alpin, de bivouac et avec un compartiment pour une poche \u00e0 eau.<\/li><\/ul>\t\t\t\t\t\t\t\t<\/div>\n\t\t\t\t<\/div>\n\t\t\t\t<div class=\"elementor-element elementor-element-132e4f3 elementor-widget__width-initial text-center color-scheme-inherit elementor-widget elementor-widget-text-editor\" data-id=\"132e4f3\" data-element_type=\"widget\" data-e-type=\"widget\" data-widget_type=\"text-editor.default\">\n\t\t\t\t<div class=\"elementor-widget-container\">\n\t\t\t\t\t\t\t\t\t<h4>Mati\u00e8res et \u00e9co-conception :<\/h4><p>Dans une d\u00e9marche d&#8217;\u00e9co-responsabilit\u00e9, le sac UBIC 30L est fabriqu\u00e9 \u00e0 partir de mati\u00e8res <strong>100% recycl\u00e9es<\/strong>. Le tissu principal, le <strong>Honeycomb 3Line Recycled<\/strong> en polyamide, et les autres mati\u00e8res (polyester 600D et 1200D) sont trait\u00e9s avec un traitement d\u00e9perlant <strong>DWR sans PFC<\/strong>, garantissant une bonne protection contre l&#8217;humidit\u00e9 tout en respectant l\u2019environnement.<\/p><h3>Conseils d&#8217;entretien :<\/h3><p>Pour pr\u00e9server la durabilit\u00e9 de votre sac UBIC 30L :<\/p><ul><li><strong>Lavage<\/strong> : Lavez \u00e0 la main avec un savon doux et une brosse.<\/li><li><strong>S\u00e9chage<\/strong> : S\u00e9chez \u00e0 l\u2019air libre.<\/li><li><strong>\u00c9vitez<\/strong> : Le nettoyage \u00e0 sec, l\u2019usage d\u2019un s\u00e8che-linge, et l\u2019utilisation de produits chimiques agressifs.<\/li><\/ul>\t\t\t\t\t\t\t\t<\/div>\n\t\t\t\t<\/div>\n\t\t\t\t<div class=\"elementor-element elementor-element-a9b56e0 elementor-widget__width-initial elementor-widget elementor-widget-image\" data-id=\"a9b56e0\" data-element_type=\"widget\" data-e-type=\"widget\" data-widget_type=\"image.default\">\n\t\t\t\t<div class=\"elementor-widget-container\">\n\t\t\t\t\t\t\t\t\t\t\t\t\t\t\t<img decoding=\"async\" width=\"768\" height=\"768\" src=\"https:\/\/oursfurtif.com\/wp-content\/uploads\/2024\/10\/sac-a-dos-millet-ubic-30l-768x768.jpg\" class=\"attachment-medium_large size-medium_large wp-image-16957\" alt=\"ubic 30l Rucksack \u2013 vielseitig &amp; umweltfreundlich zum Wandern, Bergsteigen und Skifahren\" srcset=\"https:\/\/oursfurtif.com\/wp-content\/uploads\/2024\/10\/sac-a-dos-millet-ubic-30l-768x768.jpg 768w, https:\/\/oursfurtif.com\/wp-content\/uploads\/2024\/10\/sac-a-dos-millet-ubic-30l-600x600.jpg 600w, https:\/\/oursfurtif.com\/wp-content\/uploads\/2024\/10\/sac-a-dos-millet-ubic-30l-150x150.jpg 150w, https:\/\/oursfurtif.com\/wp-content\/uploads\/2024\/10\/sac-a-dos-millet-ubic-30l-1200x1200.jpg 1200w, https:\/\/oursfurtif.com\/wp-content\/uploads\/2024\/10\/sac-a-dos-millet-ubic-30l-300x300.jpg 300w, https:\/\/oursfurtif.com\/wp-content\/uploads\/2024\/10\/sac-a-dos-millet-ubic-30l-1024x1024.jpg 1024w, https:\/\/oursfurtif.com\/wp-content\/uploads\/2024\/10\/sac-a-dos-millet-ubic-30l.jpg 1500w\" sizes=\"(max-width: 768px) 100vw, 768px\" \/>\t\t\t\t\t\t\t\t\t\t\t\t\t\t\t<\/div>\n\t\t\t\t<\/div>\n\t\t\t\t<div class=\"elementor-element elementor-element-56c3ad6 elementor-widget__width-inherit text-center color-scheme-inherit elementor-widget elementor-widget-text-editor\" data-id=\"56c3ad6\" data-element_type=\"widget\" data-e-type=\"widget\" data-widget_type=\"text-editor.default\">\n\t\t\t\t<div class=\"elementor-widget-container\">\n\t\t\t\t\t\t\t\t\t<h3><strong>Conseils Ours Furtif :<\/strong><\/h3><p>Pour maximiser l&#8217;efficacit\u00e9 de votre <strong>sac UBIC 30L<\/strong>, ajustez soigneusement les sangles du <strong>syst\u00e8me Variloop<\/strong> avant chaque sortie. Cela garantit un meilleur <strong>\u00e9quilibre<\/strong> et optimise le portage, que ce soit pour vos <strong>skis<\/strong>, <strong>b\u00e2tons<\/strong> ou <strong>piolets<\/strong>. Pensez \u00e9galement \u00e0 utiliser les <strong>sangles de compression lat\u00e9rales<\/strong> pour stabiliser le contenu et \u00e9viter les mouvements ind\u00e9sirables pendant vos ascensions ou descentes rapides. Enfin, en cas de forte pluie, d\u00e9ployez rapidement le <strong>pare-pluie<\/strong> pour prot\u00e9ger vos affaires sans perdre de temps !<\/p>\t\t\t\t\t\t\t\t<\/div>\n\t\t\t\t<\/div>\n\t\t\t\t<\/div>\n\t\t\t\t<\/div>\n\t\t","protected":false},"excerpt":{"rendered":"<p>Le sac \u00e0 dos UBIC 30L allie polyvalence et praticit\u00e9 pour toutes vos aventures en montagne, \u00e9t\u00e9 comme hiver. Son syst\u00e8me de fixation Variloop permet de transporter tout votre mat\u00e9riel, que vous fassiez du ski, de la randonn\u00e9e ou de l\u2019alpinisme. Con\u00e7u en mati\u00e8res 100% recycl\u00e9es, il offre un acc\u00e8s facile au compartiment principal et inclut de multiples poches pratiques, avec pare-pluie int\u00e9gr\u00e9 pour les intemp\u00e9ries.<\/p>\n<ul>\n<li><strong>Syst\u00e8me Variloop<\/strong> : Fixation ajustable pour skis, b\u00e2tons, piolets, cordes, et plus.<\/li>\n<li><strong>Eco-conception<\/strong> : Fabriqu\u00e9 \u00e0 partir de mat\u00e9riaux 100% recycl\u00e9s avec traitement d\u00e9perlant sans PFC.<\/li>\n<li><strong>Confort ergonomique<\/strong> : Bretelles et ceinture ajustables pour un port confortable, m\u00eame en charge.<\/li>\n<li><strong>Acc\u00e8s facile<\/strong> : Ouverture par le haut et par le fond avec compartiments zipp\u00e9s.<\/li>\n<li><strong>Protection contre les intemp\u00e9ries<\/strong> : Pare-pluie int\u00e9gr\u00e9 pour garder vos affaires au sec.<\/li>\n<\/ul>\n","protected":false},"featured_media":16955,"comment_status":"open","ping_status":"closed","template":"","meta":{"_seopress_robots_primary_cat":"none","_seopress_titles_title":"Sac \u00e0 Dos UBIC 30L \u2013 Polyvalent, \u00c9co-responsable pour Randonn\u00e9e et Alpinisme","_seopress_titles_desc":"Sac \u00e0 dos UBIC 30L, id\u00e9al pour la randonn\u00e9e et l'alpinisme. Conception \u00e9co-responsable, syst\u00e8me Variloop polyvalent, pare-pluie int\u00e9gr\u00e9 et nombreuses poches pratiques.","_seopress_robots_index":""},"product_brand":[],"product_cat":[153],"product_tag":[125],"class_list":{"0":"post-16954","1":"product","2":"type-product","3":"status-publish","4":"has-post-thumbnail","6":"product_cat-sac-a-dos","7":"product_tag-amazon","9":"first","10":"instock","11":"taxable","12":"shipping-taxable","13":"product-type-external"},"_links":{"self":[{"href":"https:\/\/oursfurtif.com\/de\/wp-json\/wp\/v2\/product\/16954","targetHints":{"allow":["GET"]}}],"collection":[{"href":"https:\/\/oursfurtif.com\/de\/wp-json\/wp\/v2\/product"}],"about":[{"href":"https:\/\/oursfurtif.com\/de\/wp-json\/wp\/v2\/types\/product"}],"replies":[{"embeddable":true,"href":"https:\/\/oursfurtif.com\/de\/wp-json\/wp\/v2\/comments?post=16954"}],"version-history":[{"count":0,"href":"https:\/\/oursfurtif.com\/de\/wp-json\/wp\/v2\/product\/16954\/revisions"}],"wp:featuredmedia":[{"embeddable":true,"href":"https:\/\/oursfurtif.com\/de\/wp-json\/wp\/v2\/media\/16955"}],"wp:attachment":[{"href":"https:\/\/oursfurtif.com\/de\/wp-json\/wp\/v2\/media?parent=16954"}],"wp:term":[{"taxonomy":"product_brand","embeddable":true,"href":"https:\/\/oursfurtif.com\/de\/wp-json\/wp\/v2\/product_brand?post=16954"},{"taxonomy":"product_cat","embeddable":true,"href":"https:\/\/oursfurtif.com\/de\/wp-json\/wp\/v2\/product_cat?post=16954"},{"taxonomy":"product_tag","embeddable":true,"href":"https:\/\/oursfurtif.com\/de\/wp-json\/wp\/v2\/product_tag?post=16954"}],"curies":[{"name":"wp","href":"https:\/\/api.w.org\/{rel}","templated":true}]}}