{"id":6053,"date":"2021-01-03T16:00:53","date_gmt":"2021-01-03T15:00:53","guid":{"rendered":"http:\/\/oursfurtif.com\/verkaufsbedingungen\/"},"modified":"2024-06-15T12:28:26","modified_gmt":"2024-06-15T10:28:26","slug":"verkaufsbedingungen","status":"publish","type":"page","link":"https:\/\/oursfurtif.com\/de\/verkaufsbedingungen\/","title":{"rendered":"Verkaufsbedingungen"},"content":{"rendered":"\t\t<div data-elementor-type=\"wp-page\" data-elementor-id=\"6053\" class=\"elementor elementor-6053 elementor-2172\" data-elementor-post-type=\"page\">\n\t\t\t\t\t\t<section class=\"wd-negative-gap elementor-section elementor-top-section elementor-element elementor-element-f381a91 elementor-section-boxed elementor-section-height-default elementor-section-height-default\" data-id=\"f381a91\" data-element_type=\"section\" data-e-type=\"section\">\n\t\t\t\t\t\t<div class=\"elementor-container elementor-column-gap-default\">\n\t\t\t\t\t<div class=\"elementor-column elementor-col-100 elementor-top-column elementor-element elementor-element-68ff397\" data-id=\"68ff397\" data-element_type=\"column\" data-e-type=\"column\">\n\t\t\t<div class=\"elementor-widget-wrap elementor-element-populated\">\n\t\t\t\t\t\t<div class=\"elementor-element elementor-element-3730655 elementor-widget elementor-widget-heading\" data-id=\"3730655\" data-element_type=\"widget\" data-e-type=\"widget\" data-widget_type=\"heading.default\">\n\t\t\t\t<div class=\"elementor-widget-container\">\n\t\t\t\t\t<h2 class=\"elementor-heading-title elementor-size-default\">VERKAUFSBEDINGUNGEN\n<\/h2>\t\t\t\t<\/div>\n\t\t\t\t<\/div>\n\t\t\t\t\t<\/div>\n\t\t<\/div>\n\t\t\t\t\t<\/div>\n\t\t<\/section>\n\t\t\t\t<section class=\"wd-negative-gap elementor-section elementor-top-section elementor-element elementor-element-363f86d elementor-section-boxed elementor-section-height-default elementor-section-height-default\" data-id=\"363f86d\" data-element_type=\"section\" data-e-type=\"section\">\n\t\t\t\t\t\t<div class=\"elementor-container elementor-column-gap-default\">\n\t\t\t\t\t<div class=\"elementor-column elementor-col-100 elementor-top-column elementor-element elementor-element-0c315e1\" data-id=\"0c315e1\" data-element_type=\"column\" data-e-type=\"column\">\n\t\t\t<div class=\"elementor-widget-wrap elementor-element-populated\">\n\t\t\t\t\t\t<div class=\"elementor-element elementor-element-806e157 color-scheme-inherit text-left elementor-widget elementor-widget-text-editor\" data-id=\"806e157\" data-element_type=\"widget\" data-e-type=\"widget\" data-widget_type=\"text-editor.default\">\n\t\t\t\t<div class=\"elementor-widget-container\">\n\t\t\t\t\t\t\t\t\t<p><strong>Artikel 1: Gegenstand.<\/strong><\/p>\n<p>Der Abschluss dieses Verkaufs impliziert die Annahme dieser Allgemeinen Gesch\u00e4ftsbedingungen, unabh\u00e4ngig von den Klauseln, die auf den Dokumenten des Kunden erscheinen k\u00f6nnen, vorbehaltlich schriftlich akzeptierter Sonderbedingungen. Sofern nicht anders vereinbart, k\u00f6nnen die f\u00fcr Nebenlieferungen akzeptierten Sonderkonditionen nicht auf die Hauptbestellung ausgedehnt werden. Der Kunde erkennt an, vor diesem Verkauf umfassend \u00fcber die Nutzungsbedingungen und die Eigenschaften der verkauften Waren informiert und informiert worden zu sein.<\/p>\n<p><strong>Artikel 2 &#8211; Beschreibung der Produkte<\/strong><\/p>\n<p>Die Website ist eine Online-Website zum Verkauf von Survival-\/Bushcraft-\/Adventure-Produkten, die allen nat\u00fcrlichen oder juristischen Personen offen steht, die die Website nutzen. Einige der auf der Website oursfurtif.com angebotenen Waren beziehen sich auf den kostenlosen Verkauf von Messern und sind daher ausschlie\u00dflich Kunden vorbehalten, die in ihrem Land, Bundesland und ihrer Provinz ihres Wohnorts vollj\u00e4hrig sind. Beim Kauf eines Messers best\u00e4tigt der Kunde mit der Bestellung, vollj\u00e4hrig zu sein. Arauzo Brothers kann im Falle eines Kaufs f\u00fcr Dritte nicht haftbar gemacht werden.Die auf der Website pr\u00e4sentierten Produkte sind jeweils Gegenstand einer Beschreibung (die vom Lieferanten erstellt wurde oder auf der Website des Herstellers \u00fcber einen auf der Website gefundenen Link zug\u00e4nglich ist). ihre wesentlichen Eigenschaften. Die Fotos, die gegebenenfalls die Produkte veranschaulichen, stellen kein Vertragsdokument dar. Die Gebrauchsanweisung des Produkts, wenn es sich um ein wesentliches Element handelt, erscheint auf der Website oder wird sp\u00e4testens bei Lieferung zugesandt. Die Produkte entsprechen den Anforderungen des geltenden franz\u00f6sischen Rechts.<\/p>\n<p><strong>Artikel 3 &#8211; Erstellung des Kundenbereichs.<\/strong><\/p>\n<p>Um eine Bestellung auf der Website aufzugeben, muss der Kunde zun\u00e4chst seinen pers\u00f6nlichen Kundenbereich erstellen. Einmal erstellt, muss sich der Kunde f\u00fcr den Zugriff mit seinem Benutzernamen und seinem geheimen, pers\u00f6nlichen und vertraulichen Passwort identifizieren. Es obliegt dem Kunden, seinen Benutzernamen und sein Passwort nicht mitzuteilen. Jeder Kunde verpflichtet sich, die Daten, insbesondere den Benutzernamen und das Passwort, die ihm den Zugang zu seinem Kundenbereich erm\u00f6glichen, streng vertraulich zu behandeln, wobei der Kunde anerkennt, dass er allein f\u00fcr den Zugang zum Service \u00fcber seinen Benutzernamen und sein Passwort verantwortlich ist, mit Ausnahme von nachgewiesenem Betrug. Jeder Kunde verpflichtet sich au\u00dferdem, den Betreiber im Falle von Verlust, Unterschlagung oder betr\u00fcgerischer Verwendung seines Benutzernamens und\/oder Passworts unverz\u00fcglich zu informieren. Nach der Erstellung seines pers\u00f6nlichen Kundenbereichs erh\u00e4lt der Kunde eine E-Mail, die die Erstellung seines Kundenbereichs best\u00e4tigt. Der Kunde verpflichtet sich bei der Registrierung: zum Zeitpunkt der Eingabe in das Dienstregistrierungsformular echte, genaue und aktuelle Angaben zu machen und insbesondere keine falschen Namen oder Adressen oder Namen oder Adressen zu verwenden, ohne dazu berechtigt zu sein , die Registrierungsdaten aktuell zu halten, um deren Echtheit, Genauigkeit und Aktualit\u00e4t dauerhaft zu gew\u00e4hrleisten. Der Kunde verpflichtet sich ferner, keine rechtswidrigen oder verwerflichen Informationen (z. B. diffamierende Informationen oder Identit\u00e4tsdiebstahl) oder gar sch\u00e4dliche Informationen (z. B. Viren) bereitzustellen oder zu verbreiten. Andernfalls kann der Betreiber den Zugriff des Kunden auf die Website nach eigenem Verschulden aussetzen oder beenden.<\/p>\n<p><strong>Artikel 4 &#8211; Preis.<\/strong><\/p>\n<p>Die Preise sind in Euro angegeben, einschlie\u00dflich aller Steuern, die in bar zu zahlen sind, ohne Liefer- und Transportkosten, die dem Preis der Produkte hinzugef\u00fcgt und vor der Best\u00e4tigung durch den Kunden separat angegeben werden. Der vom Kunden geschuldete Gesamtbetrag und seine Einzelheiten sind auf der Bestellbest\u00e4tigungsseite angegeben.<\/p>\n<p><strong>Artikel 5 &#8211; Lieferzeiten.<\/strong><\/p>\n<p>Die in der Bestellung angegebenen Lieferzeiten sind, sofern nicht anders angegeben, rein informativ. Etwaige Lieferverz\u00f6gerungen k\u00f6nnen weder die Stornierung der Bestellung rechtfertigen noch zu Schadensersatz f\u00fchren. oursfurtif.com wird in den folgenden F\u00e4llen automatisch von jeglicher Verpflichtung in Bezug auf Lieferzeiten befreit: \u2013 Die in Artikel 8 festgelegten Zahlungsbedingungen werden vom Kunden nicht eingehalten. \u2013 Unterlassung oder Ungenauigkeit der vom Kunden gem\u00e4\u00df den Bedingungen des Kaufvertrags bereitzustellenden Informationen. \u2013 Versp\u00e4tete Lieferung auf Wunsch des Kunden. \u2013 Technische Gefahren, h\u00f6here Gewalt und zuf\u00e4llige Ereignisse insbesondere: Streik, Aufruhr, \u00dcberschwemmung, Feuer. Der Betreiber ist bestrebt, eine optimale Verf\u00fcgbarkeit seiner Produkte zu gew\u00e4hrleisten. Produktangebote gelten im Rahmen der verf\u00fcgbaren Best\u00e4nde. Sollte sich trotz der Bem\u00fchungen des Betreibers herausstellen, dass ein Produkt nach der Bestellung des Kunden nicht verf\u00fcgbar ist, wird der Betreiber den Kunden schnellstm\u00f6glich per E-Mail informieren und der Kunde hat die Wahl zwischen:<\/p>\n<ul>\n<li>Die Lieferung eines Produkts von gleicher Qualit\u00e4t und zu einem Preis, der dem urspr\u00fcnglich bestellten entspricht,<\/li>\n<li>R\u00fcckerstattung des Preises des bestellten Produkts sp\u00e4testens innerhalb von drei\u00dfig (30) Tagen nach Zahlung der bereits gezahlten Betr\u00e4ge.\n<\/li>\n<\/ul>\n<p>Es wird vereinbart, dass der Betreiber au\u00dfer der Erstattung des Preises f\u00fcr das nicht verf\u00fcgbare Produkt, wenn diese Option vom Kunden gew\u00fcnscht wird, nicht f\u00fcr eine R\u00fccktrittsentsch\u00e4digung haftet, es sei denn, die Nichterf\u00fcllung des Vertrages ist ihm pers\u00f6nlich zuzurechnen. Mit Ausnahme von gegenteiligen Angaben in den Allgemeinen Gesch\u00e4ftsbedingungen und unbeschadet des gesetzlich vorgesehenen Widerrufsrechts sind die Bestellungen des Kunden verbindlich und endg\u00fcltig.<\/p>\n<p><strong>Artikel 6 &#8211; Lieferung und Transport.<\/strong><\/p>\n<p>Lieferung bedeutet die \u00dcbertragung des physischen Besitzes oder der Kontrolle \u00fcber das Produkt an den Kunden. Der Betreiber bietet Ihnen je nach Art des Produkts verschiedene Versand- oder Versandmethoden an: Standardversand mit Sendungsverfolgung. Die Versandkosten sind diejenigen, die beim Abschluss der Bestellung angegeben und durch die Best\u00e4tigung der Bestellung akzeptiert werden. Der Betreiber verpflichtet sich, die Produkte gem\u00e4\u00df der auf der Website f\u00fcr jedes Produkt angegebenen Lieferfrist innerhalb von maximal drei\u00dfig (30) Tagen nach Eingang der Bestellung zu liefern. Die Lieferzeiten werden bei der Bestellung auf der Website in Werktagen bekannt gegeben. Diese Fristen umfassen die Vorbereitung und den Versand der Bestellung sowie die vom Spediteur angegebene Frist. Der Betreiber verpflichtet sich, die Produkte gem\u00e4\u00df den auf jedem Produktblatt und im Warenkorb angegebenen Fristen zu versenden, sofern die Zahlung f\u00fcr die Bestellung nicht zuvor abgelehnt wurde. Lieferzeiten und Preise finden Sie auf dieser Seite: Lieferung: <a href=\"https:\/\/jarl.fr\/livraison\/\">http:\/\/oursfurtif.com\/livraison\/<\/a> (Diese Lieferzeiten sind ungef\u00e4hr und k\u00f6nnen nicht garantiert werden) Wenn jedoch ein oder mehrere Produkte nicht innerhalb der urspr\u00fcnglich angek\u00fcndigten Zeit geliefert werden konnten, sendete der Betreiber eine E-Mail mit dem neuen Lieferdatum an den Kunden. Die Produkte werden an die vom Kunden bei der Bestellung angegebene Adresse geliefert. Es obliegt ihm daher zu pr\u00fcfen, ob diese Adresse fehlerfrei ist. Der Betreiber kann nicht haftbar gemacht werden, wenn die vom Kunden angegebene Adresse falsch ist und dadurch die Lieferung verhindert oder verz\u00f6gert wird. Bei der Lieferung werden Sie m\u00f6glicherweise aufgefordert, eine Quittung zu unterschreiben. Es erfolgt keine Lieferung an ein Postfach. Bei der Lieferung liegt es in der Verantwortung des Kunden zu \u00fcberpr\u00fcfen, ob die gelieferten Produkte seiner Bestellung entsprechen und ob die Verpackung versiegelt und unbesch\u00e4digt ist. Ist dies nicht der Fall, muss der Kunde dies unbedingt auf dem Lieferschein vermerken. Es wird keine Reklamation bez\u00fcglich der Menge oder des Zustands des Produkts akzeptiert, wenn die Reklamation nicht auf dem Lieferschein erfolgt ist.<\/p>\n<p><strong>Artikel 7 &#8211; Eigentumsvorbehalt &#8211; Eigentums\u00fcbertragung.<\/strong><\/p>\n<p>In \u00dcbereinstimmung mit dem Gesetz Nr. 80335 vom 12. Mai 1980 beh\u00e4lt sich oursfurtif.com ausdr\u00fccklich das Eigentum an den gelieferten Waren bis zur vollst\u00e4ndigen Bezahlung ihrer Preise vor. Eine gerichtliche Reorganisation oder gerichtliche Liquidation kann diese Klausel nicht \u00e4ndern. Wenn der Kunde den Preis nicht bezahlt und f\u00fcnfzehn Tage nach einer Mahnung per einfachem Einschreiben mit R\u00fcckschein erfolglos geblieben ist, wird dieser Verkauf automatisch beendet, wenn oursfurtif.com dies f\u00fcr angebracht h\u00e4lt. Im Falle von Meinungsverschiedenheiten \u00fcber die R\u00fcckgabe der Anordnung kann diese durch eine einstweilige Anordnung des Pr\u00e4sidenten des Handelsgerichts von Meaux erwirkt werden. Diese Bestimmungen schlie\u00dfen nicht aus, dass die Gefahr des Untergangs und der Verschlechterung der verkauften Ware sowie der dadurch verursachten Sch\u00e4den bei Lieferung auf den K\u00e4ufer \u00fcbergehen.<\/p>\n<p><strong>Artikel 8 &#8211; Zahlungsmodalit\u00e4ten &#8211; Verzugsstrafen &#8211; Vertragsstrafe, pauschale Wiedereinziehungsentsch\u00e4digung.<\/strong><\/p>\n<p>Soweit zwischen den Parteien nichts anderes vereinbart ist, sind Rechnungen \u201eohne Abzug\u201c zahlbar und am Tag der Bestellung f\u00e4llig. Der Kunde erkennt ausdr\u00fccklich an, dass jede auf der Website get\u00e4tigte Bestellung eine zahlungspflichtige Bestellung ist, die die Zahlung eines Preises gegen die Lieferung des bestellten Produkts erfordert. In jedem Fall beh\u00e4lt sich der Betreiber das Recht vor, die G\u00fcltigkeit der Regeln vor dem Versand der Bestellung mit allen erforderlichen Mitteln zu \u00fcberpr\u00fcfen. <strong>Der Betreiber nutzt die Online-Zahlungsl\u00f6sung Paypal.<\/strong> Bestellungen k\u00f6nnen mit einer der folgenden Zahlungsmethoden bezahlt werden:<\/p>\n<ul>\n<li>Zahlung per Kreditkarte \u00fcber Paypal. Die Zahlung erfolgt direkt auf den sicheren Bankservern der Bank des Betreibers, die Bankdaten des Kunden werden nicht \u00fcber die Website geleitet. Die bei der Zahlung angegebenen Bankdaten sind durch ein SSL-Verschl\u00fcsselungsverfahren (Secure Socket Layer) gesch\u00fctzt. Auf diese Weise sind diese Koordinaten f\u00fcr Dritte nicht zug\u00e4nglich. Die Bestellung des Kunden wird bei Zahlungsannahme durch die Bank erfasst und validiert. Das Konto des Kunden wird erst dann mit dem entsprechenden Betrag belastet, wenn die Angaben der verwendeten Bankkarte \u00fcberpr\u00fcft und die Belastung durch das kartenausgebende Kreditinstitut akzeptiert wurde.\n<\/li>\n<\/ul>\n<p>Die Unm\u00f6glichkeit, die f\u00e4lligen Betr\u00e4ge abzubuchen, f\u00fchrt zur sofortigen Nichtigkeit des Verkaufs.<\/p>\n<ul>\n<li>Zahlung per elektronischer Geldb\u00f6rse (Paypal-Typ). Der Kunde hat bereits ein Konto auf der vom Betreiber verwendeten elektronischen Geldb\u00f6rse. \u00dcber dieses Konto kann der Kunde seine Bestellung ohne Angabe seiner Bankverbindung sicher bezahlen. Gegebenenfalls gilt die vom Kunden best\u00e4tigte Bestellung erst dann als wirksam, wenn das gesicherte Bankzahlungszentrum seine Zustimmung zur Transaktion erteilt hat. Im Rahmen der Kontrollverfahren muss der Betreiber den Kunden m\u00f6glicherweise nach allen erforderlichen Dokumenten fragen, die f\u00fcr den Abschluss seiner Bestellung erforderlich sind. Diese Teile werden nicht f\u00fcr andere Zwecke als diese verwendet.\n<\/li>\n<\/ul>\n<p>Die Verweigerung oder Nichtzahlung macht unsere gesamte Forderung ohne vorherige Ank\u00fcndigung sofort f\u00e4llig. Unbeschadet der sofortigen Zahlung werden Verzugszinsen zum 10-fachen Jahressatz des zum Zeitpunkt der Rechnungsstellung geltenden gesetzlichen Zinssatzes (Gesetz Nr. 92-1442 vom 31.12.1992) f\u00e4llig und fallen automatisch an:<\/p>\n<p>Bei aufeinanderfolgenden Verk\u00e4ufen und Lieferungen berechtigt die Nichtzahlung einer von ihnen den Verk\u00e4ufer, weitere Lieferungen abzulehnen. Dar\u00fcber hinaus wird dem Kunden f\u00fcr jeden Betrag, der nicht zum vereinbarten oder geplanten F\u00e4lligkeitsdatum gezahlt wurde, gem\u00e4\u00df den Bestimmungen der Artikel 1226 ff. des B\u00fcrgerlichen Gesetzbuchs eine Erh\u00f6hung des Betrags in H\u00f6he von f\u00e4llig was 15 % des ausstehenden Kapitalbetrags entspricht. Gem\u00e4\u00df den Bestimmungen der Artikel L441-6 und D441-5 des Handelsgesetzbuchs f\u00fchrt jeder Zahlungsverzug ungeachtet der Verzugsstrafen automatisch zur Zahlung einer Pauschalentsch\u00e4digung in H\u00f6he von 40 Euro f\u00fcr die Beitreibungskosten.<\/p>\n<p><strong>Artikel 9 &#8211; Widerrufsrecht<\/strong><\/p>\n<p>Wenn ein geliefertes Produkt den Kunden nicht vollst\u00e4ndig zufriedenstellt, kann dieser es an den Betreiber zur\u00fccksenden. Der Kunde hat daf\u00fcr drei\u00dfig (30) Tage ab Erhalt der Bestellung Zeit. In \u00dcbereinstimmung mit Artikel L.221-21 des Verbrauchergesetzes und um dieses Widerrufsrecht unter den Bedingungen der Artikel L. 221-18 und folgende des Verbrauchergesetzes umzusetzen, wird der Kunde aufgefordert, das Standard-Widerrufsformular auszuf\u00fcllen Klicken Sie auf den unten stehenden Link <a href=\"https:\/\/gaming.jarl.fr\/contact\/\">http:\/\/oursfurtif.com\/contact\/<\/a>. Der Betreiber wird dem Kunden per E-Mail eine Empfangsbest\u00e4tigung \u00fcber den Widerrufswunsch zusenden. Gegebenenfalls kann der Kunde sein Widerrufsrecht aus\u00fcben, indem er dem Betreiber folgende Informationen mitteilt:<\/p>\n<p>\u2013 Name, Anschrift, Telefonnummer und E-Mail-Adresse;<\/p>\n<p>\u2013 Widerrufsentscheidung durch eine eindeutige Erkl\u00e4rung (z. B. per Post versandter Brief, Fax oder E-Mail, wenn die Kontaktdaten des Kunden verf\u00fcgbar sind und daher auf dem Standard-Widerrufsformular erscheinen). Der Kunde kann daf\u00fcr das Muster-Widerrufsformular verwenden, das jedoch nicht vorgeschrieben ist. Die R\u00fccksendekosten gehen zu Lasten des Kunden, es sei denn, die Ware kann normalerweise nicht per Post zur\u00fcckgesandt werden, in diesem Fall wird der Betreiber das Produkt auf eigene Kosten zur\u00fcckholen.<\/p>\n<p>Das zur\u00fcckgegebene Produkt muss in der Originalverpackung, in einwandfreiem Zustand, f\u00fcr den Wiederverkauf geeignet, unbenutzt und mit allem m\u00f6glichen Zubeh\u00f6r sein. Das R\u00fccksendepaket muss neben dem retournierten Produkt auch ein Schreiben mit den genauen und vollst\u00e4ndigen Kontaktdaten (Name, Vorname, Adresse) des Kunden sowie die Bestellnummer und die Original-Kaufrechnung enthalten. Der Betreiber erstattet dem Kunden den Betrag des Produkts innerhalb von vierzehn (14) Tagen nach Erhalt des Produkts und aller Elemente, die die Durchf\u00fchrung der R\u00fcckerstattung des Kunden erm\u00f6glichen. Diese R\u00fcckerstattung kann mit denselben Zahlungsmitteln erfolgen, die f\u00fcr den Kunden verwendet wurden. So kann der Kunde, der seine Bestellung in Form einer Gutschrift \/ eines Geschenkgutscheins bezahlt hat, nach Wunsch des Betreibers per Gutschrift \/ Geschenkgutschein zur\u00fcckerstattet werden.<\/p>\n<p><strong>ARTIKEL 10 &#8211; Haftung und Garantie<\/strong><\/p>\n<p>Der Betreiber kann nicht verantwortlich gemacht werden f\u00fcr die Nichterf\u00fcllung des Vertrages durch den Kunden oder aufgrund eines Ereignisses, das von den zust\u00e4ndigen Gerichten als h\u00f6here Gewalt eingestuft wird, oder sogar f\u00fcr die unvorhersehbare und un\u00fcberwindbare Tatsache eines Dritten. Der Betreiber kann nicht f\u00fcr Informationen verantwortlich gemacht werden, die von Kunden importiert, gespeichert und\/oder auf der Website ver\u00f6ffentlicht werden. Der Betreiber kann nicht f\u00fcr Informationen haftbar gemacht werden, die von einem Kunden auf der Website ver\u00f6ffentlicht werden, und f\u00fcr direkte oder indirekte Sch\u00e4den, die diese Nutzung einem Dritten zuf\u00fcgen k\u00f6nnte, wobei der Kunde als Ursprung der Ver\u00f6ffentlichung allein daf\u00fcr verantwortlich bleibt. Unabh\u00e4ngig von eventuell gew\u00e4hrten zus\u00e4tzlichen vertraglichen Garantien (gewerbliche Garantie) profitieren die Produkte von der gesetzlichen Konformit\u00e4tsgarantie gem\u00e4\u00df den Artikeln L. 217-4 ff. des Verbrauchergesetzbuchs (insbesondere L. 217-4 bis L. 217 -14 des Verbrauchergesetzbuchs) und die Garantie gegen versteckte M\u00e4ngel gem\u00e4\u00df den Artikeln 1641 bis 1649 des B\u00fcrgerlichen Gesetzbuchs.<\/p>\n<p>Wenn der Kunde im Rahmen der gesetzlichen Konformit\u00e4tsgew\u00e4hrleistung handelt:<\/p>\n<p>\u2013 er hat eine Frist von zwei (2) Jahren ab Lieferung der Ware, um zu handeln:<\/p>\n<p>\u2013 er kann zwischen Reparatur oder Ersatz der Ware w\u00e4hlen, vorbehaltlich der in Artikel L. 217-9 des Verbraucherschutzgesetzes vorgesehenen Kostenbedingungen;<\/p>\n<p>\u2013 er ist w\u00e4hrend der vierundzwanzig (24) Monate nach Lieferung der Ware (ausgenommen Gebrauchtware) vom Nachweis der Vertragswidrigkeit der Ware befreit.<\/p>\n<p>Er kann beschlie\u00dfen, die Garantie gegen versteckte M\u00e4ngel der verkauften Sache im Sinne von Artikel 1641 des B\u00fcrgerlichen Gesetzbuchs umzusetzen. In diesem Fall kann er zwischen der Aufl\u00f6sung des Verkaufs oder einer Minderung des Verkaufspreises gem\u00e4\u00df Artikel 1644 des B\u00fcrgerlichen Gesetzbuches w\u00e4hlen. Es wird daran erinnert, dass die Suche nach einvernehmlichen L\u00f6sungen vor einem m\u00f6glichen Gerichtsverfahren weder die Fristen f\u00fcr die Geltendmachung der gesetzlichen Garantien noch die Dauer einer m\u00f6glichen vertraglichen Garantie unterbricht.<\/p>\n<p><strong>Artikel 11 &#8211; Zuweisung der Gerichtsbarkeit und anwendbares Recht.<\/strong><\/p>\n<p>Alle Streitigkeiten im Zusammenhang mit der Auslegung oder Ausf\u00fchrung dieses Vertrages unterliegen der ausschlie\u00dflichen Zust\u00e4ndigkeit des Handelsgerichts von MEAUX, dasselbe gilt im Falle eines Gew\u00e4hrleistungsanspruchs oder mehrerer Beklagter. Der Vertrag unterliegt den Bestimmungen des franz\u00f6sischen Rechts.<\/p>\n\t\t\t\t\t\t\t\t<\/div>\n\t\t\t\t<\/div>\n\t\t\t\t\t<\/div>\n\t\t<\/div>\n\t\t\t\t\t<\/div>\n\t\t<\/section>\n\t\t\t\t<\/div>\n\t\t","protected":false},"excerpt":{"rendered":"<p>VERKAUFSBEDINGUNGEN Artikel 1: Gegenstand. Der Abschluss dieses Verkaufs impliziert die Annahme dieser Allgemeinen Gesch\u00e4ftsbedingungen, unabh\u00e4ngig von den Klauseln, die auf<\/p>\n","protected":false},"author":1,"featured_media":0,"parent":0,"menu_order":0,"comment_status":"closed","ping_status":"closed","template":"","meta":{"_seopress_robots_primary_cat":"","_seopress_titles_title":"","_seopress_titles_desc":"","_seopress_robots_index":"","footnotes":""},"class_list":["post-6053","page","type-page","status-publish","hentry"],"_links":{"self":[{"href":"https:\/\/oursfurtif.com\/de\/wp-json\/wp\/v2\/pages\/6053","targetHints":{"allow":["GET"]}}],"collection":[{"href":"https:\/\/oursfurtif.com\/de\/wp-json\/wp\/v2\/pages"}],"about":[{"href":"https:\/\/oursfurtif.com\/de\/wp-json\/wp\/v2\/types\/page"}],"author":[{"embeddable":true,"href":"https:\/\/oursfurtif.com\/de\/wp-json\/wp\/v2\/users\/1"}],"replies":[{"embeddable":true,"href":"https:\/\/oursfurtif.com\/de\/wp-json\/wp\/v2\/comments?post=6053"}],"version-history":[{"count":0,"href":"https:\/\/oursfurtif.com\/de\/wp-json\/wp\/v2\/pages\/6053\/revisions"}],"wp:attachment":[{"href":"https:\/\/oursfurtif.com\/de\/wp-json\/wp\/v2\/media?parent=6053"}],"curies":[{"name":"wp","href":"https:\/\/api.w.org\/{rel}","templated":true}]}}