{"id":5809,"date":"2021-01-03T15:53:41","date_gmt":"2021-01-03T14:53:41","guid":{"rendered":"http:\/\/oursfurtif.com\/allgemeine-nutzungsbedingungen\/"},"modified":"2023-02-18T20:58:21","modified_gmt":"2023-02-18T19:58:21","slug":"allgemeine-nutzungsbedingungen","status":"publish","type":"page","link":"https:\/\/oursfurtif.com\/de\/allgemeine-nutzungsbedingungen\/","title":{"rendered":"Allgemeine Nutzungsbedingungen"},"content":{"rendered":"\t\t<div data-elementor-type=\"wp-page\" data-elementor-id=\"5809\" class=\"elementor elementor-5809 elementor-2167\" data-elementor-post-type=\"page\">\n\t\t\t\t\t\t<section class=\"wd-negative-gap elementor-section elementor-top-section elementor-element elementor-element-f42726b elementor-section-boxed elementor-section-height-default elementor-section-height-default\" data-id=\"f42726b\" data-element_type=\"section\" data-e-type=\"section\">\n\t\t\t\t\t\t<div class=\"elementor-container elementor-column-gap-default\">\n\t\t\t\t\t<div class=\"elementor-column elementor-col-100 elementor-top-column elementor-element elementor-element-7e49831\" data-id=\"7e49831\" data-element_type=\"column\" data-e-type=\"column\">\n\t\t\t<div class=\"elementor-widget-wrap elementor-element-populated\">\n\t\t\t\t\t\t<div class=\"elementor-element elementor-element-329cc77 elementor-widget elementor-widget-heading\" data-id=\"329cc77\" data-element_type=\"widget\" data-e-type=\"widget\" data-widget_type=\"heading.default\">\n\t\t\t\t<div class=\"elementor-widget-container\">\n\t\t\t\t\t<h2 class=\"elementor-heading-title elementor-size-default\">Nutzungsbedingungen f\u00fcr Ours Furtif<\/h2>\t\t\t\t<\/div>\n\t\t\t\t<\/div>\n\t\t\t\t\t<\/div>\n\t\t<\/div>\n\t\t\t\t\t<\/div>\n\t\t<\/section>\n\t\t\t\t<section class=\"wd-negative-gap elementor-section elementor-top-section elementor-element elementor-element-c79ca6a elementor-section-boxed elementor-section-height-default elementor-section-height-default\" data-id=\"c79ca6a\" data-element_type=\"section\" data-e-type=\"section\">\n\t\t\t\t\t\t<div class=\"elementor-container elementor-column-gap-default\">\n\t\t\t\t\t<div class=\"elementor-column elementor-col-100 elementor-top-column elementor-element elementor-element-855908d\" data-id=\"855908d\" data-element_type=\"column\" data-e-type=\"column\">\n\t\t\t<div class=\"elementor-widget-wrap elementor-element-populated\">\n\t\t\t\t\t\t<div class=\"elementor-element elementor-element-48c40b2 color-scheme-inherit text-left elementor-widget elementor-widget-text-editor\" data-id=\"48c40b2\" data-element_type=\"widget\" data-e-type=\"widget\" data-widget_type=\"text-editor.default\">\n\t\t\t\t<div class=\"elementor-widget-container\">\n\t\t\t\t\t\t\t\t\t<p>LESEN SIE DIESE NUTZUNGSBEDINGUNGEN (&#8222;DIE BEDINGUNGEN&#8220;) BITTE SORGF\u00c4LTIG DURCH, BEVOR SIE EINE OURS FURTIF-PLATTFORM NUTZEN.<\/p>\n\t\t\t\t\t\t\t\t<\/div>\n\t\t\t\t<\/div>\n\t\t\t\t<div class=\"elementor-element elementor-element-59073c3 color-scheme-inherit text-left elementor-widget elementor-widget-text-editor\" data-id=\"59073c3\" data-element_type=\"widget\" data-e-type=\"widget\" data-widget_type=\"text-editor.default\">\n\t\t\t\t<div class=\"elementor-widget-container\">\n\t\t\t\t\t\t\t\t\t<p><strong style=\"font-size: 15px;\">Artikel 1 &#8211; Zweck.<\/strong><\/p>\n<p>Die vorliegenden Allgemeinen Gesch\u00e4ftsbedingungen haben zum Ziel, die Modalit\u00e4ten der Bereitstellung der Dienstleistungen der Website Oursfurtif.com zu definieren. Jeder Zugang und\/oder jede Nutzung der Website Oursfurtif.com setzt die Annahme und Einhaltung aller Bestimmungen dieser Allgemeinen Gesch\u00e4ftsbedingungen und deren bedingungslose Annahme voraus. Sie stellen daher einen Vertrag zwischen dem Dienst und dem Nutzer der Website dar. F\u00fcr den Fall, dass der Nutzer die vorliegenden Allgemeinen Gesch\u00e4ftsbedingungen ganz oder teilweise nicht akzeptieren m\u00f6chte, wird er aufgefordert, auf jegliche Nutzung des Dienstes zu verzichten.<\/p>\n<p><strong>Einige der auf der Website oursfurtif.com angebotenen Waren betreffen frei verk\u00e4ufliche Messer und sind daher ausschlie\u00dflich f\u00fcr Kunden bestimmt, die in ihrem Land, Staat und der Provinz ihres Wohnortes vollj\u00e4hrig sind. Arauzo Brothers haftet nicht im Falle eines Kaufs f\u00fcr einen Dritten.<\/strong><\/p>\n<p><strong>Artikel 2 &#8211; Rechtliche Hinweise.<\/strong><\/p>\n<p>Die Website oursfurtif.com ist Eigentum von Arauzo Brothers SARL, deren Postanschrift lautet:<\/p>\n<p>Arauzo Brothers SARL,<\/p>\n<p>35 rue du Met, 77600 Bussy St Martin<\/p>\n<p>Gesellschaft mit beschr\u00e4nkter Haftung mit einem Kapital von 1.000 Euro<\/p>\n<p>885 168 963 R.C.S. Meaux<\/p>\n<p>Die Leitung der Ver\u00f6ffentlichung der Internetseite liegt bei Herrn ARAUZO Julien.<\/p>\n<p>Der Webmaster ist Herr ARAUZO Julien.<\/p>\n<p>Das Hosting der Website wird von :<\/p>\n<p>Hetzner Online GmbH<\/p>\n<p>Industriestr. 25<\/p>\n<p>91710 Gunzenhausen<br \/>Deutschland<\/p>\n<p><strong>Artikel 3 &#8211; Zugang zum Dienst.<\/strong><\/p>\n<p>Der Zugang zu den redaktionellen Inhalten der Website oursfurtif.com, ist v\u00f6llig frei und kostenlos.<\/p>\n<p>Die Nutzung der spezifischen Dienste setzt voraus, dass der Nutzer ein Registrierungsverfahren einh\u00e4lt, bei dem er seine Kontaktdaten angeben muss. Der Nutzer verpflichtet sich, daf\u00fcr zu sorgen, dass die mitgeteilten Informationen, insbesondere die pers\u00f6nlichen Informationen, richtig, vollst\u00e4ndig und aktuell sind, und die daf\u00fcr notwendigen \u00c4nderungen vorzunehmen. Bei diesem Registrierungsverfahren wird ein pers\u00f6nliches Konto f\u00fcr den Nutzer eingerichtet. Es ist nicht erlaubt, mehr als ein Konto pro nat\u00fcrlicher Person einzurichten. Im Rahmen dieses Verfahrens erkl\u00e4rt der Nutzer, dass er die vorliegenden Allgemeinen Nutzungsbedingungen, die am Tag der Anmeldung f\u00fcr die spezifischen Dienste gelten, zur Kenntnis genommen und ausdr\u00fccklich akzeptiert hat, sobald er das Anmeldeformular absendet, in dem der Satz <strong><em>&#8222;Mit der Anmeldung erkl\u00e4rst du, dass du die Nutzungsbedingungen von oursfurtif.com gelesen hast und ihnen zustimmst&#8220;.<\/em><\/strong> Jede Annahme, die der Nutzer durch Klicken oder Dr\u00fccken der Eingabetaste zum Ausdruck bringt, gilt als Unterschrift wie seine handschriftliche Unterschrift. Durch das Ausf\u00fchren dieses Klicks oder Unterst\u00fctzens wird davon ausgegangen, dass der Nutzer unwiderruflich sein Einverst\u00e4ndnis gegeben hat. Der Nutzer der Website best\u00e4tigt, dass er \u00fcber die notwendigen F\u00e4higkeiten und Mittel verf\u00fcgt, um auf diese Website zuzugreifen und sie zu nutzen. Der Nutzer der Website erkennt an, dass er die verwendete Computerkonfiguration auf Viren \u00fcberpr\u00fcft hat und dass sie sich in einem einwandfreien Betriebszustand befindet. Der Nutzer erkennt an, dass er dar\u00fcber informiert wurde, dass die Website von oursfurtif.com 24 Stunden am Tag und 7 Tage die Woche zug\u00e4nglich ist, mit Ausnahme von F\u00e4llen h\u00f6herer Gewalt, Computerschwierigkeiten, Schwierigkeiten aufgrund der Struktur von Telekommunikationsnetzen oder technischen Schwierigkeiten. Wir bem\u00fchen uns, innerhalb von 48 Stunden (zwei Werktage) auf Ihre Bestellanfragen zu antworten. Unsere Antwortzeiten sind jedoch unverbindlich und k\u00f6nnen je nach unserer Arbeitsbelastung variieren. Unsere Leistungen stehen Privatpersonen und Unternehmen mit Sitz in Frankreich und im Ausland zur Verf\u00fcgung. Au\u00dfer auf ausdr\u00fccklichen Wunsch werden unsere Dokumente ausschlie\u00dflich in franz\u00f6sischer Sprache verfasst.<\/p>\n<p><strong>Artikel 4 &#8211; Haftungsgrenzen.<\/strong><\/p>\n<p>Die auf der Website bereitgestellten Informationen sind unverbindlich. oursfurtif.com \u00fcbernimmt keine Garantie f\u00fcr die Richtigkeit, Vollst\u00e4ndigkeit und Aktualit\u00e4t der auf seiner Website verbreiteten Informationen. Dementsprechend erkennt der Nutzer an, dass er diese Informationen auf eigene Verantwortung nutzt.<\/p>\n<p><strong>Artikel 5 &#8211; Pers\u00f6nliche Daten.<\/strong><\/p>\n<p>Der Nutzer wird dar\u00fcber informiert, dass gem\u00e4\u00df Artikel 32 des Gesetzes \u00fcber Informatik, Dateien und Freiheiten vom 6. Januar 1978 die Informationen, die der Nutzer \u00fcber die Formulare auf der Website \u00fcbermittelt, notwendig sind, um seine Anfrage zu beantworten, und von oursfurtif.com f\u00fcr die administrative und kommerzielle Verwaltung verwendet werden. Ihre pers\u00f6nlichen Daten werden nicht an Dritte weitergegeben oder ohne Ihre Zustimmung verwendet.<\/p>\n<p>Der Nutzer wird dar\u00fcber informiert, dass er ein Recht auf Zugang und Berichtigung der ihn betreffenden Daten hat, das er aus\u00fcben kann:<\/p>\n<p>&#8211; Durch das Senden einer E-Mail an die Rubrik Kontakt auf der Website: contact@oursfurtif.com.<\/p>\n<p>&#8211; Indem Sie an schreiben: Arauzo Brothers, Customer Service &#8211; 35, rue du Met &#8211; 77600 Bussy-Saint-Martin &#8211; Frankreich.<\/p>\n<p>F\u00fcr per Post gestellte Antr\u00e4ge: Geben Sie Ihren Vor- und Nachnamen sowie Ihre E-Mail-Adresse an und f\u00fcgen Sie die Kopie eines Identit\u00e4tsnachweises mit Angabe Ihres Geburtsdatums bei.<\/p>\n<p>Es wird um eine Frist von h\u00f6chstens 15 Tagen gebeten, bevor der Antrag des Nutzers ber\u00fccksichtigt wird.<\/p>\n<p>Der Nutzer wird dar\u00fcber informiert, dass ein Cookie auf seinem Computer installiert werden kann. Ein &#8222;Cookie&#8220; ist eine Textdatei, die Informationen \u00fcber Ihre Navigation auf unserer Website speichert. Diese Datei, die bei einer Konsultation durch unsere Website auf dem Computer des Nutzers platziert wird, kann keine Viren enthalten und auch nicht ausgef\u00fchrt werden, da sie nicht aktiv ist. Au\u00dferdem k\u00f6nnen Sie sie lesen, zerst\u00f6ren oder ver\u00e4ndern. Dieses &#8222;Cookie&#8220; kann nicht dazu verwendet werden, Ihre E-Mail-Adresse abzurufen oder sich pers\u00f6nliche Informationen zu beschaffen. Die Nutzer der Website oursfurtif.com sind verpflichtet, die Bestimmungen des Gesetzes \u00fcber Informatik, Dateien und Freiheitsrechte einzuhalten, deren Verletzung strafrechtlich geahndet werden kann. Die Nutzer der Website oursfurtif.com m\u00fcssen insbesondere jede Sammlung, jede zweckentfremdete Nutzung und generell jede Handlung unterlassen, die das Privatleben oder den Ruf von Personen beeintr\u00e4chtigen k\u00f6nnte.<\/p>\n<p><strong>Artikel 6 &#8211; Geistiges Eigentum.<\/strong><\/p>\n<p>Die allgemeine Struktur sowie die Dokumente, Texte, Bilder und alle anderen Elemente der Website sind ausschlie\u00dfliches Eigentum von oursfurtif.com. Jede vollst\u00e4ndige oder teilweise Darstellung dieser Website durch ein beliebiges Verfahren ohne die ausdr\u00fcckliche Genehmigung von oursfurtif.com ist untersagt. Die Marken sowie die Logos auf unserer Seite sind eingetragene Marken.<\/p>\n<p><strong>Artikel 7 &#8211; Hyperlinks.<\/strong><\/p>\n<p>F\u00fcr Hyperlinks, die im Rahmen unserer Website zu anderen Ressourcen im Internet und insbesondere zu seinen Partnern eingerichtet wurden, kann oursfurtif.com nicht haftbar gemacht werden. Nutzer und Besucher der Website d\u00fcrfen ohne die ausdr\u00fcckliche und vorherige Genehmigung von oursfurtif.com keinen Link zu dieser Website setzen. Falls ein Nutzer oder Besucher einen Link zur Website von oursfurtif.com einrichten m\u00f6chte, muss er sich an den Webmaster der Website wenden, indem er eine E-Mail an die Rubrik Kontakt auf der Website sendet: contact@oursfurtif.com. Um einen Antrag auf Einrichtung eines Links zu formulieren.<\/p>\n<p><strong>Artikel 8 &#8211; Entwicklung dieser Allgemeinen Gesch\u00e4ftsbedingungen f\u00fcr die Nutzung der Website.<\/strong><\/p>\n<p>Oursfurtif.com beh\u00e4lt sich das Recht vor, die Bedingungen und Hinweise dieses Vertrags jederzeit zu \u00e4ndern. Dem Nutzer wird empfohlen, regelm\u00e4\u00dfig die neueste Version der Allgemeinen Nutzungsbedingungen der Website zu \u00fcberpr\u00fcfen, die online auf der Website oursfurtif.com verf\u00fcgbar ist.<\/p>\n<p><strong>Artikel 9 &#8211; Dauer und K\u00fcndigung.<\/strong><\/p>\n<p>Dieser Vertrag wird f\u00fcr einen unbestimmten Zeitraum ab der Nutzung des Dienstes durch den Nutzer geschlossen. Ein Versto\u00df gegen eine der Bedingungen f\u00fchrt zur sofortigen Beendigung unserer Dienste, und in keinem Fall haftet oursfurtif.com.<\/p>\n\t\t\t\t\t\t\t\t<\/div>\n\t\t\t\t<\/div>\n\t\t\t\t\t<\/div>\n\t\t<\/div>\n\t\t\t\t\t<\/div>\n\t\t<\/section>\n\t\t\t\t<\/div>\n\t\t","protected":false},"excerpt":{"rendered":"<p>Nutzungsbedingungen f\u00fcr Ours Furtif LESEN SIE DIESE NUTZUNGSBEDINGUNGEN (&#8222;DIE BEDINGUNGEN&#8220;) BITTE SORGF\u00c4LTIG DURCH, BEVOR SIE EINE OURS FURTIF-PLATTFORM NUTZEN. Artikel<\/p>\n","protected":false},"author":1,"featured_media":0,"parent":0,"menu_order":0,"comment_status":"closed","ping_status":"closed","template":"","meta":{"_seopress_robots_primary_cat":"","_seopress_titles_title":"","_seopress_titles_desc":"","_seopress_robots_index":"","footnotes":""},"class_list":["post-5809","page","type-page","status-publish","hentry"],"_links":{"self":[{"href":"https:\/\/oursfurtif.com\/de\/wp-json\/wp\/v2\/pages\/5809","targetHints":{"allow":["GET"]}}],"collection":[{"href":"https:\/\/oursfurtif.com\/de\/wp-json\/wp\/v2\/pages"}],"about":[{"href":"https:\/\/oursfurtif.com\/de\/wp-json\/wp\/v2\/types\/page"}],"author":[{"embeddable":true,"href":"https:\/\/oursfurtif.com\/de\/wp-json\/wp\/v2\/users\/1"}],"replies":[{"embeddable":true,"href":"https:\/\/oursfurtif.com\/de\/wp-json\/wp\/v2\/comments?post=5809"}],"version-history":[{"count":0,"href":"https:\/\/oursfurtif.com\/de\/wp-json\/wp\/v2\/pages\/5809\/revisions"}],"wp:attachment":[{"href":"https:\/\/oursfurtif.com\/de\/wp-json\/wp\/v2\/media?parent=5809"}],"curies":[{"name":"wp","href":"https:\/\/api.w.org\/{rel}","templated":true}]}}