{"id":5798,"date":"2021-05-12T20:31:04","date_gmt":"2021-05-12T18:31:04","guid":{"rendered":"http:\/\/oursfurtif.com\/ueber-uns\/"},"modified":"2024-06-10T13:16:36","modified_gmt":"2024-06-10T11:16:36","slug":"ueber-uns","status":"publish","type":"page","link":"https:\/\/oursfurtif.com\/de\/ueber-uns\/","title":{"rendered":"\u00dcber uns"},"content":{"rendered":"\t\t<div data-elementor-type=\"wp-page\" data-elementor-id=\"5798\" class=\"elementor elementor-5798 elementor-3058\" data-elementor-post-type=\"page\">\n\t\t\t\t\t\t<section class=\"wd-negative-gap elementor-section elementor-top-section elementor-element elementor-element-2e7a799 elementor-section-boxed elementor-section-height-default elementor-section-height-default\" data-id=\"2e7a799\" data-element_type=\"section\" data-e-type=\"section\">\n\t\t\t\t\t\t<div class=\"elementor-container elementor-column-gap-default\">\n\t\t\t\t\t<div class=\"elementor-column elementor-col-100 elementor-top-column elementor-element elementor-element-3f17042\" data-id=\"3f17042\" data-element_type=\"column\" data-e-type=\"column\">\n\t\t\t<div class=\"elementor-widget-wrap elementor-element-populated\">\n\t\t\t\t\t\t<div class=\"elementor-element elementor-element-66ab72e elementor-widget elementor-widget-image\" data-id=\"66ab72e\" data-element_type=\"widget\" data-e-type=\"widget\" data-widget_type=\"image.default\">\n\t\t\t\t<div class=\"elementor-widget-container\">\n\t\t\t\t\t\t\t\t\t\t\t\t\t\t\t<img decoding=\"async\" width=\"300\" height=\"205\" src=\"https:\/\/oursfurtif.com\/wp-content\/uploads\/2019\/12\/cropped-Ours-Furtif-300x205.png\" class=\"attachment-medium size-medium wp-image-4931\" alt=\"\" srcset=\"https:\/\/oursfurtif.com\/wp-content\/uploads\/2019\/12\/cropped-Ours-Furtif-300x205.png 300w, https:\/\/oursfurtif.com\/wp-content\/uploads\/2019\/12\/cropped-Ours-Furtif-150x103.png 150w, https:\/\/oursfurtif.com\/wp-content\/uploads\/2019\/12\/cropped-Ours-Furtif-600x410.png 600w, https:\/\/oursfurtif.com\/wp-content\/uploads\/2019\/12\/cropped-Ours-Furtif.png 699w\" sizes=\"(max-width: 300px) 100vw, 300px\" \/>\t\t\t\t\t\t\t\t\t\t\t\t\t\t\t<\/div>\n\t\t\t\t<\/div>\n\t\t\t\t<div class=\"elementor-element elementor-element-b146a55 text-center color-scheme-inherit elementor-widget elementor-widget-text-editor\" data-id=\"b146a55\" data-element_type=\"widget\" data-e-type=\"widget\" data-widget_type=\"text-editor.default\">\n\t\t\t\t<div class=\"elementor-widget-container\">\n\t\t\t\t\t\t\t\t\t<p>Ours Furtif ist eine franz\u00f6sische Marke, die Campern, Wanderern, \u00dcberlebensk\u00fcnstlern und Bushcraft-Enthusiasten dabei helfen will, sich bei ihren Outdoor-Ausfl\u00fcgen mit dem N\u00f6tigsten zum \u00dcberleben auszustatten.&nbsp;<\/p>\n<p>In unserem Shop werden Sie Produkte entdecken, die wir f\u00fcr Sie ausgew\u00e4hlt haben, um Sie bei der Wahl Ihrer Ausr\u00fcstung bestm\u00f6glich zu unterst\u00fctzen. Wir bieten auch unsere eigenen Produkte an, wie z. B. unseren ber\u00fchmten Feuerstein.<\/p>\n<p><span style=\"font-size: 16px; color: var( --e-global-color-1db94b08 );\">Auf unserem Blog finden Sie auch verschiedene Ratgeber, die Sie bei der Auswahl Ihrer Campingausr\u00fcstung beraten oder Ihnen mehr \u00fcber \u00dcberlebenstechniken und die Verwendung unserer Produkte beibringen.<br \/><\/span><span style=\"color: var( --e-global-color-1db94b08 ); font-size: 16px;\">(Feuer machen, Paracord-Armband benutzen, \u00dcberlebensmesser, nat\u00fcrliche Brennstoffe, ein Lager errichten)<\/span><\/p>\n<p><span style=\"font-size: 16px; color: var( --e-global-color-1db94b08 );\">Wir stellen uns st\u00e4ndig in Frage und h\u00f6ren unseren Kunden zu, um unsere Produkte zu verbessern, damit sie den Anforderungen bestm\u00f6glich entsprechen.<\/span><\/p>\n\t\t\t\t\t\t\t\t<\/div>\n\t\t\t\t<\/div>\n\t\t\t\t\t<\/div>\n\t\t<\/div>\n\t\t\t\t\t<\/div>\n\t\t<\/section>\n\t\t\t\t<\/div>\n\t\t","protected":false},"excerpt":{"rendered":"<p>Ours Furtif ist eine franz\u00f6sische Marke, die Campern, Wanderern, \u00dcberlebensk\u00fcnstlern und Bushcraft-Enthusiasten dabei helfen will, sich bei ihren Outdoor-Ausfl\u00fcgen mit<\/p>\n","protected":false},"author":1,"featured_media":0,"parent":0,"menu_order":0,"comment_status":"closed","ping_status":"closed","template":"","meta":{"_seopress_robots_primary_cat":"","_seopress_titles_title":"Ours Furtif - Eine franz\u00f6sische Marke, die ihren Kunden zuh\u00f6rt","_seopress_titles_desc":"Finden Sie wirksame, einfache und nicht \u00fcberfl\u00fcssige Produkte f\u00fcr Ihre Ausfl\u00fcge in die Natur und lernen Sie alle Feinheiten des \u00dcberlebens kennen.","_seopress_robots_index":"","footnotes":""},"class_list":["post-5798","page","type-page","status-publish","hentry"],"_links":{"self":[{"href":"https:\/\/oursfurtif.com\/de\/wp-json\/wp\/v2\/pages\/5798","targetHints":{"allow":["GET"]}}],"collection":[{"href":"https:\/\/oursfurtif.com\/de\/wp-json\/wp\/v2\/pages"}],"about":[{"href":"https:\/\/oursfurtif.com\/de\/wp-json\/wp\/v2\/types\/page"}],"author":[{"embeddable":true,"href":"https:\/\/oursfurtif.com\/de\/wp-json\/wp\/v2\/users\/1"}],"replies":[{"embeddable":true,"href":"https:\/\/oursfurtif.com\/de\/wp-json\/wp\/v2\/comments?post=5798"}],"version-history":[{"count":0,"href":"https:\/\/oursfurtif.com\/de\/wp-json\/wp\/v2\/pages\/5798\/revisions"}],"wp:attachment":[{"href":"https:\/\/oursfurtif.com\/de\/wp-json\/wp\/v2\/media?parent=5798"}],"curies":[{"name":"wp","href":"https:\/\/api.w.org\/{rel}","templated":true}]}}